{"id":906,"date":"2012-04-02T10:12:22","date_gmt":"2012-04-02T10:12:22","guid":{"rendered":"http:\/\/oin.at\/?page_id=906"},"modified":"2016-12-06T10:50:47","modified_gmt":"2016-12-06T10:50:47","slug":"eva-lacher","status":"publish","type":"page","link":"https:\/\/old.oin.at\/?page_id=906","title":{"rendered":"Alexis Sancho-Reinoso"},"content":{"rendered":"<table id=\"team-table\">\n<tbody>\n<tr>\n<td class=\"first\"><img loading=\"lazy\" class=\"teamImages\" title=\"Alexis Sancho-Reinoso\" src=\"images_seiten\/team_sancho.jpg\" alt=\"\" width=\"150\" height=\"175\" \/><\/td>\n<td class=\"second\"><img class=\"teamImages_Schriftzug2\" title=\"Alexis Sancho-Reinoso\" src=\"images_seiten\/team_sancho_2.png\" alt=\"\" \/><\/p>\n<div id=\"teamContact\">alexis.sancho-reinoso@oin.at<br \/>\nTel   + 43 1 524 6847  DW 16<\/div>\n<\/td>\n<\/tr>\n<\/tbody>\n<\/table>\n<div id=\"team-vitae2\">\n<p>Master- und Doktoratsstudium aus Geographie, Raumplanung und Umweltmanagement an der Universit\u00e4t Barcelona, Projektmitarbeiter an der Universit\u00e4t Barcelona und am Zentrum f\u00fcr Globalen Wandel und Nachhaltigkeit der Universit\u00e4t f\u00fcr Bodenkultur Wien, Forschungsaufenthalte in Nepal und in Graz, seit 2016 wissenschaftlicher Mitarbeiter am \u00d6IN. Schwerpunkte am \u00d6IN: Klimaforschung, nachhaltige Lebensqualit\u00e4t, Stadt der Zukunft, nachhaltige Mobilit\u00e4t, Nachhaltigkeitsbewertung,  gro\u00dfe Transformation und Governance<\/p>\n<p>Interesse an der Mitgestaltung einer Wende hin zur solidarischen und sozial ausgewogenen nachhaltigen Entwicklung von Gesellschaft und Wirtschaft und deren r\u00e4umliche Auswirkungen speziell auf die Stadt-Land-Beziehungen.<\/p>\n<\/div>\n","protected":false},"excerpt":{"rendered":"<p>alexis.sancho-reinoso@oin.at Tel + 43 1 524 6847 DW 16 Master- und Doktoratsstudium aus Geographie, Raumplanung und Umweltmanagement an der Universit\u00e4t Barcelona, Projektmitarbeiter an der Universit\u00e4t &hellip; <br \/><a class=\"read-more\" href=\"https:\/\/old.oin.at\/?page_id=906\">Weiterlesen <span class=\"meta-nav\">&rarr;<\/span><\/a><\/p>\n","protected":false},"author":1,"featured_media":0,"parent":15,"menu_order":0,"comment_status":"closed","ping_status":"open","template":"","meta":[],"_links":{"self":[{"href":"https:\/\/old.oin.at\/index.php?rest_route=\/wp\/v2\/pages\/906"}],"collection":[{"href":"https:\/\/old.oin.at\/index.php?rest_route=\/wp\/v2\/pages"}],"about":[{"href":"https:\/\/old.oin.at\/index.php?rest_route=\/wp\/v2\/types\/page"}],"author":[{"embeddable":true,"href":"https:\/\/old.oin.at\/index.php?rest_route=\/wp\/v2\/users\/1"}],"replies":[{"embeddable":true,"href":"https:\/\/old.oin.at\/index.php?rest_route=%2Fwp%2Fv2%2Fcomments&post=906"}],"version-history":[{"count":21,"href":"https:\/\/old.oin.at\/index.php?rest_route=\/wp\/v2\/pages\/906\/revisions"}],"predecessor-version":[{"id":2962,"href":"https:\/\/old.oin.at\/index.php?rest_route=\/wp\/v2\/pages\/906\/revisions\/2962"}],"up":[{"embeddable":true,"href":"https:\/\/old.oin.at\/index.php?rest_route=\/wp\/v2\/pages\/15"}],"wp:attachment":[{"href":"https:\/\/old.oin.at\/index.php?rest_route=%2Fwp%2Fv2%2Fmedia&parent=906"}],"curies":[{"name":"wp","href":"https:\/\/api.w.org\/{rel}","templated":true}]}}