{"id":898,"date":"2012-04-02T09:18:56","date_gmt":"2012-04-02T09:18:56","guid":{"rendered":"http:\/\/oin.at\/?page_id=898"},"modified":"2016-12-12T15:00:18","modified_gmt":"2016-12-12T15:00:18","slug":"annette-zeinlinger","status":"publish","type":"page","link":"https:\/\/old.oin.at\/?page_id=898","title":{"rendered":"Annette Zeinlinger"},"content":{"rendered":"<table id=\"team-table\">\n<tbody>\n<tr>\n<td class=\"first\"><img loading=\"lazy\" class=\"teamImages\" title=\"Annette Zeinlinger\" src=\"images_seiten\/team_zeinlinger.jpg\" alt=\"\" width=\"150\" height=\"175\" \/><\/td>\n<td class=\"second\"><img class=\"teamImages_Schriftzug3\" title=\"Annette Zeinlinger\" src=\"images_seiten\/team_zeinlinger_2.png\" alt=\"\" \/><\/p>\n<div id=\"teamContact\">office@oin.at<br \/>\nTel  + 43 1 524 6847  DW 11<\/div>\n<\/td>\n<\/tr>\n<\/tbody>\n<\/table>\n<div id=\"team-vitae2\">\n<p>HTL f\u00fcr Bautechnik und Umwelttechnik, individuelles Diplomstudium der \u201eLandschaftsplanung und -pflege\u201c an der Universit\u00e4t f\u00fcr Bodenkultur und an der TU Wien, internationale Projektleiterin u.a. bei S\u00fcdwind N\u00d6 S\u00fcd und Klimab\u00fcndnis \u00d6sterreich,  Ausbildung zur Abfallbeauftragten und Umweltbeauftragten,  seit 2012 am \u00d6IN. Schwerpunkte: \u00fcbergeordnetes Projektmanagement, Projektcontrolling, Projektabrechnungen, Personalverwaltung, projekt\u00fcbergreifende Netzwerkfunktion und Kommunikation nach au\u00dfen.<\/p>\n<p>Interesse an nachhaltiger Regionalentwicklung, an der Wissensvermittlung zu nachhaltigen Energiesystemen und Lebensqualit\u00e4tsregionen (insbesondere auch an junge Menschen) sowie an der Verkn\u00fcpfung sozialer, \u00f6konomischer und \u00f6kologischer Aspekte der Nachhaltigkeit.<\/p>\n<\/div>\n","protected":false},"excerpt":{"rendered":"<p>office@oin.at Tel + 43 1 524 6847 DW 11 HTL f\u00fcr Bautechnik und Umwelttechnik, individuelles Diplomstudium der \u201eLandschaftsplanung und -pflege\u201c an der Universit\u00e4t f\u00fcr Bodenkultur &hellip; <br \/><a class=\"read-more\" href=\"https:\/\/old.oin.at\/?page_id=898\">Weiterlesen <span class=\"meta-nav\">&rarr;<\/span><\/a><\/p>\n","protected":false},"author":1,"featured_media":0,"parent":15,"menu_order":0,"comment_status":"closed","ping_status":"open","template":"","meta":[],"_links":{"self":[{"href":"https:\/\/old.oin.at\/index.php?rest_route=\/wp\/v2\/pages\/898"}],"collection":[{"href":"https:\/\/old.oin.at\/index.php?rest_route=\/wp\/v2\/pages"}],"about":[{"href":"https:\/\/old.oin.at\/index.php?rest_route=\/wp\/v2\/types\/page"}],"author":[{"embeddable":true,"href":"https:\/\/old.oin.at\/index.php?rest_route=\/wp\/v2\/users\/1"}],"replies":[{"embeddable":true,"href":"https:\/\/old.oin.at\/index.php?rest_route=%2Fwp%2Fv2%2Fcomments&post=898"}],"version-history":[{"count":23,"href":"https:\/\/old.oin.at\/index.php?rest_route=\/wp\/v2\/pages\/898\/revisions"}],"predecessor-version":[{"id":2966,"href":"https:\/\/old.oin.at\/index.php?rest_route=\/wp\/v2\/pages\/898\/revisions\/2966"}],"up":[{"embeddable":true,"href":"https:\/\/old.oin.at\/index.php?rest_route=\/wp\/v2\/pages\/15"}],"wp:attachment":[{"href":"https:\/\/old.oin.at\/index.php?rest_route=%2Fwp%2Fv2%2Fmedia&parent=898"}],"curies":[{"name":"wp","href":"https:\/\/api.w.org\/{rel}","templated":true}]}}