{"id":855,"date":"2012-01-24T18:24:07","date_gmt":"2012-01-24T18:24:07","guid":{"rendered":"http:\/\/oin.at\/?page_id=855"},"modified":"2016-01-12T11:27:02","modified_gmt":"2016-01-12T11:27:02","slug":"projekte_energiearmut","status":"publish","type":"page","link":"https:\/\/old.oin.at\/?page_id=855","title":{"rendered":"Projekte_Energiearmut"},"content":{"rendered":"<p id=\"projekte-header-small\">Pilotprojekt gegen Energiearmut\u2013 Durchf\u00fchrung, Evaluation und Programm gegen Energiearmut<\/p>\n<p>Im Rahmen der Programmlinie \u201eNeue Energien 2020\u201c (Klima- und Energiefonds, FFG); <strong>Laufzeit:<\/strong> Jan 2012 \u2013 Jun 2014<\/p>\n<p><strong>Projektleitung:<\/strong> Dr. Anja Christanell (\u00d6IN)<\/p>\n<p><strong>Projektbearbeitung:<\/strong> Sylvia Mandl, MSc, Mag. Michaela Leitner (\u00d6IN), A.o.Univ.Prof.Dr. Karl-Michael Brunner (Wirtschaftsuniversit\u00e4t Wien), Mag. Andrea Jamek (\u00d6sterreichische Energieagentur), Dipl. Ing. Dr. Katharina Kirsch-Soriano da Silva (Caritas Wien), Mag. Caroline Nwafor (Caritas \u00d6sterreich), Gerhard Schmid, Dr. Claudio Tedeschi (Caritas Vorarlberg)<\/p>\n<p><a id=\"vorstand_link\" href=\"http:\/\/www.energiearmut.org\">Informationsplattform zu Energiearmut in \u00d6sterreich<\/a><\/p>\n<p>Im Projekt wurden in \u00fcber 400 \u00f6sterreichischen Haushalten Ma\u00dfnahmen gegen Energiearmut (v.a. Energieberatung, Ger\u00e4tetausch) durchgef\u00fchrt. Dabei wurden drei vorhandene bzw. im Aufbau befindliche Projekte der Caritas wissenschaftlich begleitet (Verbund Stromhilfefonds der Caritas, Stromspar-Check, Gr\u00e4tzeleltern).<\/p>\n<p>Die Hauptziele lagen in der Steigerung der Energieeffizienz und der Verringerung der Belastungssituationen durch Energiearmut in den Haushalten. Durch die Evaluierung der drei Praxisprojekte konnte die Wirksamkeit (CO2-Reduktion, Energieeinsparungen, Verringerung der Belastungssituationen) des Beratungsangebots (u.a. Zufriedenheit der KundInnen, Bed\u00fcrfnisse der EnergieberaterInnen und SozialarbeiterInnen, Logistik) weiterentwickelt werden.<\/p>\n<p>Basierend auf den Ergebnissen der Evaluation, der Analyse internationaler Programme und Projekte sowie der bestehenden Literatur zu Energiearmut wurden Empfehlungen erarbeitet, die f\u00fcr eine Umsetzung in \u00d6sterreich geeignet sind. In einem intensiven Stakeholderdialog (Online-Befragung; Gurppendiskussionen) wurden die Empfehlungen auf ihre Umsetzbarkeit gepr\u00fcft und ein praxisnahes Programm gegen Energiearmut ausgearbeitet.<\/p>\n<p>Ergebnisse sind eine Potenzialanalyse bei Umsetzung der Ma\u00dfnahmen in ganz \u00d6sterreich, die Evaluierung der Beratungsangebote und darauf aufbauende Empfehlungen f\u00fcr eine Umsetzung in \u00d6sterreich, ein umfassender Ma\u00dfnahmenkatalog mit aufgearbeiteten internationalen Best Practices und ein umsetzungsorientiertes und auf \u00d6sterreich zugeschnittenes Programm gegen Energiearmut.<\/p>\n<p class=\"projekt-div-header\"><img id=\"teamImages_publikationen\" title=\"Publikationen\" src=\"images_seiten\/InnerHeader_Publikationen.png\" alt=\"\" \/><\/p>\n<p>Brunner, Karl-Michael; Christanell, Anja; Mandl, Sylvia (2016): Energiearmut in \u00d6sterreich: Erfahrungen, Umgangsweisen und Folgen. In: Gro\u00dfmann, Katrin; Schaffrin, Andr\u00e9; Smigiel, Christian (Hg.), Energie und soziale Ungleichheit: Zur gesellschaftlichen Dimension der Energiewende in Deutschland und Europa. Berlin: Springer. (im Erscheinen)<\/p>\n<p>Brunner, Karl-Michael; Mandl, Sylvia; Christanell, Anja; Leitner, Michaela; Kirsch-Soriano da Silva, Katharina (2015): Local action against fuel poverty in Austria. Proceedings der ECEEE 2015 Summer Study \u201cenergy efficiency: Keeping energy efficiency on the top of the agenda\u201d, 01.-06.06.2015, Presqu\u2019\u00eele de Giens, Frankreich.<\/p>\n<p>Christanell, Anja; Mandl, Sylvia; Leitner, Michaela; Brunner, Karl-Michael; Jamek, Andrea; Kirsch-Soriano da Silva, Katharina; Nwafor, Caroline; Schmid, Gerhard (2014). Pilotprojekt gegen Energiearmut. Endbericht. Wien: \u00d6sterreichisches Institut f\u00fcr Nachhaltige Entwicklung.<br \/>\n<a id=\"artikeldownload\" href=\"http:\/\/oin.at\/_publikationen\/PublikationenNEU\/Forschungsberichte\/Endbericht_PilotprojektGegenEnergiearmut.pdf\" target=\"_blank\"><img class=\"headerImagesForPages\" title=\"download\" src=\"images\/download_arrow.png\" alt=\"\" \/>Download Endbericht<\/a><br \/>\n<a id=\"artikeldownload\" href=\"http:\/\/oin.at\/_publikationen\/PublikationenNEU\/Forschungsberichte\/Kurzfassung_Endbericht_PilotprojektGegenEnergiearmut.pdf\" target=\"_blank\"><img class=\"headerImagesForPages\" title=\"download\" src=\"images\/download_arrow.png\" alt=\"\" \/>Download Kurzfassung Endbericht<\/a><\/p>\n<p>Christanell, Anja; Mandl, Sylvia; Leitner, Michaela; Brunner, Karl-Michael; Kirsch-Soriano da Silva, Katharina; Nwafor, Caroline; Jamek, Andrea; Tedeschi, Claudio (2014): Energiearmut. F\u00fcr eine sozial gerechtere Gestaltung der Energiezukunft \u2013 Ein Team aus Wissenschaft und Praxis stellt sich vor. SOZIALE TECHNIK, 2014, Jg. 24, Heft 4, 11-14. <a id=\"artikeldownload\" href=\"http:\/\/www.sts.aau.at\/Publikationen\/Zeitschrift-SOZIALE-TECHNIK\" target=\"_blank\"><img class=\"headerImagesForPages\" title=\"link\" src=\"images\/download_arrow.png\" alt=\"\" \/>link<\/a><\/p>\n<p>Brunner, Karl-Michael; Christanell, Anja (2014): KonsumentInnenverantwortung f\u00fcr Nachhaltigkeit? Am Beispiel Energiearmut. In: Tomaschek, Nino; Streinzer, Andreas (Hg.), Verantwortung: \u00dcber das Handeln in einer komplexen Welt. M\u00fcnster: Waxmann Verlag, 43-60. <a id=\"artikeldownload\" href=\"http:\/\/www.waxmann.com\/index.php?id=buecher&#038;no_cache=1&#038;tx_p2waxmann_pi1[autor]=PER103251&#038;tx_p2waxmann_pi1[buch]=BUC123946\" target=\"_blank\"><img class=\"headerImagesForPages\" title=\"link\" src=\"images\/download_arrow.png\" alt=\"\" \/>link<\/a><\/p>\n<p>Brunner, Karl-Michael; Mandl, Sylvia (2014): Energy Consumption and Social Inequality. The Problem of Fuel Poverty. In: Reiter, Sigrid (Hg.), Energy Consumption. Impacts of Human Activity, Current and Future Challenges, Environmental and Socio-economic Effects. New York: Nova Science Publishers, 167-184. <a id=\"artikeldownload\" href=\"https:\/\/www.novapublishers.com\/catalog\/product_info.php?products_id=46883\" target=\"_blank\"><img class=\"headerImagesForPages\" title=\"link\" src=\"images\/download_arrow.png\" alt=\"\" \/>link<\/a><\/p>\n<p>Brunner, Karl-Michael; Mandl, Sylvia; Christanell, Anja (2013): From local to national: Tackling fuel poverty in Austria. Proceedings der ECEEE 2013 Summer Study, 03.-08.06.2013, Belambra Presqu\u2019\u00eele de Giens, Frankreich. <a id=\"artikeldownload\" href=\"http:\/\/oin.at\/_publikationen\/PublikationenNEU\/Fachartikel\/Brunner.pdf\" target=\"_blank\"><img class=\"headerImagesForPages\" title=\"download\" src=\"images\/download_arrow.png\" alt=\"\" \/>download<\/a><\/p>\n<p>Mandl, Sylvia; Christanell, Anja (2012): Pilotprojekt gegen Energiearmut. Durchf\u00fchrung, Evaluation und Programm gegen Energiearmut. Zwischenbericht. Wien: \u00d6sterreichisches Institut f\u00fcr Nachhaltige Entwicklung.<\/p>\n<p>Christanell, Anja; Brunner, Karl-Michael (2012): Eineinhalb Kilometer entfernt. Energiearmut, eine Verteilungsfrage. KSOE Dossier, 2012, Nr. 09, 15-17. <a id=\"artikeldownload\" href=\"http:\/\/www.ksoe.at\/ksoe\/index.php?option=com_content&amp;task=view&amp;id=614&amp;Itemid=223\" target=\"_blank\"><img class=\"headerImagesForPages\" title=\"link\" src=\"images\/download_arrow.png\" alt=\"\" \/>link<\/a><\/p>\n","protected":false},"excerpt":{"rendered":"<p>Pilotprojekt gegen Energiearmut\u2013 Durchf\u00fchrung, Evaluation und Programm gegen Energiearmut Im Rahmen der Programmlinie \u201eNeue Energien 2020\u201c (Klima- und Energiefonds, FFG); Laufzeit: Jan 2012 \u2013 Jun &hellip; <br \/><a class=\"read-more\" href=\"https:\/\/old.oin.at\/?page_id=855\">Weiterlesen <span class=\"meta-nav\">&rarr;<\/span><\/a><\/p>\n","protected":false},"author":1,"featured_media":0,"parent":21,"menu_order":0,"comment_status":"closed","ping_status":"open","template":"","meta":[],"_links":{"self":[{"href":"https:\/\/old.oin.at\/index.php?rest_route=\/wp\/v2\/pages\/855"}],"collection":[{"href":"https:\/\/old.oin.at\/index.php?rest_route=\/wp\/v2\/pages"}],"about":[{"href":"https:\/\/old.oin.at\/index.php?rest_route=\/wp\/v2\/types\/page"}],"author":[{"embeddable":true,"href":"https:\/\/old.oin.at\/index.php?rest_route=\/wp\/v2\/users\/1"}],"replies":[{"embeddable":true,"href":"https:\/\/old.oin.at\/index.php?rest_route=%2Fwp%2Fv2%2Fcomments&post=855"}],"version-history":[{"count":70,"href":"https:\/\/old.oin.at\/index.php?rest_route=\/wp\/v2\/pages\/855\/revisions"}],"predecessor-version":[{"id":857,"href":"https:\/\/old.oin.at\/index.php?rest_route=\/wp\/v2\/pages\/855\/revisions\/857"}],"up":[{"embeddable":true,"href":"https:\/\/old.oin.at\/index.php?rest_route=\/wp\/v2\/pages\/21"}],"wp:attachment":[{"href":"https:\/\/old.oin.at\/index.php?rest_route=%2Fwp%2Fv2%2Fmedia&parent=855"}],"curies":[{"name":"wp","href":"https:\/\/api.w.org\/{rel}","templated":true}]}}