{"id":8,"date":"2011-07-11T09:27:28","date_gmt":"2011-07-11T09:27:28","guid":{"rendered":"http:\/\/localhost\/wordpress\/?page_id=8"},"modified":"2018-09-18T15:02:44","modified_gmt":"2018-09-18T13:02:44","slug":"wir-uber-uns","status":"publish","type":"page","link":"https:\/\/old.oin.at\/","title":{"rendered":"WIR \u00dcBER UNS"},"content":{"rendered":"<p><a href=\"images_seiten\/startseite_tagcloud_resized.jpg\" target=\"_blank\"><img title=\"tagcloud\" src=\"\/images_seiten\/startseite_tagcloud_resized.jpg\" alt=\"\" width=\"490\" style=\"margin-top:10px; margin-botom:-10px;\"\/><\/a><\/p>\n<p><a href=\"\/?page_id=19\"><img class=\"startseite_header\" src=\"\/images_seiten\/SeitenHeader_aktuelles_Startseite.png\" alt=\"\" \/><\/a><br \/>\n<\/p>\n<p><img width=\"140\" height=\"140\" src=\"https:\/\/old.oin.at\/_uploads\/Aktuell_SDGs-150x150.jpg\" class=\"post_thumbnail wp-post-image\" alt=\"\" loading=\"lazy\" \/><\/p>\n<h2 class=\"entry-title-blog\"><a href=\"https:\/\/old.oin.at\/?p=3061\" title=\"Permalink zu Einladung 04. Oktober 2017: &#8222;Agenda 2030: Global Goals for Business&#8220;\" rel=\"bookmark\">Einladung 04. Oktober 2017: &#8222;Agenda 2030: Global Goals for Business&#8220;<\/a><\/h2>\n<p>Das Global Compact Netzwerk \u00d6sterreich, die Industriellenvereinigung, respACT \u2013 ABCSD, das \u00d6sterreichische Institut f\u00fcr Nachhaltige Entwicklung und der United Nations Information Service laden herzlich zu &hellip; <br \/><a class=\"read-more\" href=\"https:\/\/old.oin.at\/?p=3061\">Weiterlesen <span class=\"meta-nav\">&rarr;<\/span><\/a><\/p>\n<p><img width=\"140\" height=\"140\" src=\"https:\/\/old.oin.at\/_uploads\/Aktuell_soziale_Innovationen-150x150.jpg\" class=\"post_thumbnail wp-post-image\" alt=\"\" loading=\"lazy\" \/><\/p>\n<h2 class=\"entry-title-blog\"><a href=\"https:\/\/old.oin.at\/?p=3079\" title=\"Permalink zu Einladung 06. Oktober 2017: Workshop \u201eSoziale Innovationen in Smart Cities\u201c\" rel=\"bookmark\">Einladung 06. Oktober 2017: Workshop \u201eSoziale Innovationen in Smart Cities\u201c<\/a><\/h2>\n<p>Das \u00d6sterreichische Institut f\u00fcr Nachhaltige Entwicklung, der Klima- und Energiefonds, WearFair +mehr, S\u00fcdwind, Klimab\u00fcndnis \u00d6sterreich und Global 2000 laden herzlich zum Workshop des Projekts SINN &hellip; <br \/><a class=\"read-more\" href=\"https:\/\/old.oin.at\/?p=3079\">Weiterlesen <span class=\"meta-nav\">&rarr;<\/span><\/a><\/p>\n<p><!--<img class=\"startseite_header\" src=\"\/images_seiten\/SeitenHeader_twitter_Startseite.png\" alt=\"\" \/> --><\/p>\n","protected":false},"excerpt":{"rendered":"<p>Einladung 04. Oktober 2017: &#8222;Agenda 2030: Global Goals for Business&#8220; Das Global Compact Netzwerk \u00d6sterreich, die Industriellenvereinigung, respACT \u2013 ABCSD, das \u00d6sterreichische Institut f\u00fcr Nachhaltige &hellip; <br \/><a class=\"read-more\" href=\"https:\/\/old.oin.at\/?p=3079\">Weiterlesen <span class=\"meta-nav\">&rarr;<\/span><\/a><\/p>\n","protected":false},"author":1,"featured_media":0,"parent":0,"menu_order":0,"comment_status":"open","ping_status":"open","template":"","meta":[],"_links":{"self":[{"href":"https:\/\/old.oin.at\/index.php?rest_route=\/wp\/v2\/pages\/8"}],"collection":[{"href":"https:\/\/old.oin.at\/index.php?rest_route=\/wp\/v2\/pages"}],"about":[{"href":"https:\/\/old.oin.at\/index.php?rest_route=\/wp\/v2\/types\/page"}],"author":[{"embeddable":true,"href":"https:\/\/old.oin.at\/index.php?rest_route=\/wp\/v2\/users\/1"}],"replies":[{"embeddable":true,"href":"https:\/\/old.oin.at\/index.php?rest_route=%2Fwp%2Fv2%2Fcomments&post=8"}],"version-history":[{"count":83,"href":"https:\/\/old.oin.at\/index.php?rest_route=\/wp\/v2\/pages\/8\/revisions"}],"predecessor-version":[{"id":3214,"href":"https:\/\/old.oin.at\/index.php?rest_route=\/wp\/v2\/pages\/8\/revisions\/3214"}],"wp:attachment":[{"href":"https:\/\/old.oin.at\/index.php?rest_route=%2Fwp%2Fv2%2Fmedia&parent=8"}],"curies":[{"name":"wp","href":"https:\/\/api.w.org\/{rel}","templated":true}]}}