{"id":581,"date":"2011-12-07T11:18:38","date_gmt":"2011-12-07T11:18:38","guid":{"rendered":"http:\/\/localhost\/wordpress\/?page_id=581"},"modified":"2015-02-23T14:01:06","modified_gmt":"2015-02-23T14:01:06","slug":"projekte_energiekonsum","status":"publish","type":"page","link":"https:\/\/old.oin.at\/?page_id=581","title":{"rendered":"Projekte_Energiekonsum"},"content":{"rendered":"<p id=\"projekte-header-small\">Die Beeinflussung des Energiekonsums durch Energieverbrauchsr\u00fcckmeldesysteme. Ein Appell zur St\u00e4rkung der lebensstilspezifischen Energieverbrauchsforschung<\/p>\n<p>Eine Studie im Auftrag des Bundesministeriums f\u00fcr Verkehr, Innovation und Technologie; <strong>Laufzeit:<\/strong> Nov 2009 \u2013 Feb 2010<\/p>\n<p><strong>Projektleitung und -bearbeitung:<\/strong> Mag. Markus Spitzer (\u00d6IN)<\/p>\n<p>Energieverbrauchsr\u00fcckmeldesysteme machen den meist unbewusst ablaufenden Energieverbrauch in Haushalten zeitnah und verst\u00e4ndlich sichtbar. Die EU Richtlinie (vgl. Richtlinie 2006\/32\/EC) fordert alle Mitgliedsl\u00e4nder dazu auf solche R\u00fcckmeldesysteme einzuf\u00fchren.<\/p>\n<p>Die vorliegende Studie reviewt internationale Studien zum Thema Energieverbrauchsr\u00fcckmeldesysteme mit besonderem Fokus auf die in den Studien verwendeten Methoden, die erzielten Einsparungen und die grunds\u00e4tzlichen Anforderungen an ein ausgereiftes R\u00fcckmeldesystem. Im Weiteren werden die Zug\u00e4nge und Methoden der Studien danach untersucht, ob sie Lebensstile bzw. Energieverbrauchsstile erforschen und in den Studiendesigns ber\u00fccksichtigen.<\/p>\n<p class=\"projekt-div-header\"><img id=\"teamImages_publikationen\" title=\"Publikationen\" src=\"images_seiten\/InnerHeader_Publikationen.png\" alt=\"\" \/><\/p>\n<p class=\"projekt-div-text\">\nSpitzer, Markus (2010): Die Beeinflussung des Energiekonsums durch Energieverbrauchsr\u00fcckmeldesysteme. Ein Appell zur St\u00e4rkung der lebensstilspezifischen Energieverbrauchsforschung. Endbericht. Wien: \u00d6sterreichisches Institut f\u00fcr Nachhaltige Entwicklung.<br \/>\n<a id=\"artikeldownload\" href=\"_publikationen\/PublikationenNEU\/Forschungsberichte\/Spitzer 2010 ENERGIEVERBRAUCHSRUECKMELDESYSTEME Endbericht.pdf\" target=\"_blank\"><img class=\"headerImagesForPages\" title=\"download\" src=\"images\/download_arrow.png\" alt=\"\" \/>download<\/a><\/p>\n","protected":false},"excerpt":{"rendered":"<p>Die Beeinflussung des Energiekonsums durch Energieverbrauchsr\u00fcckmeldesysteme. Ein Appell zur St\u00e4rkung der lebensstilspezifischen Energieverbrauchsforschung Eine Studie im Auftrag des Bundesministeriums f\u00fcr Verkehr, Innovation und Technologie; Laufzeit: &hellip; <br \/><a class=\"read-more\" href=\"https:\/\/old.oin.at\/?page_id=581\">Weiterlesen <span class=\"meta-nav\">&rarr;<\/span><\/a><\/p>\n","protected":false},"author":1,"featured_media":0,"parent":21,"menu_order":0,"comment_status":"closed","ping_status":"open","template":"","meta":[],"_links":{"self":[{"href":"https:\/\/old.oin.at\/index.php?rest_route=\/wp\/v2\/pages\/581"}],"collection":[{"href":"https:\/\/old.oin.at\/index.php?rest_route=\/wp\/v2\/pages"}],"about":[{"href":"https:\/\/old.oin.at\/index.php?rest_route=\/wp\/v2\/types\/page"}],"author":[{"embeddable":true,"href":"https:\/\/old.oin.at\/index.php?rest_route=\/wp\/v2\/users\/1"}],"replies":[{"embeddable":true,"href":"https:\/\/old.oin.at\/index.php?rest_route=%2Fwp%2Fv2%2Fcomments&post=581"}],"version-history":[{"count":11,"href":"https:\/\/old.oin.at\/index.php?rest_route=\/wp\/v2\/pages\/581\/revisions"}],"predecessor-version":[{"id":2383,"href":"https:\/\/old.oin.at\/index.php?rest_route=\/wp\/v2\/pages\/581\/revisions\/2383"}],"up":[{"embeddable":true,"href":"https:\/\/old.oin.at\/index.php?rest_route=\/wp\/v2\/pages\/21"}],"wp:attachment":[{"href":"https:\/\/old.oin.at\/index.php?rest_route=%2Fwp%2Fv2%2Fmedia&parent=581"}],"curies":[{"name":"wp","href":"https:\/\/api.w.org\/{rel}","templated":true}]}}