{"id":574,"date":"2011-12-07T11:07:06","date_gmt":"2011-12-07T11:07:06","guid":{"rendered":"http:\/\/localhost\/wordpress\/?page_id=574"},"modified":"2015-02-23T13:57:19","modified_gmt":"2015-02-23T13:57:19","slug":"projekte_neuearbeit","status":"publish","type":"page","link":"https:\/\/old.oin.at\/?page_id=574","title":{"rendered":"Projekte_NeueArbeit"},"content":{"rendered":"<p id=\"projekte-header-small\">\u201eNeue Arbeit\u201c, \u201eMischarbeit\u201c, \u201eT\u00e4tigkeitsgesellschaft statt Erwerbsarbeits-gesellschaft\u201c. Literaturstudie zum Stand der Debatte um erweiterte Arbeitskonzepte<\/p>\n<p>Eine Studie im Auftrag der Hans-B\u00f6ckler-Stiftung<\/p>\n<p><strong>Projektleitung:<\/strong> Univ.-Doz. Dr. Beate Littig (IHS)<\/p>\n<p><strong>Projektbearbeitung:<\/strong> Mag. Markus Spitzer (\u00d6IN), Univ.-Doz. Dr. Beate Littig (IHS)<\/p>\n<p>Die Verfechter der neuen Arbeitsentw\u00fcrfe argumentieren aus unterschiedlichen Gr\u00fcnden f\u00fcr eine Erweiterung des traditionellen Erwerbsarbeitsbegriffs als gesellschaftliches Leitkonzept. Es geht dabei grunds\u00e4tzlich um die Aufwertung und Anerkennung von Eigenarbeit, Reproduktionsarbeit oder b\u00fcrgerschaftlichem Engagement als der Erwerbsarbeit gleichberechtigte und gesellschaftlich notwendige T\u00e4tigkeiten.<\/p>\n<p>Je nach gesellschaftlicher Situation, wissenschaftlicher Herangehensweise und politisch\u00f6konomisch aktuellen Problemstellungen richtete sich das Interesse an neuen Arbeitsentw\u00fcrfen im Laufe der Jahre auf unterschiedliche Bereiche. Ende der 60er begann die Diskussion in der neuen Frauenbewegung, Ende der 70er war die wachsende Arbeitslosigkeit ein wichtiger Grund f\u00fcr die weitere Besch\u00e4ftigung mit dem Thema, in den 90ern versch\u00e4rfte sich die Krise der fordistischen Arbeitsgesellschaft und umweltpolitische Einw\u00e4nde traten in die Diskussion ein.<\/p>\n<p>Aus diesen unterschiedlichen Herangehensweisen entstanden Konzepte mit unterschiedlichen Schwerpunkten, von der Gleichberechtigung \u00fcber die Herstellung von Vollbesch\u00e4ftigung bis zur Eind\u00e4mmung von nicht nachhaltigem Wachstum.<br \/>\nDas politische Interesse an neuen Arbeitsentw\u00fcrfen scheint erst im Zuge der gegenw\u00e4rtigen Finanzkrise, der Ausweitung von Kurzarbeit, steigender Arbeitslosigkeit und hoher Staatsverschuldung sowie einem nicht absehbaren Ende der Krise neu zu erwachen.<br \/>\nVor diesem Hintergrund soll das Forschungsprojekt eine Bestandsaufnahme der gegenw\u00e4rtig diskutierten Konzepte neuer Arbeitsentw\u00fcrfe vorgenommen werden.<\/p>\n<p class=\"projekt-div-header\"><img id=\"teamImages_publikationen\" title=\"Publikationen\" src=\"images_seiten\/InnerHeader_Publikationen.png\" alt=\"\" \/><\/p>\n<p class=\"projekt-div-text\">Littig, Beate; Spitzer, Markus (2011): Arbeit neu. Erweiterte Arbeitskonzepte im Vergleich. Literaturstudie zum Stand der Debatte um erweiterte Arbeitskonzepte. Arbeitspapier 229. D\u00fcsseldorf: Hans-B\u00f6ckler-Stiftung.<br \/>\n<a id=\"artikeldownload\" href=\"http:\/\/www.boeckler.de\/pdf\/p_arbp_229.pdf\" target=\"_blank\"><img class=\"headerImagesForPages\" title=\"download\" src=\"images\/download_arrow.png\" alt=\"\" \/>link<\/a><\/p>\n","protected":false},"excerpt":{"rendered":"<p>\u201eNeue Arbeit\u201c, \u201eMischarbeit\u201c, \u201eT\u00e4tigkeitsgesellschaft statt Erwerbsarbeits-gesellschaft\u201c. Literaturstudie zum Stand der Debatte um erweiterte Arbeitskonzepte Eine Studie im Auftrag der Hans-B\u00f6ckler-Stiftung Projektleitung: Univ.-Doz. Dr. Beate Littig &hellip; <br \/><a class=\"read-more\" href=\"https:\/\/old.oin.at\/?page_id=574\">Weiterlesen <span class=\"meta-nav\">&rarr;<\/span><\/a><\/p>\n","protected":false},"author":1,"featured_media":0,"parent":21,"menu_order":0,"comment_status":"closed","ping_status":"open","template":"","meta":[],"_links":{"self":[{"href":"https:\/\/old.oin.at\/index.php?rest_route=\/wp\/v2\/pages\/574"}],"collection":[{"href":"https:\/\/old.oin.at\/index.php?rest_route=\/wp\/v2\/pages"}],"about":[{"href":"https:\/\/old.oin.at\/index.php?rest_route=\/wp\/v2\/types\/page"}],"author":[{"embeddable":true,"href":"https:\/\/old.oin.at\/index.php?rest_route=\/wp\/v2\/users\/1"}],"replies":[{"embeddable":true,"href":"https:\/\/old.oin.at\/index.php?rest_route=%2Fwp%2Fv2%2Fcomments&post=574"}],"version-history":[{"count":14,"href":"https:\/\/old.oin.at\/index.php?rest_route=\/wp\/v2\/pages\/574\/revisions"}],"predecessor-version":[{"id":2381,"href":"https:\/\/old.oin.at\/index.php?rest_route=\/wp\/v2\/pages\/574\/revisions\/2381"}],"up":[{"embeddable":true,"href":"https:\/\/old.oin.at\/index.php?rest_route=\/wp\/v2\/pages\/21"}],"wp:attachment":[{"href":"https:\/\/old.oin.at\/index.php?rest_route=%2Fwp%2Fv2%2Fmedia&parent=574"}],"curies":[{"name":"wp","href":"https:\/\/api.w.org\/{rel}","templated":true}]}}