{"id":43,"date":"2011-07-11T10:00:48","date_gmt":"2011-07-11T10:00:48","guid":{"rendered":"http:\/\/localhost\/wordpress\/?page_id=43"},"modified":"2020-04-09T12:47:23","modified_gmt":"2020-04-09T10:47:23","slug":"impressum","status":"publish","type":"page","link":"https:\/\/old.oin.at\/?page_id=43","title":{"rendered":"Impressum"},"content":{"rendered":"<p><img class=\"headerImagesForPages\" title=\"Impressum\" src=\"images_seiten\/SeitenHeader_impressum.png\" alt=\"\" width=\"400\" \/><br \/>\n\u00d6IN &#8211; \u00d6sterreichisches Institut f\u00fcr Nachhaltige Entwicklung<br \/>\nan der Universit\u00e4t f\u00fcr Bodenkultur Wien<\/p>\n<p>Herrengasse 2 \/ Top 1<br \/>\n3110 St. P\u00f6lten, N\u00d6<br \/>\nTel +43 1 524 6847-0<br \/>\nMobil +43 699 16380250<br \/>\noffice@oin.at<\/p>\n<p>Direktor:<br \/>\nDr. Alfred Strigl<\/p>\n<p>Vereinsregisternummer: 745043791<\/p>\n<p>F\u00fcr den Inhalt verantwortlich:<br \/>\nDr. Alfred Strigl<\/p>\n","protected":false},"excerpt":{"rendered":"<p>\u00d6IN &#8211; \u00d6sterreichisches Institut f\u00fcr Nachhaltige Entwicklung an der Universit\u00e4t f\u00fcr Bodenkultur Wien Herrengasse 2 \/ Top 1 3110 St. P\u00f6lten, N\u00d6 Tel +43 1 &hellip; <br \/><a class=\"read-more\" href=\"https:\/\/old.oin.at\/?page_id=43\">Weiterlesen <span class=\"meta-nav\">&rarr;<\/span><\/a><\/p>\n","protected":false},"author":1,"featured_media":0,"parent":0,"menu_order":0,"comment_status":"open","ping_status":"open","template":"","meta":[],"_links":{"self":[{"href":"https:\/\/old.oin.at\/index.php?rest_route=\/wp\/v2\/pages\/43"}],"collection":[{"href":"https:\/\/old.oin.at\/index.php?rest_route=\/wp\/v2\/pages"}],"about":[{"href":"https:\/\/old.oin.at\/index.php?rest_route=\/wp\/v2\/types\/page"}],"author":[{"embeddable":true,"href":"https:\/\/old.oin.at\/index.php?rest_route=\/wp\/v2\/users\/1"}],"replies":[{"embeddable":true,"href":"https:\/\/old.oin.at\/index.php?rest_route=%2Fwp%2Fv2%2Fcomments&post=43"}],"version-history":[{"count":41,"href":"https:\/\/old.oin.at\/index.php?rest_route=\/wp\/v2\/pages\/43\/revisions"}],"predecessor-version":[{"id":3250,"href":"https:\/\/old.oin.at\/index.php?rest_route=\/wp\/v2\/pages\/43\/revisions\/3250"}],"wp:attachment":[{"href":"https:\/\/old.oin.at\/index.php?rest_route=%2Fwp%2Fv2%2Fmedia&parent=43"}],"curies":[{"name":"wp","href":"https:\/\/api.w.org\/{rel}","templated":true}]}}