{"id":41,"date":"2011-07-11T10:00:25","date_gmt":"2011-07-11T10:00:25","guid":{"rendered":"http:\/\/localhost\/wordpress\/?page_id=41"},"modified":"2020-04-09T12:51:35","modified_gmt":"2020-04-09T10:51:35","slug":"kontakt","status":"publish","type":"page","link":"https:\/\/old.oin.at\/?page_id=41","title":{"rendered":"Kontakt"},"content":{"rendered":"<p><img class=\"headerImagesForPages\" title=\"Kontakt\" src=\"images_seiten\/SeitenHeader_kontakt.png\" alt=\"\" width=\"400\" \/><br \/>\n\u00d6IN &#8211; \u00d6sterreichisches Institut f\u00fcr Nachhaltige Entwicklung<br \/>\nHerrengasse 2 \/ Top 1<br \/>\n3110 St. P\u00f6lten<\/p>\n<p>Tel + 43 1 524 6847 0<br \/>\nMobil + 43 699 16380250<\/p>\n<p>Email: office@oin.at<br \/>\nWebsite: www.oin.at<\/p>\n","protected":false},"excerpt":{"rendered":"<p>\u00d6IN &#8211; \u00d6sterreichisches Institut f\u00fcr Nachhaltige Entwicklung Herrengasse 2 \/ Top 1 3110 St. P\u00f6lten Tel + 43 1 524 6847 0 Mobil + 43 &hellip; <br \/><a class=\"read-more\" href=\"https:\/\/old.oin.at\/?page_id=41\">Weiterlesen <span class=\"meta-nav\">&rarr;<\/span><\/a><\/p>\n","protected":false},"author":1,"featured_media":0,"parent":0,"menu_order":0,"comment_status":"open","ping_status":"open","template":"","meta":[],"_links":{"self":[{"href":"https:\/\/old.oin.at\/index.php?rest_route=\/wp\/v2\/pages\/41"}],"collection":[{"href":"https:\/\/old.oin.at\/index.php?rest_route=\/wp\/v2\/pages"}],"about":[{"href":"https:\/\/old.oin.at\/index.php?rest_route=\/wp\/v2\/types\/page"}],"author":[{"embeddable":true,"href":"https:\/\/old.oin.at\/index.php?rest_route=\/wp\/v2\/users\/1"}],"replies":[{"embeddable":true,"href":"https:\/\/old.oin.at\/index.php?rest_route=%2Fwp%2Fv2%2Fcomments&post=41"}],"version-history":[{"count":8,"href":"https:\/\/old.oin.at\/index.php?rest_route=\/wp\/v2\/pages\/41\/revisions"}],"predecessor-version":[{"id":3251,"href":"https:\/\/old.oin.at\/index.php?rest_route=\/wp\/v2\/pages\/41\/revisions\/3251"}],"wp:attachment":[{"href":"https:\/\/old.oin.at\/index.php?rest_route=%2Fwp%2Fv2%2Fmedia&parent=41"}],"curies":[{"name":"wp","href":"https:\/\/api.w.org\/{rel}","templated":true}]}}