{"id":391,"date":"2011-07-22T09:44:51","date_gmt":"2011-07-22T09:44:51","guid":{"rendered":"http:\/\/localhost\/wordpress\/?page_id=391"},"modified":"2016-09-13T09:02:17","modified_gmt":"2016-09-13T09:02:17","slug":"publikationen_vortrage","status":"publish","type":"page","link":"https:\/\/old.oin.at\/?page_id=391","title":{"rendered":"Publikationen_Vortr\u00e4ge"},"content":{"rendered":"<p id=\"publikationen-header\">Vortr\u00e4ge<\/p>\n<p><strong>2016:<\/strong><\/p>\n<p>Brunner, Karl-Michael; Mandl, Sylvia (2016): Energy Consumption and Social Inequality. Fuel Poverty As a Socio-Ecological Problem. Vortrag am Third ISA Forum of Sociology \u201cThe Futures We Want: Global Sociology and the Struggles for a Better World\u201d, 10.-14.07.2016, Wien.<\/p>\n<p>Hielscher, Sabine; Sch\u00e4fer, Martina; Leitner, Michaela; Mandl, Sylvia (2016): Developing Pro-Environmental Practices within Community Based Initiatives: Eco-Villages and Low Carbon Municipalities. Vortrag am Third ISA Forum of Sociology \u201cThe Futures We Want: Global Sociology and the Struggles for a Better World\u201d, 10.-14.07.2016, Wien.<\/p>\n<p>Mandl, Sylvia (2016): Jugendliche vs. Klimawandel: Chancen der Klimakommunikation. Vortrag im Rahmen des 2. BOKU-Nachhaltigkeitstags, 02.06.2015, Wien.<\/p>\n<p>Chiari, S., V\u00f6ller, S., Mandl, S., Corner, A. (2016): Wodurch werden Klimabewusstsein und klimafreundliches Verhalten bei jungen Menschen gef\u00f6rdert? Schlussfolgerungen aus dem Forschungsprojekt AUTreach. Vortrag im Rahmen des \u00d6sterreichischen Klimatags 2016, Graz. <\/p>\n<p>Christanell, Anja; Mandl, Sylvia (2016): Energiearmut als sozial\u00f6kologisches Problem in internationaler Perspektive. Lehrveranstaltung im Rahmen der Ringvorlesung \u201eDie \u00f6kologische Krise aus multidisziplin\u00e4rer Perspektive\u201c an der Universit\u00e4t Wien, 14.1.2016, Wien.<\/p>\n<p><strong>2015:<\/strong><\/p>\n<p>Kanatschnig, Dietmar (2015): Lessons Learned aus 150 Umsetzungsprojekten zur Nachhaltigen Entwicklung. Vortrag im Rahmen der Bildungskonferenz des Rechnungshofes an der \u00d6sterreichischen Akademie der Wissenschaften, 22.12.2015, Wien.<\/p>\n<p>Mandl, Sylvia; Chiari, Sybille; V\u00f6ller, Sonja (2015): Are young people different? Climate knowledge, concern &#038; engagement among 14-24 year olds. Vortrag im Rahmen der Conference of Youth (COY), 26.11.-28.11.2015, Paris, Frankreich.<\/p>\n<p>Chiari, Sybille; Mandl, Sylvia; V\u00f6ller, Sonja; Corner, Adam (2015): How to change climate change? Challenges &#038; drivers in communicating climate issues towards Y O U N G people to foster climate engagement. Vortrag im Rahmen der Conference of Youth (COY), 26.11.-28.11.2015, Paris, Frankreich. <\/p>\n<p>V\u00f6ller, Sonja; Chiari, Sybille; Mandl, Sylvia (2015): Talk the walk. Workshop im Rahmen der Conference of Youth (COY), 26.11.-28.11.2015, Paris, Frankreich. <\/p>\n<p>Chiari, Sybille; Mandl, Sylvia; V\u00f6ller, Sonja; Corner, Adam (2015): Communicating climate aware behavior to young people. Lessons learned from the AUTreach project. Posterpr\u00e4sentation im Rahmen der Conference of Youth (COY), 26.11.-28.11.2015, Paris, Frankreich. <\/p>\n<p>Mandl, Sylvia (2015): Energiearmut \u2013 Erkenntnisse aus der Forschung. Vortrag und am Podium im Rahmen der Veranstaltung \u201eEnergiearmut &#8211; Themenabend und Podiumsdiskussion\u201c der Jungen Generation Wien, 12.11.2015, Wien.<\/p>\n<p>Christanell, Anja (2015): Energy poverty in Austria and Europe. Vortrag im Rahmen der Doctoral Lecture Series an der Technischen Universit\u00e4t Wien, 26.11.2015, Wien.<\/p>\n<p>Leitner, Michaela; Littig, Beate (2015): Doing sustainability in a Viennese Cohousing project. Vortrag im Rahmen des SCORAI Europe Transit workshop:  \u2018Beyond\u2019 Transition? Understanding and Achieving Sustainable Consumption through Social Innovation, 17.11.2015, Wien. <\/p>\n<p>Kanatschnig, Dietmar (2015): Erfolgreich Wirtschaften \u2013 Innovativ Vernetzen. Vortrag im Rahmen der 1. goodvention \u201eFAIRmarktung von nachhaltigen Produkten\u201c, 12.10.2015, St. P\u00f6lten.<\/p>\n<p>Littig, Beate (2015):   Praktiken ver\u00e4ndern? Sozial-\u00f6kologisches Transition Management am Beispiel eines neuen Wiener Wohnprojekts. Vortrag im Rahmen des \u00d6sterreichischen Soziologie Kongresses der \u00d6sterreichischen Gesellschaft f\u00fcr Soziologie (\u00d6GS) an der Universit\u00e4t Innsbruck, 1.-3.10.2015, Innsbruck.<\/p>\n<p>Kanatschnig, Dietmar (2015): Universelle Nachhaltigkeitsziele \u2013 ein besseres Leben f\u00fcr alle. Vortrag im Rahmen der IEZ-Veranstaltung \u201eGlokal denken \u2013 zukunftsf\u00e4hig handeln\u201c, 21.9.2015, Gmunden.<\/p>\n<p>Kanatschnig, Dietmar (2015): Die sozialen Dimensionen von Smart Cities.  Vortrag im Rahmen von Smart City Fokus \u201eSoziale Innovationen f\u00fcr Smart Cities\u201c, 15.9.2015, Aspern.<\/p>\n<p>Kanatschnig, Dietmar (2015): Pr\u00e4ventives Rebound-Management f\u00fcr Smart Cities Projekte. Vortrag im Rahmen des Smart Cities Tages, 16.7.2015, Hinterstoder.<\/p>\n<p>Chiari, S., Sylvia, M., Sonja, V., Corner, A. (2015): Stimulating climate aware behavior among young people in Austria. Poster im Rahmen der \u201eOur common future under climate change\u201d Konferenz, 07.-10.07.2015, Paris, Frankreich. <\/p>\n<p>Brunner, Karl-Michael; Mandl, Sylvia; Christanell, Anja; Leitner, Michaela; Kirsch-Soriano da Silva (2015): Local action against fuel poverty in Austria. Vortrag im Rahmen der ECEEE 2015 Summer Study on Energy Efficiency, 01-06.06.2015, Belambra, Presqu\u2019\u00eele de Giens, Frankreich.<\/p>\n<p>V\u00f6ller, S., Chiari, S., Sylvia, M., Corner, A. (2015): New Paths for Climate Change Communication to the Young. Vortrag im Rahmen der \u201e2nd European Climate Change Adaptation Conference\u201c (ECCA), 12-14.05.2015, Kopenhagen, D\u00e4nemark.<\/p>\n<p>Chiari, S., V\u00f6ller, S., Mandl, S., Corner, A. (2015): Vom Zuschauen zum Anpacken &#8211; neue Wege in der Klimakommunikation an Jugendliche. Poster im Rahmen des  \u00d6sterreichischen Klimatags 2015, Wien.<\/p>\n<p>Mandl, Sylvia (2015): Energiearmut in \u00d6sterreich und im internationalen Vergleich: Umgangsweisen, Folgen und Policy Perspektiven. Vortrag im Rahmen des 1. BOKU-Nachhaltigkeitstags, 04.05.2015, Wien.<\/p>\n<p>Leitner, Michaela (2015): Nachhaltiges Wohnen und Arbeiten in einem Wohnprojekt. Vortrag im Rahmen des 1. BOKU-Nachhaltigkeitstags, 04.05.2015, Wien.<\/p>\n<p>Christanell, Anja (2015): Energiearmut \u2013 Erkenntnisse aus Forschung &#038; Praxis. Vortrag im Rahmen der 10. \u00d6sterreichischen Armutskonferenz &#8222;Fortschritt, R\u00fcckschritt, Wechselschritt \u2013 20 Jahre Armutspolitik und Politik gegen Armut&#8220;, 24.02.2015, Salzburg.<\/p>\n<p>Kanatschnig, Dietmar (2015): SMART4all citizens \u2013 Soziale Indikatoren f\u00fcr Smart City Profiles. Vortrag im Rahmen des Workshops \u201eWeiterentwicklung von Stadtprofilen zur Smart City\u201c, 25.02.2015, Linz.<\/p>\n<p><strong>2014:<\/strong><\/p>\n<p>Brunner, Karl-Michael; Christanell, Anja (2014): Energiearmut als sozial\u00f6kologisches Problem. Lehrveranstaltung im Rahmen der Ringvorlesung \u201eDie \u00f6kologische Krise aus interdisziplin\u00e4rer Perspektive\u201c an der Universit\u00e4t Wien, 18.12.2014, Wien.<\/p>\n<p>Brunner, Karl-Michael; Mandl, Sylvia (2014): M\u00f6gliche Ma\u00dfnahmen gegen Energiearmut: Ergebnisse aus dem Pilotprojekt gegen Energiearmut. Vortrag im Rahmen der E-Control Fachtagung &#8222;Energiearmut in \u00d6sterreich: Wie energiearmen Haushalten am besten geholfen werden kann&#8220; im Austria Center Vienna, 27.11. 2014, Wien.<\/p>\n<p>Mandl, Sylvia (2014): Auspr\u00e4gungen von Armut: Energiearmut in \u00d6sterreich. Vortrag im Rahmen des WU Competence Day 2014 \u201eZukunftsf\u00e4higes Wirtschaften\u201c an der WU Wien, 17.11.2014, Wien.<\/p>\n<p>Christanell, Anja (2014): Pilotprojekt gegen Energiearmut: Ergebnisse aus Wissenschaft und Praxis. Vortrag im Rahmen der Veranstaltung \u201eEnergiewende \u2013 Ressourcenschonung \u2013 Energiearmut\u201c im Stuahof, 8.10.2014, Wien.<\/p>\n<p>Christanell, Anja (2014): Teilnehmerin an der Podiumsdiskussion im Rahmen des QG Talk &#8222;W\u00e4rmed\u00e4mmung &#8211; ein Weg aus der Energiearmut?&#8220; im Forum Mozartplatz, 1.10.2014, Wien.<\/p>\n<p>Mandl, Sylvia; Christanell, Anja (2014): Social justice and energy consumption: The problem of fuel poverty. Vortrag im Rahmen des XVIII ISA World Congress of Sociology \u201cFacing an Unequal World: Challenges for a Global Sociology\u201d, 13.-19.07.2014, Yokohama, Japan.<\/p>\n<p>Brunner, Karl-Michael; Christanell, Anja (2014): KonsumentInnenverantwortung f\u00fcr Nachhaltigkeit? Das Beispiel Energiearmut. Lehrveranstaltung im Rahmen der Ringvorlesung \u201e(Ei-gen)verantwortung \u2013 \u00fcber das Handeln in einer komplexen Welt\u201c an der Universit\u00e4t Wien, 20.05.2014, Wien.<\/p>\n<p><strong>2013:<\/strong><\/p>\n<p>Christanell, Anja (2013): Nachfragetrends im Siedlungswesen &#8211; was wird wichtig. Vortrag im Rahmen der Stadt-Umland-Konferenz zum Thema \u201eMehr als ein Dach \u00fcber dem Kopf \u2013 Siedlungen mit Lebensqualit\u00e4t\u201c, 2.12.2013, Wien.<\/p>\n<p>Brunner, Karl-Michael; Mandl, Sylvia (2013): Energiearmut als sozial\u00f6kologisches Problem. Vortrag im Rahmen der Ringvorlesung &#8222;Die \u00f6kologische Krise aus interdisziplin\u00e4rer Perspektive&#8220; an der WU Wien, 14.11.2013, Wien.<\/p>\n<p>Christanell, Anja (2013):  Pilotprojekt gegen Energiearmut &#8211; Durchf\u00fchrung, Evaluation und Programm. Vortrag im Rahmen der Fachtagung der E-Control zum Thema Energiearmut, 14.11.2013, Wien.<\/p>\n<p>Christanell, Anja (2013): Pilotprojekt gegen Energiearmut &#8211; 2012-2013: Zwischenstand. Vortrag im Rahmen der KLI.EN Veranstaltung &#8222;Vom Primaten zum Smart User&#8220;,  15.10.2013, Wien.<\/p>\n<p>Brunner, Karl-Michael; Mandl, Sylvia (2013): \u00d6kologische Krise und soziale Ungleichheit: Energiearmut als Problem. Vortrag im Rahmen der \u00d6GS Tagung &#8222;Krisen in der Gesellschaft &#8211; Gesellschaft in der Krise. Herausforderungen f\u00fcr die Soziologie&#8220;, 27.09.2013, Linz.<\/p>\n<p>Christanell, Anja: Wie Jugendliche beteiligt werden k\u00f6nnen. Input im Rahmen der Veranstaltung \u201eDer Jugend Raum geben \u2013 Raum mit der Jugend gestalten\u201c, 9.09.2013, St. P\u00f6lten.<\/p>\n<p>Brunner, Karl-Michael; Christanell, Anja; Mandl, Sylvia (2013): Fuel poverty and environmental justice. Vortrag im Rahmen der ESA 11th Conference: Crisis, Critique and Change, 28.-31.08. 2013, Torino, Italien.<\/p>\n<p>Christanell, Anja; Mandl, Sylvia (2013): Meine KonsUmwelt. Workshop im Rahmen der Jungen Uni Krems an der FH Krems, 9.07.2013, Krems.<\/p>\n<p>Christanell, Anja (2013): Energiearmut. Vortrag im Rahmen der zweit\u00e4gigen Veranstaltungsreihe des Karl-Renner-Instituts und der Naturfreunde International \u201eDie Energiewende sozial gerecht gestalten\u201c, 26.06.2013, Wien.<\/p>\n<p>Brunner, Karl-Michael; Mandl, Sylvia (2013): From local to national. Tackling fuel poverty in Austria. Vortrag im Rahmen der ECEEE 2013 Summer Study on Energy Efficiency, 03-08.06.2013, Belambra, Presqu\u2019\u00eele de Giens, Frankreich.<\/p>\n<p>Mandl, Sylvia (2013): From local to national. Tackling fuel poverty in Austria. Vortrag im Rahmen der 12th IAS-STS Annual Conference 2013, 06.-07.05.2013, Graz.<\/p>\n<p>Brunner, Karl-Michael (2013): Coping strategies. Behavioral responses to fuel poverty and energy inefficiency. Vortrag im Rahmen des IEA \u201eRoundtable on the Health &amp; Well-being Impacts of Energy Efficiency Improvements\u201c , 17.04.2013, Kopenhagen, D\u00e4nemark.<\/p>\n<p>Mandl, Sylvia (2013): KLI.EN. Pilotprojekt gegen Energiearmut. Vortrag im Rahmen eines Workshops vom VERBUND Stromhilfefonds der Caritas, 15.04.2013, Wien.<\/p>\n<p><strong>2012:<\/strong><\/p>\n<p>Brunner, Karl-Michael; Mandl, Sylvia (2012): Energiekonsum und soziale Ungleichheit. Vortrag an der \u00d6GS Tagung \u201eDie gespaltene Gesellschaft\u201c, 06.12.2012, Linz.<\/p>\n<p>Christanell, Anja; Mandl, Sylvia (2012): KLI.EN. Pilotprojekt gegen Energiearmut. Vortrag im Rahmen eines Vernetzungstreffens vom VERBUND Stromhilfefonds der Caritas, 04.12.2012, Wien.<\/p>\n<p>Brunner, Karl-Michael; Christanell, Anja (2012): Energiearmut als sozial\u00f6kologisches Problem. Lehrveranstaltung innerhalb der interuniversit\u00e4ren Ringvorlesung \u201eDie \u00f6kologische Krise aus interdisziplin\u00e4rer Perspektive\u201c an der Universit\u00e4t Wien, 15.11.2012, Wien.<\/p>\n<p>Kanatschnig, Dietmar (2012): Die Welt im Umbruch: Zukunftsperspektiven f\u00fcr N\u00d6 Gemeinden und Regionen. Vortrag im Rahmen des N\u00d6 Energie &amp; Umweltgemeindetages, 24.10.2012, M\u00f6dling.<\/p>\n<p>Christanell, Anja (2012): Wird Energie in Zukunft ein \u201ePrivileg\u201c f\u00fcr die Oberschicht oder wird sie weiter f\u00fcr alle leistbar sein? Teilnehmerin der Podiumsdiskussion beim Symposium \u201eEnergiearmut \u2013 Ursachen und Auswege\u201c, 24.10.2012, Wien.<\/p>\n<p>Brunner, Karl-Michael; Christanell, Anja (2012): Fuel Poverty in Austria. Coping Strategies of Households and Measures to Tackle Fuel Poverty. Vortrag bei der BEhavE Conference \u201eEnergy Efficiency and Behaviour 2012\u201c, 20.-21.09.2012, Helsinki, Finnland.<\/p>\n<p>Brunner, Karl-Michael; Christanell, Anja (2012): Energy consumption practices and social inequality: The problem of fuel poverty. Vortrag am Second ISA Forum of Sociology \u201cSocial Justice and Democratization\u201d, 01.-04.08.2012, Buenos Aires, Argentinien.<\/p>\n<p>Christanell, Anja; Leitner, Michaela (2012): Able Youth. Young researchers for a more sustainable energy use. Vortrag im Rahmen der International Conference 2012 \u201cCreating Knowledge and Wisdom in Education and Training\u201d, 10-12.05.2012, Nizza, Frankreich.<\/p>\n<p>Bertsch, Christian; Christanell, Anja (2012): Inquiry in education for sustainable development \u2013 research on juvenile lifestyles including students as research partners. Vortrag im Rahmen der Fibonacci Conference \u201cBridging the gap between education research and practice\u201d, 26.-27.04.2012, Leicester, UK.<\/p>\n<p>Christanell, Anja (2012): Energiearmut aus sozialwissenschaftlicher Perspektive. Vortrag im Rahmen der Fachtagung Poverty_EEI&amp;RES \u201eFuel poverty. Wege aus der Energiearmut in \u00d6sterreich\u201c, 26.03.2012, Wien.<\/p>\n<p>Brunner, Karl-Michael (2012): Social science perspectives on energy consumption in households with special emphasis on fuel poverty and young adults as energy counsellors. Vortrag im Rahmen des \u201cWorkshop on Energy and Society\u201d, 22.-24.03.2012, Lissabon, Portugal.<\/p>\n<p>Christanell, Anja; Leitner, Michaela (2012): Empowering teenager consumers through active research for a more responsible way of consumption. Vortrag im Rahmen der PERL (The Partnership for Education and Research about Responsible Living) Konferenz 2012, 19.-20.03.2012, Berlin, Deutschland.<\/p>\n<p>Leitner, Michaela; Christanell, Anja (2012): SustainABLE EnergyYOUTHers. Engaging teenagers in empirical research for a more sustainable way to use energy. Vortrag im Rahmen des Leuphana Sustainability Summit 2012, 29.02.-02.03.2012, L\u00fcneburg, Deutschland.<\/p>\n<p>Spitzer, Markus; Brunner, Karl-Michael; Christanell, Anja (2012): Energiearmut und Energieeffizienz. M\u00f6glichkeiten zur Erh\u00f6hung von Energieeffizienz in energiearmen Haushalten. Vortrag im Rahmen des 12. Symposiums Energieinnovation \u201eAlternativen f\u00fcr die Energiezukunft Europas\u201c, 15.-17.02.2012, Graz.<\/p>\n<p><strong>2011:<\/strong><\/p>\n<p>Christanell, Anja; Brunner, Karl-Michael (2011): Pilot-Projekt gegen Energiearmut. Durchf\u00fchrung, Evaluation und Programm gegen Energiearmut. Vortrag im Rahmen der KLI.EN-Veranstaltung \u201eANTI.Energiearmut: Energie gerecht verteilen\u201c, 19.12.2011, Wien.<\/p>\n<p>Kanatschnig, Dietmar (2011): Megatrends der Nachhaltigkeit &#8211; Wirtschaftsstrategien neu denken. Vortrag im Rahmen der Veranstaltung &#8222;20 Jahre Bezirksabfallverband Sch\u00e4rding&#8220;, 1.12.2011, Sigharting.<\/p>\n<p>Brunner, Karl-Michael; Christanell, Anja; Spitzer, Markus (2011): Environmental Justice: The Case of Fuel Poverty. Vortrag im Rahmen der 10th Conference of the European Sociological Association (ESA), 7.-10.09.2011, Genf, Schweiz.<\/p>\n<p>Bertsch, Christian; Christanell, Anja; Leitner, Michaela (2011): Bridging the Gap between Research and Science Education \u2013 Potentials and Challenges of authentic inquiry in Research-Education-Collaborations. Vortrag im Rahmen der ESERA Conference 2011, 5.-9.09.2011, Lyon, Frankreich.<\/p>\n<p>Brunner, Karl-Michael; Christanell, Anja; Spitzer, Markus (2011): Fuel poverty. A case study of vulnerable households in Vienna\/Austria. Vortrag im Rahmen der ECEEE 2011 Summer Study \u201eEnergy efficiency first: The foundation of a low-carbon society\u201d, 6.-11.06.2011, Belambra, Presqu&#8217;\u00eele de Giens, Frankreich.<\/p>\n<p>Leitner, Michaela; Christanell, Anja (2011): Jugendliche Konsummuster und deren Nachhaltigkeit. Vortrag im Rahmen der Arbeitstagung \u201eKonsum und Nachhaltigkeit. Zum Spannungsverh\u00e4ltnis der Kommerzialisierung des Lebensalltags und den Prinzipien nachhaltigen Handelns\u201c des Deutschen Jugendinstituts e.V. (DJI) und der Sektion Umweltsoziologie der Deutschen Gesellschaft f\u00fcr Soziologie, 02.-03.05.2011, M\u00fcnchen, Deutschland.<\/p>\n<p>Brunner, Karl-Michael; Spitzer, Markus (2011): NELA \u2013 Nachhaltiger Energieverbrauch und Lebensstile in armen und armutsgef\u00e4hrdeten Haushalten. Vortrag im Rahmen des sciencebrunch #6, 06.04.2011, Wien.<\/p>\n<p>Leitner, Michaela; Christanell, Anja (2011). How pupils explore their lifestyles and their approach to sustainability. Vortrag im Rahmen der 7th International Conference &#8222;Leadership for an Inclusive and Sustainable World&#8220;, 27.-29.01.2011, Berlin, Deutschland.<\/p>\n<p>Christanell, Anja; Brunner, Karl-Michael; Spitzer, Markus (2011): Energy Consumption, Social Structure and Sustainable Development. Vortrag im Rahmen der internationalen Tagung \u201eDeified \u2013 Damned \u2013 Depleted: Energy as Symbol, Resource and Consumer Good\u201c am Deutschen Museum, 20.-22.01.2011, M\u00fcnchen, Deutschland.<\/p>\n<p><strong>2010:<\/strong><\/p>\n<p>Christanell, Anja (2010). Pr\u00e4sentation von NELA-Ergebnissen im Rahmen des Kick-Off-Meetings des Neue Energien 2020-Projekts zu Energiearmut der KS\u00d6 und e7, 16.11.2010, Wien.<\/p>\n<p>Bertsch, Christian; Christanell, Anja; Leitner, Michaela; Lechner, Valentin (2010). Wir sind gekommen, um zu bleiben. Innovationen im naturwissenschaftlichen Unterricht. Vortrag im Rahmen der P\u00e4dagogischen Fachtagung der Di\u00f6zese K\u00e4rnten, 1.-2.10.2010, Klagenfurt.<\/p>\n<p>Christanell, Anja; Spitzer, Markus (2010): Poverty and its impact on energy use practices \u2013 a case study of vulnerable households in Vienna, Austria. Vortrag im Rahmen der Tagung \u201cMapping the European energy poverty landscape: towards common action and co-operation\u201d, 30.09.2010, Br\u00fcssel, Belgien.<\/p>\n<p>Christanell Anja (2010). Nachhaltigkeit und Lebensstil. Vortrag im Rahmen der Tagung \u201eDen Sinn f\u00fcr\u2019s Ganze wiederentdecken. Spiritualit\u00e4t und Nachhaltigkeit\u201c, 24.-25.09.2010, Salzburg.<\/p>\n<p>Christanell, Anja; Spitzer, Markus (2010): Poverty and its impact on everyday life routines of energy consumption \u2013 a case study of vulnerable households in Vienna, Austria. Vortrag im Rahmen der EASST- Konferenz 2010 \u201cPracticing science and technology \u2013 performing the social\u201d, 2.-4.09.2010, Trento, Italien.<\/p>\n<p>Christanell, Anja (2010): Climate change and poverty: Energy consumption under precarious life conditions. Vortrag im Rahmen des Europ\u00e4ischen Forum Alpbach 2010 \u201cEntwurf und Wirklichkeit\u201d, 31.08.2010, Alpbach.<\/p>\n<p>Christanell, Anja, Brunner, Karl-Michael (2010): Energy consumption and poverty. A case study of vulnerable households in Vienna\/Austria. Vortrag im Rahmen des ISA World Congress of Sociology 2010 \u201cSociology on the Move\u201d, 14.07.2010, G\u00f6teborg, Schweden.<\/p>\n<p>Brunner, Karl-Michael, Christanell, Anja, Spitzer, Markus (2010): Energiekonsum, Armut, Nachhaltigkeit. Vortrag im Rahmen des 11. Symposiums Energieinnovation &#8222;Alte Ziele, neue Wege\u201c, 10.-12.02.2010, Graz.<\/p>\n<p><strong>2009:<\/strong><\/p>\n<p>Christanell, Anja (2009): Vernetzungsimpulse \u2013 nachhaltige Netzwerke bilden. Vortrag im Rahmen der Abschlussveranstaltung des CSR-Lehrgangs \u201eZUKUNFTSF\u00c4HIGES WIRTSCHAFTEN\u201c der plenum academy, 18.07.2009, Bad Blumau.<\/p>\n<p>Christanell, Anja (2009): KonsumentInnen gewinnen \u2013 Trends und neue Strategien. Vortrag im Rahmen der Veranstaltung &#8222;Neue Chancen f\u00fcr den Handel durch nh Produkte&#8220;, 10.12.2009, Gmunden.<\/p>\n<p>Kanatschnig, Dietmar (2009): Ans\u00e4tze zur St\u00e4rkung der Regionalwirtschaft \u2013 Was Unternehmen beitragen k\u00f6nnen. Vortrag vom 11.3.2009, Schl\u00e4gl.<\/p>\n<p>Kanatschnig, Dietmar (2009): Nachhaltige Stadtentwicklung \u2013 Konzept und Umsetzung, Vortrag vom 24.3.2009, Gmunden.<\/p>\n<p>Kanatschnig, Dietmar (2009): The hidden sociocultural dimension of technology transfer. Vortrag im Rahmen der Ringvorlesung \u201eTransfer of Environmental Technology to Developing Countries\u201d am Institut f\u00fcr Wasserg\u00fcte, Ressourcenmanagement und Abfallwirtschaft (IWA) an der Technischen Universit\u00e4t Wien, 27.04.2009, Wien.<\/p>\n<p>Kanatschnig, Dietmar (2009): Was man von CSR erwarten kann. Vortrag an der Linzer Management-Akademie, 25.6.2009, Linz.<\/p>\n<p>Kanatschnig, Dietmar (2009): Umsetzung von Nachhaltigkeit in der Wirtschaft \u2013 Theorie und Praxis, 8.9.2009, Gmunden.<\/p>\n<p>Kanatschnig, Dietmar (2009): Transitionmanagement als neues Governance-Modell. Vortrag am BMLFUW, 16.9.2009, Wien.<\/p>\n","protected":false},"excerpt":{"rendered":"<p>Vortr\u00e4ge 2016: Brunner, Karl-Michael; Mandl, Sylvia (2016): Energy Consumption and Social Inequality. Fuel Poverty As a Socio-Ecological Problem. Vortrag am Third ISA Forum of Sociology &hellip; <br \/><a class=\"read-more\" href=\"https:\/\/old.oin.at\/?page_id=391\">Weiterlesen <span class=\"meta-nav\">&rarr;<\/span><\/a><\/p>\n","protected":false},"author":1,"featured_media":0,"parent":23,"menu_order":0,"comment_status":"closed","ping_status":"open","template":"","meta":[],"_links":{"self":[{"href":"https:\/\/old.oin.at\/index.php?rest_route=\/wp\/v2\/pages\/391"}],"collection":[{"href":"https:\/\/old.oin.at\/index.php?rest_route=\/wp\/v2\/pages"}],"about":[{"href":"https:\/\/old.oin.at\/index.php?rest_route=\/wp\/v2\/types\/page"}],"author":[{"embeddable":true,"href":"https:\/\/old.oin.at\/index.php?rest_route=\/wp\/v2\/users\/1"}],"replies":[{"embeddable":true,"href":"https:\/\/old.oin.at\/index.php?rest_route=%2Fwp%2Fv2%2Fcomments&post=391"}],"version-history":[{"count":52,"href":"https:\/\/old.oin.at\/index.php?rest_route=\/wp\/v2\/pages\/391\/revisions"}],"predecessor-version":[{"id":1202,"href":"https:\/\/old.oin.at\/index.php?rest_route=\/wp\/v2\/pages\/391\/revisions\/1202"}],"up":[{"embeddable":true,"href":"https:\/\/old.oin.at\/index.php?rest_route=\/wp\/v2\/pages\/23"}],"wp:attachment":[{"href":"https:\/\/old.oin.at\/index.php?rest_route=%2Fwp%2Fv2%2Fmedia&parent=391"}],"curies":[{"name":"wp","href":"https:\/\/api.w.org\/{rel}","templated":true}]}}