{"id":388,"date":"2011-07-22T09:42:15","date_gmt":"2011-07-22T09:42:15","guid":{"rendered":"http:\/\/localhost\/wordpress\/?page_id=388"},"modified":"2016-06-21T10:19:18","modified_gmt":"2016-06-21T10:19:18","slug":"publikationen_fachartikel","status":"publish","type":"page","link":"https:\/\/old.oin.at\/?page_id=388","title":{"rendered":"Publikationen_Fachartikel"},"content":{"rendered":"<p><img class=\"headerImagesForPages\" title=\"Publikationen\" src=\"images_seiten\/SeitenHeader_Erkenntnisse.gew.png\" alt=\"\" width=\"400\" \/><\/p>\n<p id=\"publikationen-header\">Fachartikel<\/p>\n<p>Leitner, Michaela; Mandl, Sylvia (2016): Viele Wege f\u00fchren zum nachhaltigeren Leben. Engagement von \u00d6kod\u00f6rfern und im Klimaschutz aktiven Gemeinden. sol Magazin &#8211; Solidarit\u00e4t, \u00d6kologie und Lebensstil, Sommer 2016, 164, 25-27.<br \/>\n<a id=\"artikeldownload\" href=\" http:\/\/www.nachhaltig.at\/SOL164.pdf\" target=\"_blank\"><img class=\"headerImagesForPages\" title=\"download\" src=\"images\/download_arrow.png\" alt=\"\" \/>link<\/a><\/p>\n<p>Brunner, Karl-Michael; Christanell, Anja; Mandl, Sylvia (2016): Energiearmut in \u00d6sterreich: Erfahrungen, Umgangsweisen und Folgen. In: Gro\u00dfmann, Katrin; Schaffrin, Andr\u00e9; Smigiel, Christian (Hg.), Energie und soziale Ungleichheit: Zur gesellschaftlichen Dimension der Energiewende in Deutschland und Europa. Berlin: Springer. (im Erscheinen)<\/p>\n<p>Chiari, Sybille; V\u00f6ller, Sonja; Mandl, Sylvia (2016): Wie lassen sich Jugendliche f\u00fcr Klimathemen begeistern? Chancen und H\u00fcrden in der Klimakommunikation. GW Unterricht, 2016, 141, 5-18.<br \/>\n<a id=\"artikeldownload\" href=\"http:\/\/gw-unterricht.at\/gwu_141.html\" target=\"_blank\"><img class=\"headerImagesForPages\" title=\"download\" src=\"images\/download_arrow.png\" alt=\"\" \/>link<\/a><\/p>\n<p>Littig, Beate; Leitner, Michaela (2015): Combining methods in practice oriented research. A multi-method case study on sustainable cohousing. In: Jonas, Michael; Lassnigg, Lorenz; Littig, Beate; Wroblewski, Angela (Hg.), Practice Oriented Theories and Their Methodologies. Dordrecht: Springer. (im Erscheinen)<\/p>\n<p>Leitner, Michaela; Littig, Beate (2015): Doing sustainability in a Viennese Cohousing project. A praxeological case study. In: Lorek, Sylvia; Backhaus, Julia (Hg.), \u2018Beyond\u2019 Transition? Understanding and Achieving Sustainable Consumption through Social Innovation. Proceedings des SCORAI Europe Workshop, 17.11.2015, Wien. Sustainable Consumption Transitions Series, Heft 5, 58-76.<\/p>\n<p>Corner, Adam; Roberts, Olga; Chiari, Sybille; V\u00f6ller, Sonja; Mayrhuber, Elisabeth; Mandl, Sylvia; Monson, Kate (2015): How do young people engage with climate change? The role of knowledge, values, message framing, and trusted communicators. Wiley Interdisciplinary Reviews: Climate Change, 2015, 6. Jg., Nr. 5, 523-534.<br \/>\n<a id=\"artikeldownload\" href=\"http:\/\/onlinelibrary.wiley.com\/doi\/10.1002\/wcc.353\/abstract\" target=\"_blank\"><img class=\"headerImagesForPages\" title=\"download\" src=\"images\/download_arrow.png\" alt=\"\" \/>link<\/a><\/p>\n<p>Brunner, Karl-Michael; Mandl, Sylvia; Christanell, Anja; Leitner, Michaela; Kirsch-Soriano da Silva, Katharina (2015): Local action against fuel poverty in Austria. Proceedings der ECEEE 2015 Summer Study \u201cenergy efficiency: Keeping energy efficiency on the top of the agenda\u201d, 01.-06.06.2015, Presqu\u2019\u00eele de Giens, Frankreich.<\/p>\n<p>Christanell, Anja; Mandl, Sylvia; Leitner, Michaela; Brunner, Karl-Michael; Kirsch-Soriano da Silva, Katharina; Nwafor, Caroline; Jamek, Andrea; Tedeschi, Claudio (2014): Energiearmut. F\u00fcr eine sozial gerechtere Gestaltung der Energiezukunft \u2013 Ein Team aus Wissenschaft und Praxis stellt sich vor. SOZIALE TECHNIK, 2014, Jg. 24, Heft 4, 11-14. <a id=\"artikeldownload\" href=\"http:\/\/www.sts.aau.at\/Publikationen\/Zeitschrift-SOZIALE-TECHNIK\" target=\"_blank\"><img class=\"headerImagesForPages\" title=\"link\" src=\"images\/download_arrow.png\" alt=\"\" \/>link<\/a><\/p>\n<p>Brunner, Karl-Michael; Christanell, Anja (2014): KonsumentInnenverantwortung f\u00fcr Nachhaltigkeit? Am Beispiel Energiearmut. In: Tomaschek, Nino; Streinzer, Andreas (Hg.), Verantwortung: \u00dcber das Handeln in einer komplexen Welt. M\u00fcnster: Waxmann Verlag, 43-60. <a id=\"artikeldownload\" href=\"http:\/\/www.waxmann.com\/index.php?id=buecher&#038;no_cache=1&#038;L=0&#038;id=buecher&#038;no_cache=1&#038;tx_p2waxmann_pi1[autor]=PER103251&#038;tx_p2waxmann_pi1[buch]=BUC123946\" target=\"_blank\"><img class=\"headerImagesForPages\" title=\"link\" src=\"images\/download_arrow.png\" alt=\"\" \/>link<\/a><\/p>\n<p>Brunner, Karl-Michael; Mandl, Sylvia (2014): Energy Consumption and Social Inequality. The Problem of Fuel Poverty. In: Reiter, Sigrid (Hg.), Energy Consumption. Impacts of Human Activity, Current and Future Challenges, Environmental and Socio-economic Effects. New York: Nova Science Publishers, 167-184. <a id=\"artikeldownload\" href=\"https:\/\/www.novapublishers.com\/catalog\/product_info.php?products_id=46880\" target=\"_blank\"><img class=\"headerImagesForPages\" title=\"link\" src=\"images\/download_arrow.png\" alt=\"\" \/>link<\/a><\/p>\n<p>Brunner, Karl-Michael; Mandl, Sylvia; Christanell, Anja (2013): From local to national: Tackling fuel poverty in Austria. Proceedings der ECEEE 2013 Summer Study, 03.-08.06.2013, Belambra Presqu\u2019\u00eele de Giens, Frankreich. <a id=\"artikeldownload\" href=\"http:\/\/oin.at\/_publikationen\/PublikationenNEU\/Fachartikel\/Brunner.pdf\" target=\"_blank\"><img class=\"headerImagesForPages\" title=\"download\" src=\"images\/download_arrow.png\" alt=\"\" \/>download<\/a><\/p>\n<p>Christanell, Anja; Brunner, Karl-Michael (2012): Eineinhalb Kilometer entfernt. Energiearmut, eine Verteilungsfrage. KSOE Dossier, 2012, Nr. 09, 15-17. <a id=\"artikeldownload\" href=\"http:\/\/www.ksoe.at\/ksoe\/index.php?option=com_content&amp;task=view&amp;id=614&amp;Itemid=223\" target=\"_blank\"><img class=\"headerImagesForPages\" title=\"link\" src=\"images\/download_arrow.png\" alt=\"\" \/>link<\/a><\/p>\n<p>Leitner, Michaela; Bertsch, Christian; Brunner, Karl-Michael; Zuccato-Doutlik, Marlies (2012): Energiearmut in \u00d6sterreich: Sch\u00fclerInnen erforschen und ver\u00e4ndern den Energiekonsum ihrer Familien. GW Unterricht, 2012, 128, 10-17.<br \/>\n<a id=\"artikeldownload\" href=\"http:\/\/www.gw-unterricht.at\/index.php\/onlineausgaben\/category\/19-gwu-128?download=143:gwu128-leitner-et-al\" target=\"_blank\"><img class=\"headerImagesForPages\" title=\"link\" src=\"images\/download_arrow.png\" alt=\"\" \/>link<\/a><\/p>\n<p>Bertsch, Christian; Leitner, Michaela; Christanell, Anja (2012): Inquiry in Education for Sustainable Development &#8211; Research on energy consumption including students as research partners. Proceedings der Fibonacci Project 2nd European Conference, 26.-27.04.2012, Leicester, UK.<br \/>\n<a id=\"artikeldownload\" href=\"http:\/\/fibonacci.uni-bayreuth.de\/resources\/events\/leicester-conference-2012\/informal-proceedings.html\" target=\"_blank\"><img class=\"headerImagesForPages\" title=\"link\" src=\"images\/download_arrow.png\" alt=\"\" \/>link<\/a><\/p>\n<p>Bertsch, Christian; Christanell, Anja; Leitner, Michaela (2012): Bridging the Gap between Research and Science Education \u2013 Potentials and Challenges of authentic inquiry in Research-Education-Collaborations. Proceedings der ESERA Conference 2011, 5.-9.09.2011, Lyon, Frankreich.<br \/>\n<a id=\"artikeldownload\" href=\"http:\/\/oin.at\/_publikationen\/PublikationenNEU\/Fachartikel\/Bridging the Gap between Research and Science Education_ESERA Proceeding (3).pdf\" target=\"_blank\"><img class=\"headerImagesForPages\" title=\"download\" src=\"images\/download_arrow.png\" alt=\"\" \/>download<\/a><\/p>\n<p>Bertsch, Christian; Christanell, Anja (2012): Wissenschaft ruft Schule. Potentiale, Faktoren und Hindernisse erfolgreicher Forschungs-Bildungs-Kooperationen. In: Friedrich, Christian; Paseka, Angelika; Heissenberger, Margit (Hg.), Forschungsperspektiven 4. Reihe der P\u00e4dagogischen Hochschule Wien. Wien: LIT Verlag.<br \/>\n<a id=\"artikeldownload\" href=\"http:\/\/oin.at\/_publikationen\/PublikationenNEU\/Fachartikel\/BertschChristanell_WissenschaftRuftSchule_endversion.pdf\" target=\"_blank\"><img class=\"headerImagesForPages\" title=\"download\" src=\"images\/download_arrow.png\" alt=\"\" \/>download<\/a><\/p>\n<p>Brunner, Karl-Michael; Christanell, Anja; Spitzer, Markus (2012): Energy Consumption Practices and Social Inequality: The Case of Low-Income Households. In: M\u00f6llers, Nina (Hg.), Past and Present Energy Societies. How Energy Connects Politics, Technologies and Cultures. Bielefeld: transcript Verlag, 195-223.<br \/>\n<a id=\"artikeldownload\" href=\"http:\/\/www.amazon.co.uk\/Past-Present-Energy-Societies-Technologies\/dp\/3837619648\" target=\"_blank\"><img class=\"headerImagesForPages\" title=\"link\" src=\"images\/download_arrow.png\" alt=\"\" \/>link<\/a><\/p>\n<p>Brunner, Karl-Michael; Spitzer, Markus; Christanell, Anja (2012): Experiencing fuel poverty. Coping strategies of low-income households in Vienna\/Austria. Energy Policy, 2012, Heft 49, 53-59.<br \/>\n<a id=\"artikeldownload\" href=\"http:\/\/www.sciencedirect.com\/science\/article\/pii\/S0301421511009748\" target=\"_blank\"><img class=\"headerImagesForPages\" title=\"download\" src=\"images\/download_arrow.png\" alt=\"\" \/>link<\/a><\/p>\n<p>Kanatschnig, Dietmar; Christanell, Anja (2012): The social matter. Public Service Review: European Science &amp; Technology. Issue 15\/2012.<\/p>\n<p>Brunner, Karl-Michael; Christanell, Anja; Spitzer, Markus (2011): Fuel poverty. A case study of vulnerable households in Vienna\/Austria. Proceedings der ECEEE 2011 Summer Study \u201eEnergy efficiency first: The foundation of a low-carbon society\u201d, 6.-11.06.2011, Belambra Presqu\u2019\u00eele de Giens, Frankreich.<br \/>\n<a id=\"artikeldownload\" href=\"http:\/\/oin.at\/_publikationen\/PublikationenNEU\/Fachartikel\/Brunner Spitzer Christanell 2011 Fuel Poverty ECEEE Paper.pdf\" target=\"_blank\"><img class=\"headerImagesForPages\" title=\"download\" src=\"images\/download_arrow.png\" alt=\"\" \/>download<\/a><\/p>\n<p>Brunner, Karl-Michael; Spitzer, Markus; Christanell, Anja (2011): Energiekonsum und Armut. In: Mikl-Horke, Gertraude (Hg.), Sozio\u00f6konomie: Die R\u00fcckkehr der Wirtschaft in die Gesellschaft. Marburg: Metropolis Verlag, 319-348.<br \/>\n<a id=\"artikeldownload\" href=\"http:\/\/www.metropolis-verlag.de\/Soziooekonomie\/857\/book.do\" target=\"_blank\"><img class=\"headerImagesForPages\" title=\"download\" src=\"images\/download_arrow.png\" alt=\"\" \/>link<\/a><\/p>\n<p>Leitner, Michaela (2011): Jugendliche Lebensstile und Nachhaltigkeit. \u00d6sterreichische Zeitschrift f\u00fcr Soziologie, 2011, Heft 36, 109-119.<br \/>\n<a id=\"artikeldownload\" href=\"http:\/\/link.springer.com\/article\/10.1007\/s11614-011-0036-9\" target=\"_blank\"><img class=\"headerImagesForPages\" title=\"download\" src=\"images\/download_arrow.png\" alt=\"\" \/>link<\/a><\/p>\n<p>Brunner, Karl-Michael; Christanell, Anja; Spitzer, Markus (2010): Energiekonsum, Armut, Nachhaltigkeit. In: Institut f\u00fcr Elektrizit\u00e4tswirtschaft und Energieinnovation (Hg.), Tagungsbeitrag des 11. Symposiums Energieinnovation \u201cAlte Ziele, neue Wege\u201c, 10.-12.02.2010, Graz, \u00d6sterreich.<br \/>\n<a id=\"artikeldownload\" href=\"_publikationen\/PublikationenNEU\/Fachartikel\/Brunner Christanell Spitzer 2010 Energie Armut NH EnInnov.pdf\" target=\"_blank\"><img class=\"headerImagesForPages\" title=\"download\" src=\"images\/download_arrow.png\" alt=\"\" \/>download<\/a><\/p>\n<p>Kanatschnig, Dietmar; Pelikan, Irma (2010): Transitionmanagement in Theorie und Praxis. In: Steurer, Reinhard; Trattnigg, Rita (Hg.), Nachhaltigkeit regieren. Eine Bilanz zu Governance-Prinzipien und -Praktiken. M\u00fcnchen: oekom, 75-97.<br \/>\n<a id=\"artikeldownload\" href=\"http:\/\/www.oekom.de\/buecher\/vorschau\/buch\/nachhaltigkeit-regieren.html\"><img class=\"headerImagesForPages\" title=\"download\" src=\"images\/download_arrow.png\" alt=\"\" \/>link<\/a><\/p>\n<p>Kopatz, Michael; Spitzer, Markus; Christanell, Anja (2010): Energiearmut. Stand der Forschung, nationale Programme und regionale Modellprojekte in Deutschland, \u00d6sterreich und Gro\u00dfbritannien. Wuppertal Papers 184. Wuppertal: Wuppertal Institut.<br \/>\n<a id=\"artikeldownload\" href=\"http:\/\/epub.wupperinst.org\/frontdoor\/index\/index\/docId\/3606\" target=\"_blank\"><img class=\"headerImagesForPages\" title=\"download\" src=\"images\/download_arrow.png\" alt=\"\" \/>link<\/a><\/p>\n<p>Kanatschnig, Dietmar (2009): Das Richtige soll wachsen! Nachhaltige Entwicklung als Ziel, Wachstum als Instrument &#8211; Eine mikro\u00f6konomische Betrachtung. In: Hinterberger, Friedrich; Hutterer, Harald; Omann, Ines; Freytag, Elisabeth (Hg.), Welches Wachstum ist nachhaltig? Ein Argumentarium. Wien: Mandelbaum Verlag, 82-86.<br \/>\n<a id=\"artikeldownload\" href=\"http:\/\/www.mandelbaum.at\/books\/761\/7278\" target=\"_blank\"><img class=\"headerImagesForPages\" title=\"download\" src=\"images\/download_arrow.png\" alt=\"\" \/>link<\/a><\/p>\n","protected":false},"excerpt":{"rendered":"<p>Fachartikel Leitner, Michaela; Mandl, Sylvia (2016): Viele Wege f\u00fchren zum nachhaltigeren Leben. Engagement von \u00d6kod\u00f6rfern und im Klimaschutz aktiven Gemeinden. sol Magazin &#8211; Solidarit\u00e4t, \u00d6kologie &hellip; <br \/><a class=\"read-more\" href=\"https:\/\/old.oin.at\/?page_id=388\">Weiterlesen <span class=\"meta-nav\">&rarr;<\/span><\/a><\/p>\n","protected":false},"author":1,"featured_media":0,"parent":23,"menu_order":0,"comment_status":"closed","ping_status":"open","template":"","meta":[],"_links":{"self":[{"href":"https:\/\/old.oin.at\/index.php?rest_route=\/wp\/v2\/pages\/388"}],"collection":[{"href":"https:\/\/old.oin.at\/index.php?rest_route=\/wp\/v2\/pages"}],"about":[{"href":"https:\/\/old.oin.at\/index.php?rest_route=\/wp\/v2\/types\/page"}],"author":[{"embeddable":true,"href":"https:\/\/old.oin.at\/index.php?rest_route=\/wp\/v2\/users\/1"}],"replies":[{"embeddable":true,"href":"https:\/\/old.oin.at\/index.php?rest_route=%2Fwp%2Fv2%2Fcomments&post=388"}],"version-history":[{"count":87,"href":"https:\/\/old.oin.at\/index.php?rest_route=\/wp\/v2\/pages\/388\/revisions"}],"predecessor-version":[{"id":496,"href":"https:\/\/old.oin.at\/index.php?rest_route=\/wp\/v2\/pages\/388\/revisions\/496"}],"up":[{"embeddable":true,"href":"https:\/\/old.oin.at\/index.php?rest_route=\/wp\/v2\/pages\/23"}],"wp:attachment":[{"href":"https:\/\/old.oin.at\/index.php?rest_route=%2Fwp%2Fv2%2Fmedia&parent=388"}],"curies":[{"name":"wp","href":"https:\/\/api.w.org\/{rel}","templated":true}]}}