{"id":3177,"date":"2017-04-28T08:19:09","date_gmt":"2017-04-28T08:19:09","guid":{"rendered":"http:\/\/oin.at\/?page_id=3177"},"modified":"2017-12-04T09:08:47","modified_gmt":"2017-12-04T09:08:47","slug":"e-schmiede","status":"publish","type":"page","link":"https:\/\/old.oin.at\/?page_id=3177","title":{"rendered":"Projekte_e-schmiede"},"content":{"rendered":"<p id=\"projekte-header-small\">e-schmiede &#8211; ein Co-Creation Space in St.P\u00f6lten<\/p>\n<p>Das Projekt wird aus Mitteln des Klima- und Energiefonds gef\u00f6rdert und  im Rahmen des Programms \u201eJunge Talente f\u00fcr die Energiezukunft\u201c durchgef\u00fchrt; <strong>Laufzeit:<\/strong> Apr. 2017 \u2013 Apr. 2018<\/p>\n<p><strong>Projekt-Leitung:<\/strong> Armin Kolbe, \u00d6sterreichisches Institut f\u00fcr Nachhaltige Entwicklung,<br \/>\nE-Mail: <a id=\"vorstand_link\" href=\"mailto:armin.kolbe@oin.at\" target=\"_blank\">armin.kolbe@oin.at<\/a><\/p>\n<p><strong>Projektpartner: <\/strong>Tr\u00e4ger des Projekts ist das \u00d6sterreichische Institut f\u00fcr Nachhaltige  Entwicklung in Kooperation mit dem Klima-Energie-Fonds, der Stadt St.  P\u00f6lten und dem Kunst- und Kulturverein LAMES.<\/p>\n<p>Gestartet wird, passend  f\u00fcr die Sommer-Ferien, vom 6. bis 18. August 2017. Weiteres Programm findet in wechselnden Locations in und um St. P\u00f6lten ab Herbst und noch bis Fr\u00fchling 2018 statt.<\/p>\n<p><a href=\"http:\/\/oin.at\/_uploads\/Aktuell_eschmiede.jpg\"><img loading=\"lazy\" class=\"alignleft size-full wp-image-3038\" title=\"Aktuell_eschmiede\" src=\"http:\/\/oin.at\/_uploads\/Aktuell_eschmiede.jpg\" alt=\"\" width=\"140\" height=\"150\" \/><\/a>Neben Umwelt-Themen wie nachhaltige Energien und zukunftweisende  Mobilit\u00e4t liegt der Fokus dabei auf der Entfaltung der jungen  Teilnehmenden: der eigenen Neugierde nachgehen, Ideen selber kreieren,  selber tun und durch Bewegung und Improvisation ein gutes K\u00f6rper-Gef\u00fchl  entwickeln. Dies steht im Vordergrund und wird mittels altersgerechtem  Mentoring erreicht: \u201eGeh Deinen Weg! Finde Deine Interessen, St\u00e4rken und  Motivationen! Und: Welche kreativen Potentiale und Ideen stecken in  dir?\u201c<\/p>\n<h3>Impulse, Ideen &amp; Improvisation<\/h3>\n<p>Ob beim Besichtigen eines Solarkraftwerks, Bauen von Windr\u00e4dern und  Reinschnuppern in eine E-Motorrad-Werkstatt oder w\u00e4hrend der  Ideenschmiede \u2013 die Jugendlichen und jungen Erwachsenen werden in allen  Aktivit\u00e4ten der e-schmiede professionell und zuverl\u00e4ssig unterst\u00fctzt.  Fachkundige Begleitpersonen leiten die Einheiten an, stehen beim  Mentoring zur Seite und ermutigen in den Werkst\u00e4tten und Hackathons zur  Eigeninitiative.<\/p>\n<p>Ein Teil des Programms findet am gro\u00dfartigen In- und Outdoor-Gel\u00e4nde  des Kunst- und Kulturvereins LAMES in St. P\u00f6lten statt. Die  ausf\u00fchrlichen Programm-Punkte und \u2013Locations werden laufend auf <a id=\"vorstand_link\" href=\"http:\/\/www.eschmiede.at\/\" target=\"_blank\">www.eschmiede.at<\/a> ver\u00f6ffentlicht.<\/p>\n<p>&nbsp;<\/p>\n<p><a id=\"vorstand_link\" href=\"mailto:info@eschmiede.at\" target=\"_blank\">info@eschmiede.at<\/a><\/p>\n<p><a id=\"vorstand_link\" href=\"http:\/\/www.eschmiede.at\" target=\"_blank\">www.eschmiede.at<\/a><\/p>\n<p>&nbsp;<\/p>\n<p><strong>Ausgezeichnet:<\/strong> e-schmiede ist &#8222;BEST OF AUSTRIA&#8220;<\/p>\n<p><a href=\"http:\/\/oin.at\/_uploads\/e-schmiede_BEST-OF-AUSTRIA-Kopie.jpg\"><img loading=\"lazy\" class=\"alignleft size-full wp-image-3170\" title=\"e-schmiede_BEST OF AUSTRIA\" src=\"http:\/\/oin.at\/_uploads\/e-schmiede_BEST-OF-AUSTRIA-Kopie.jpg\" alt=\"\" width=\"140\" height=\"150\" \/><\/a><\/p>\n<p>Die Auszeichnung \u201eBildung f\u00fcr nachhaltige Entwicklung \u2013 BEST OF AUSTRIA\u201c  ist vom Bundesminister f\u00fcr Land- und Forstwirtschaft, Umwelt und  Wasserwirtschaft (BMLFUW) in Kooperation mit dem Land Ober\u00f6sterreich am 20.November 2017 verliehen worden. <a href=\"http:\/\/www.umweltbildung.at\/nachrichten\/langtexte\/auszeichnung-bildung-fuer-nachhaltige-entwicklung-best-of-austria-2017.html\"><br \/>\nhttp:\/\/www.umweltbildung.at\/nachrichten\/langtexte\/auszeichnung-bildung-fuer-nachhaltige-entwicklung-best-of-austria-2017.html<\/a><\/p>\n<p>&nbsp;<\/p>\n<p><a href=\"http:\/\/oin.at\/_uploads\/Logoleiste_eschmiede1.jpg\"><img loading=\"lazy\" class=\"alignleft size-large wp-image-3047\" title=\"Logoleiste_eschmiede\" src=\"http:\/\/oin.at\/_uploads\/Logoleiste_eschmiede1-1024x94.jpg\" alt=\"\" width=\"640\" height=\"58\" srcset=\"https:\/\/old.oin.at\/_uploads\/Logoleiste_eschmiede1-1024x94.jpg 1024w, https:\/\/old.oin.at\/_uploads\/Logoleiste_eschmiede1-300x27.jpg 300w\" sizes=\"(max-width: 640px) 100vw, 640px\" \/><\/a><\/p>\n<p>&nbsp;<\/p>\n<p>&nbsp;<\/p>\n","protected":false},"excerpt":{"rendered":"<p>e-schmiede &#8211; ein Co-Creation Space in St.P\u00f6lten Das Projekt wird aus Mitteln des Klima- und Energiefonds gef\u00f6rdert und im Rahmen des Programms \u201eJunge Talente f\u00fcr &hellip; <br \/><a class=\"read-more\" href=\"https:\/\/old.oin.at\/?page_id=3177\">Weiterlesen <span class=\"meta-nav\">&rarr;<\/span><\/a><\/p>\n","protected":false},"author":1,"featured_media":0,"parent":21,"menu_order":0,"comment_status":"closed","ping_status":"closed","template":"","meta":[],"_links":{"self":[{"href":"https:\/\/old.oin.at\/index.php?rest_route=\/wp\/v2\/pages\/3177"}],"collection":[{"href":"https:\/\/old.oin.at\/index.php?rest_route=\/wp\/v2\/pages"}],"about":[{"href":"https:\/\/old.oin.at\/index.php?rest_route=\/wp\/v2\/types\/page"}],"author":[{"embeddable":true,"href":"https:\/\/old.oin.at\/index.php?rest_route=\/wp\/v2\/users\/1"}],"replies":[{"embeddable":true,"href":"https:\/\/old.oin.at\/index.php?rest_route=%2Fwp%2Fv2%2Fcomments&post=3177"}],"version-history":[{"count":17,"href":"https:\/\/old.oin.at\/index.php?rest_route=\/wp\/v2\/pages\/3177\/revisions"}],"predecessor-version":[{"id":3195,"href":"https:\/\/old.oin.at\/index.php?rest_route=\/wp\/v2\/pages\/3177\/revisions\/3195"}],"up":[{"embeddable":true,"href":"https:\/\/old.oin.at\/index.php?rest_route=\/wp\/v2\/pages\/21"}],"wp:attachment":[{"href":"https:\/\/old.oin.at\/index.php?rest_route=%2Fwp%2Fv2%2Fmedia&parent=3177"}],"curies":[{"name":"wp","href":"https:\/\/api.w.org\/{rel}","templated":true}]}}