{"id":2910,"date":"2016-10-13T11:36:50","date_gmt":"2016-10-13T11:36:50","guid":{"rendered":"http:\/\/oin.at\/?page_id=2910"},"modified":"2017-02-02T13:36:09","modified_gmt":"2017-02-02T13:36:09","slug":"projekte_sinn-cities","status":"publish","type":"page","link":"https:\/\/old.oin.at\/?page_id=2910","title":{"rendered":"Projekte_SINN Cities"},"content":{"rendered":"<p id=\"projekte-header-small\">SINN Cities \u2013 Soziale Innovationen in Smart Cities<\/p>\n<p>Das Projekt wird aus Mitteln des Klima- und Energiefonds gef\u00f6rdert und im Rahmen des Programms \u201eSmart Cities Demo\u201c durchgef\u00fchrt; <strong>Laufzeit:<\/strong> Okt 2016 \u2013 Sep 2017<\/p>\n<p><strong>Projektleitung:<\/strong> Univ.-Doz. Dr. Dietmar Kanatschnig (\u00d6IN)<\/p>\n<p><strong>Projektbearbeitung:<\/strong> DI Armin Kolbe (\u00d6IN), DI Tobias Rogalli (\u00d6in) DI Annette Zeinlinger (\u00d6in) und MA Maria Wimmer (WearFair)<\/p>\n<p><strong>Projektpartner:<\/strong> WearFair (KLIMAB\u00dcNDNIS, GLOBAL2000, S\u00dcDWIND), \u00d6sterreichisches Institut f\u00fcr Nachhaltige Entwicklung (\u00d6IN)<\/p>\n<p>Das Projekt zielt auf die bessere Aussch\u00f6pfung technologisch m\u00f6glicher Ressourceneinsparungen durch gezielte Verzahnung von technologischen mit sozialen Innovationen. In drei Innovationsfeldern werden soziale Ma\u00dfnahmen 1. gegen unerw\u00fcnschte Auswirkungen, 2. zur Verst\u00e4rkung erw\u00fcnschter Auswirkungen technologischer Innovationen und 3. zur Unterst\u00fctzung von Voraussetzungen f\u00fcr die Umsetzung sozialer Innovationen entwickelt.\u00a0 Diese bilden \u00a0die Grundlage f\u00fcr ein gesellschaftsbezogenes Smart Cities Demo-Projekt in Linz.<\/p>\n<p><strong>Ausgangssituation\/Motivation: <\/strong>Die Erreichung der nationalen und internationalen Klimaschutzziele setzt voraus, dass im urbanen Bereich eine deutliche Erh\u00f6hung der Energieeffizienz realisiert werden kann. J\u00fcngste Studien zum Rebound-Effekt zeigen, dass dazu technologische Innovationen alleine nicht ausreichen. Mehr als die H\u00e4lfte der technologisch m\u00f6glichen Ressourceneinsparung geht dadurch verloren, dass es keinen ad\u00e4quaten Umgang der Gesellschaft mit diesen neuen Technologien gibt. Zunehmend wird daher erkannt, dass technologische Innovationen zwar weiterhin wichtig sein werden, dazu aber sowohl eine st\u00e4rkere Verbindung von technologischen mit sozialen Innovationen als auch eine Reihe sozialer Innovationen ohne Technologiebezug kommen m\u00fcssen. Das Projekt zeigt umsetzungsorientierte Wege auf, welche sozialen Innovationen so mit der technologischen Entwicklung gekoppelt werden k\u00f6nnen, dass auch bisher nicht ausgesch\u00f6pfte Einsparpotentiale aktiviert werden.<\/p>\n<p><strong>Zielsetzungen:<\/strong> Vorrangig werden mit dem Projekt vier Ziele verfolgt:<\/p>\n<ul>\n<li>Bessere Nutzung des technologisch m\u00f6glichen Ressourceneinsparpotentials<\/li>\n<li>Erh\u00f6hung der Effektivit\u00e4t technologischer Effizienzstrategien<\/li>\n<li>Unterst\u00fctzung der nachhaltigen Entwicklung urbaner Lebensstile durch Smart Cities-Technologien und damit verbunden Steigerung der Nachfrage nach ressourcensparenden Technologien und L\u00f6sungen<\/li>\n<li>Erweiterung der Linzer Smart Cities Strategie um soziale Innovationen und inhaltliche Vorbereitung eines entsprechenden Demonstrationsprojektes<\/li>\n<\/ul>\n<p>An <strong>Ergebnissen und Erkenntnissen<\/strong> werden vorliegen:<\/p>\n<p>1.\u00a0f\u00fcr die weiteren Smart Cities Aktivit\u00e4ten und f\u00fcr die \u00f6sterreichischen St\u00e4dte insgesamt:<\/p>\n<ul>\n<li>Strukturierung des neuen Handlungsfeldes \u201eVerbindung von technologischen und sozialen Innovationen\u201c f\u00fcr die Weiterentwicklung von Smart Cities Aktivit\u00e4ten;<\/li>\n<li>Darstellung m\u00f6glicher gesellschaftsbezogener Begleitma\u00dfnahmen zur besseren Nutzung technologisch er\u00f6ffneter Einsparpotentiale als Entscheidungsgrundlage f\u00fcr St\u00e4dte<\/li>\n<\/ul>\n<p>2.\u00a0f\u00fcr die Stadt Linz:<\/p>\n<ul>\n<li>Durchf\u00fchrung der erweiterten WearFair &amp;mehr Messe 2017;<\/li>\n<li>Erweiterung von Smart Cities-Vision 2050 und Roadmap um gesellschaftliche Aspekte und darauf aufbauend Vorbereitung eines Demonstrationsprojektes<\/li>\n<p>&nbsp;<\/p>\n<p><a id=\"artikeldownload\" href=\"http:\/\/oin.at\/_publikationen\/Projekt_SINN_Cities_Stand_Januar_2017.pdf\" target=\"_blank\"><img class=\"headerImagesForPages\" title=\"download\" src=\"images\/download_arrow.png\" alt=\"\" \/>download -&gt; update J\u00e4nner 2017<\/a><\/ul>\n","protected":false},"excerpt":{"rendered":"<p>SINN Cities \u2013 Soziale Innovationen in Smart Cities Das Projekt wird aus Mitteln des Klima- und Energiefonds gef\u00f6rdert und im Rahmen des Programms \u201eSmart Cities &hellip; <br \/><a class=\"read-more\" href=\"https:\/\/old.oin.at\/?page_id=2910\">Weiterlesen <span class=\"meta-nav\">&rarr;<\/span><\/a><\/p>\n","protected":false},"author":1,"featured_media":0,"parent":21,"menu_order":0,"comment_status":"closed","ping_status":"closed","template":"","meta":[],"_links":{"self":[{"href":"https:\/\/old.oin.at\/index.php?rest_route=\/wp\/v2\/pages\/2910"}],"collection":[{"href":"https:\/\/old.oin.at\/index.php?rest_route=\/wp\/v2\/pages"}],"about":[{"href":"https:\/\/old.oin.at\/index.php?rest_route=\/wp\/v2\/types\/page"}],"author":[{"embeddable":true,"href":"https:\/\/old.oin.at\/index.php?rest_route=\/wp\/v2\/users\/1"}],"replies":[{"embeddable":true,"href":"https:\/\/old.oin.at\/index.php?rest_route=%2Fwp%2Fv2%2Fcomments&post=2910"}],"version-history":[{"count":20,"href":"https:\/\/old.oin.at\/index.php?rest_route=\/wp\/v2\/pages\/2910\/revisions"}],"predecessor-version":[{"id":2930,"href":"https:\/\/old.oin.at\/index.php?rest_route=\/wp\/v2\/pages\/2910\/revisions\/2930"}],"up":[{"embeddable":true,"href":"https:\/\/old.oin.at\/index.php?rest_route=\/wp\/v2\/pages\/21"}],"wp:attachment":[{"href":"https:\/\/old.oin.at\/index.php?rest_route=%2Fwp%2Fv2%2Fmedia&parent=2910"}],"curies":[{"name":"wp","href":"https:\/\/api.w.org\/{rel}","templated":true}]}}