{"id":2707,"date":"2015-12-09T11:50:06","date_gmt":"2015-12-09T11:50:06","guid":{"rendered":"http:\/\/oin.at\/?page_id=2707"},"modified":"2016-01-12T13:40:18","modified_gmt":"2016-01-12T13:40:18","slug":"projekte_wohnzufriedenheit-im-sonnwendviertel","status":"publish","type":"page","link":"https:\/\/old.oin.at\/?page_id=2707","title":{"rendered":"Projekte_Wohnzufriedenheit im Sonnwendviertel"},"content":{"rendered":"<p id=\"projekte-header-small\">Wohnzufriedenheit im Sonnwendviertel<\/p>\n<p id=\"projekte-header-small2\">Eine Studie \u00fcber die Wohnzufriedenheit von BewohnerInnen in gef\u00f6rderten Wohnbauten des Wiener Sonnwendviertels<\/p>\n<p>Im Auftrag der MA50 Wiener Wohnbauforschung; <strong>Laufzeit:<\/strong> Sep 2015 \u2013 Dez 2015<\/p>\n<p><strong>Projektleitung:<\/strong> Dr. Anja Christanell (\u00d6IN)<\/p>\n<p><strong>Projektbearbeitung:<\/strong> Dr. Anja Christanell, Mag. Elisabeth Sophie Mayrhuber, Sylvia Mandl, MSc, Mag. Michaela Leitner (\u00d6IN)<\/p>\n<p>In der Studie wird die Wohnzufriedenheit von BewohnerInnen in den bereits besiedelten, gef\u00f6rderten Wohnbauten im Wiener Sonnwendviertel untersucht.<\/p>\n<p>Die beiden Hauptziele der Studie sind 1) mittels einer quantitativen Erhebung unter den BewohnerInnen der sieben bereits besiedelten Baupl\u00e4tze sowie einer qualitativen Befragung von Gesch\u00e4ftstreibenden im Sonnwendviertel Erkenntnisse hinsichtlich bestimmter Aspekte ihrer Wohnzufriedenheit, der Qualit\u00e4t ihrer Nachbarschaft sowie der Gestaltung und Nutzung ihres Wohnumfelds und 2) damit verbundene Einsichten zur Umsetzung sozialer Nachhaltigkeit im gef\u00f6rderten Wohnbau f\u00fcr die zuk\u00fcnftige Wohnraumplanung, Wohnbauf\u00f6rderung und Stadtteilentwicklung zu gewinnen.<\/p>\n<p>Im Zentrum der Studie steht die Frage, inwiefern die BewohnerInnen in ihr Wohnumfeld sozial integriert sind und sie dieses nutzen, gestalten und beurteilen. Themen der Befragung sind daher nicht nur, ob und wie die BewohnerInnen mit ihren NachbarInnen vernetzt sind, sondern auch, auf welchen Wegen sie mit ihnen in Kontakt treten und wie zufrieden sie mit der Intensit\u00e4t dieser Kontakte sind. Die Nutzung des Wohnumfelds (konkreter der Erdgescho\u00dfzonen) aus Sicht der BewohnerInnen, aber auch der BetreiberInnen von Gesch\u00e4ftslokalen wird ebenfalls erhoben, ebenso wie die Beteiligung an der Gestaltung des Wohnumfelds. Im Fokus der Studie sind au\u00dferdem wichtige Aspekte der Wohnzufriedenheit mit der Wohnumgebung, genauer mit verschiedenen Aspekten der Infrastruktur und der Leistbarkeit des Wohnens im Sonnwendviertel.<\/p>\n<p class=\"projekt-div-header\"><img id=\"teamImages_publikationen\" title=\"Publikationen\" src=\"images_seiten\/InnerHeader_Publikationen.png\" alt=\"\" \/><\/p>\n<p>Christanell, Anja; Mayrhuber, Elisabeth Sophie; Mandl, Sylvia; Leitner, Michaela (2015): Wohnzufriedenheit im Sonnwendviertel: Eine Studie \u00fcber die Wohnzufriedenheit von BewohnerInnen in gef\u00f6rderten Wohnbauten des Wiener Sonnwendviertels. Endbericht. Wien: \u00d6sterreichisches Institut f\u00fcr Nachhaltige Entwicklung.<\/p>\n","protected":false},"excerpt":{"rendered":"<p>Wohnzufriedenheit im Sonnwendviertel Eine Studie \u00fcber die Wohnzufriedenheit von BewohnerInnen in gef\u00f6rderten Wohnbauten des Wiener Sonnwendviertels Im Auftrag der MA50 Wiener Wohnbauforschung; Laufzeit: Sep 2015 &hellip; <br \/><a class=\"read-more\" href=\"https:\/\/old.oin.at\/?page_id=2707\">Weiterlesen <span class=\"meta-nav\">&rarr;<\/span><\/a><\/p>\n","protected":false},"author":1,"featured_media":0,"parent":21,"menu_order":0,"comment_status":"closed","ping_status":"closed","template":"","meta":[],"_links":{"self":[{"href":"https:\/\/old.oin.at\/index.php?rest_route=\/wp\/v2\/pages\/2707"}],"collection":[{"href":"https:\/\/old.oin.at\/index.php?rest_route=\/wp\/v2\/pages"}],"about":[{"href":"https:\/\/old.oin.at\/index.php?rest_route=\/wp\/v2\/types\/page"}],"author":[{"embeddable":true,"href":"https:\/\/old.oin.at\/index.php?rest_route=\/wp\/v2\/users\/1"}],"replies":[{"embeddable":true,"href":"https:\/\/old.oin.at\/index.php?rest_route=%2Fwp%2Fv2%2Fcomments&post=2707"}],"version-history":[{"count":9,"href":"https:\/\/old.oin.at\/index.php?rest_route=\/wp\/v2\/pages\/2707\/revisions"}],"predecessor-version":[{"id":2735,"href":"https:\/\/old.oin.at\/index.php?rest_route=\/wp\/v2\/pages\/2707\/revisions\/2735"}],"up":[{"embeddable":true,"href":"https:\/\/old.oin.at\/index.php?rest_route=\/wp\/v2\/pages\/21"}],"wp:attachment":[{"href":"https:\/\/old.oin.at\/index.php?rest_route=%2Fwp%2Fv2%2Fmedia&parent=2707"}],"curies":[{"name":"wp","href":"https:\/\/api.w.org\/{rel}","templated":true}]}}