{"id":2697,"date":"2015-12-09T11:22:39","date_gmt":"2015-12-09T11:22:39","guid":{"rendered":"http:\/\/oin.at\/?page_id=2697"},"modified":"2016-01-12T13:40:35","modified_gmt":"2016-01-12T13:40:35","slug":"projekte_energiepartnerinnen-von-nebenan","status":"publish","type":"page","link":"https:\/\/old.oin.at\/?page_id=2697","title":{"rendered":"Projekte_Evaluierungsstudie zu EnergiepartnerInnen von nebenan"},"content":{"rendered":"<p id=\"projekte-header-small\">Evaluierungsstudie zu EnergiepartnerInnen von nebenan<\/p>\n<p id=\"projekte-header-small2\">Analyse zu Erfahrungen mit bisherigen Erstberatungen und in weiteren energiebezogenen Initiativen<\/p>\n<p>Im Auftrag von \u00d6kosoziales Forum Wien und Wohnpartner; <strong>Laufzeit:<\/strong> Aug 2015 \u2013 Dez 2015<\/p>\n<p><strong>Projektleitung:<\/strong> Dr. Anja Christanell (\u00d6IN)<\/p>\n<p><strong>Projektbearbeitung:<\/strong> Dr. Anja Christanell, Maria Riegler, BSc (\u00d6IN)<\/p>\n<p>Das \u00d6kosoziale Forum Wien und Wohnpartner starteten 2012 das Projekt \u201eEnergiepartnerInnen von nebenan\u201c und bilden seither GemeindebaumieterInnen kostenlos zu EnergiepartnerInnen aus. In einer zehnt\u00e4gigen Ausbildung zu je drei Stunden werden Interessierte zu energieeffizientem Wohnen und Kommunikation von der Umweltberatung Wien geschult. Sie erhalten Kenntnisse in den Bereichen Stromsparen, Schimmelvermeidung, Raumklima sowie zahlreiche Tipps zu Energiesparen und zum richtigen Lesen der Energieabrechnung. Der dritte Lehrgang konnte im Herbst 2014 erfolgreich mit dem Energief\u00fchrerschein abgeschlossen werden.<\/p>\n<p>Das \u00d6sterreichische Institut f\u00fcr Nachhaltige Entwicklung (\u00d6IN) wurde beauftragt 1) die bisher analog gesammelten Daten zu den beratenen Haushalten zu erfassen und die quantitativen Daten auszuwerten sowie 2) eine qualitative Befragung zentraler Akteure des Projekts durchzuf\u00fchren und die qualitativen Daten auszuwerten.<\/p>\n<p class=\"projekt-div-header\"><img id=\"teamImages_publikationen\" title=\"Publikationen\" src=\"images_seiten\/InnerHeader_Publikationen.png\" alt=\"\" \/><\/p>\n<p>Christanell, Anja; Riegler, Maria (2015): EnergiepartnerInnen von nebenan: Analyse zu Erfahrungen mit bisherigen Erstberatungen und in weiteren energiebezogenen Initiativen. Endbericht. Wien: \u00d6sterreichisches Institut f\u00fcr Nachhaltige Entwicklung.<\/p>\n","protected":false},"excerpt":{"rendered":"<p>Evaluierungsstudie zu EnergiepartnerInnen von nebenan Analyse zu Erfahrungen mit bisherigen Erstberatungen und in weiteren energiebezogenen Initiativen Im Auftrag von \u00d6kosoziales Forum Wien und Wohnpartner; Laufzeit: &hellip; <br \/><a class=\"read-more\" href=\"https:\/\/old.oin.at\/?page_id=2697\">Weiterlesen <span class=\"meta-nav\">&rarr;<\/span><\/a><\/p>\n","protected":false},"author":1,"featured_media":0,"parent":21,"menu_order":0,"comment_status":"closed","ping_status":"closed","template":"","meta":[],"_links":{"self":[{"href":"https:\/\/old.oin.at\/index.php?rest_route=\/wp\/v2\/pages\/2697"}],"collection":[{"href":"https:\/\/old.oin.at\/index.php?rest_route=\/wp\/v2\/pages"}],"about":[{"href":"https:\/\/old.oin.at\/index.php?rest_route=\/wp\/v2\/types\/page"}],"author":[{"embeddable":true,"href":"https:\/\/old.oin.at\/index.php?rest_route=\/wp\/v2\/users\/1"}],"replies":[{"embeddable":true,"href":"https:\/\/old.oin.at\/index.php?rest_route=%2Fwp%2Fv2%2Fcomments&post=2697"}],"version-history":[{"count":14,"href":"https:\/\/old.oin.at\/index.php?rest_route=\/wp\/v2\/pages\/2697\/revisions"}],"predecessor-version":[{"id":2741,"href":"https:\/\/old.oin.at\/index.php?rest_route=\/wp\/v2\/pages\/2697\/revisions\/2741"}],"up":[{"embeddable":true,"href":"https:\/\/old.oin.at\/index.php?rest_route=\/wp\/v2\/pages\/21"}],"wp:attachment":[{"href":"https:\/\/old.oin.at\/index.php?rest_route=%2Fwp%2Fv2%2Fmedia&parent=2697"}],"curies":[{"name":"wp","href":"https:\/\/api.w.org\/{rel}","templated":true}]}}