{"id":2590,"date":"2015-05-11T13:25:24","date_gmt":"2015-05-11T13:25:24","guid":{"rendered":"http:\/\/oin.at\/?page_id=2590"},"modified":"2016-01-12T10:59:55","modified_gmt":"2016-01-12T10:59:55","slug":"projekte_erhebungsinstrument-klimabewusstsein","status":"publish","type":"page","link":"https:\/\/old.oin.at\/?page_id=2590","title":{"rendered":"Projekte_Erhebungsinstrument Klimabewusstsein"},"content":{"rendered":"<p id=\"projekte-header-small\">Methodische Reflexion und Konzeption eines Erhebungsinstruments zu Klimabewusstsein und klimarelevantem Verhalten von Wiener Jugendlichen<\/p>\n<p>Im Auftrag der Wissenschafts- und Forschungsf\u00f6rderung der Kulturabteilung der Stadt Wien (MA7); <strong>Laufzeit:<\/strong> Dez 2013 \u2013 Jun 2014<\/p>\n<p><strong>Projektleitung und -bearbeitung:<\/strong> Mag. Elisabeth Sophie Mayrhuber (\u00d6IN)<\/p>\n<p>Von den drastischen \u00f6kologischen, sozialen und \u00f6konomischen Auswirkungen des Klimawandels (vgl. IPCC 2014) werden unumstritten junge Menschen am st\u00e4rksten betroffen sein. Diese Zielgruppe ist sowohl im Hinblick auf das Klimabewusstsein als auch auf das klimarelevante Verhalten heterogen und wirksame Kommunikationsformate m\u00fcssen spezifische Pr\u00e4ferenzen und Bewusstseinsdimensionen ber\u00fccksichtigen.<\/p>\n<p>Die Studie wurde von folgenden Untersuchungsfragen geleitet:<\/p>\n<ul>\n<li> Wie werden die Dimensionen des Klimabewusstseins und klimarelevantem Verhalten junger Menschen in ausgew\u00e4hlten Frageb\u00f6gen erhoben?<\/li>\n<li> Welche methodologischen und methodischen Probleme k\u00f6nnen bei den Untersuchungen von Klimabewusstsein und klimarelevantem Verhalten auftreten?<\/li>\n<li> Welche Ergebnisse zeigen sich hinsichtlich der Lesbarkeit und Verst\u00e4ndlichkeit durch die erste Auswertung des Pretests?<\/li>\n<\/ul>\n<p>Zun\u00e4chst wurde in der Studie er\u00f6rtert wie diese Dimensionen in fr\u00fcheren Studien erfasst wurden und Ausz\u00fcge aus unterschiedlichen Frageb\u00f6gen exemplarisch dargestellt. Anschlie\u00dfend wurden grunds\u00e4tzliche \u00dcberlegungen bez\u00fcglich methodologischen und methodischen Schwierigkeiten bei Verhaltensuntersuchungen ausgef\u00fchrt. Die methodische Reflexion erlaubte eine direkte Kontrastierung von Frageformulierungen auf einer Metaebene, die unterst\u00fctzend f\u00fcr die Konstruktion des Erhebungsinstruments war. Der entworfene Fragebogen wurde dann mit dem Ziel der Qualit\u00e4tsverbesserung bei 72 Jugendlichen, die zum Zeitpunkt der Erhebung eine au\u00dferbetriebliche Lehre bei der Firma Kapsch absolvierten und im Alter zwischen 15 und 22 waren, getestet. Die erhobenen Daten wurden ausgewertet, wobei hier der Fokus darauf gelegt wurde die entstandenen Schwierigkeiten mit dem Fragebogen zu dokumentieren und m\u00f6gliche Adaptionsvorschl\u00e4ge aufzuzeichnen.<\/p>\n<p class=\"projekt-div-header\"><img id=\"teamImages_publikationen\" title=\"Publikationen\" src=\"images_seiten\/InnerHeader_Publikationen.png\" alt=\"\" \/><\/p>\n<p>Mayrhuber, Elisabeth Sophie (2014). Methodische Reflexion und Konzeption eines Erhebungsinstruments zu Klimabewusstsein und klimarelevantem Verhalten von Wiener Jugendlichen. Endbericht. Wien: \u00d6sterreichisches Institut f\u00fcr Nachhaltige Entwicklung.<\/p>\n","protected":false},"excerpt":{"rendered":"<p>Methodische Reflexion und Konzeption eines Erhebungsinstruments zu Klimabewusstsein und klimarelevantem Verhalten von Wiener Jugendlichen Im Auftrag der Wissenschafts- und Forschungsf\u00f6rderung der Kulturabteilung der Stadt Wien &hellip; <br \/><a class=\"read-more\" href=\"https:\/\/old.oin.at\/?page_id=2590\">Weiterlesen <span class=\"meta-nav\">&rarr;<\/span><\/a><\/p>\n","protected":false},"author":1,"featured_media":0,"parent":21,"menu_order":0,"comment_status":"closed","ping_status":"closed","template":"","meta":[],"_links":{"self":[{"href":"https:\/\/old.oin.at\/index.php?rest_route=\/wp\/v2\/pages\/2590"}],"collection":[{"href":"https:\/\/old.oin.at\/index.php?rest_route=\/wp\/v2\/pages"}],"about":[{"href":"https:\/\/old.oin.at\/index.php?rest_route=\/wp\/v2\/types\/page"}],"author":[{"embeddable":true,"href":"https:\/\/old.oin.at\/index.php?rest_route=\/wp\/v2\/users\/1"}],"replies":[{"embeddable":true,"href":"https:\/\/old.oin.at\/index.php?rest_route=%2Fwp%2Fv2%2Fcomments&post=2590"}],"version-history":[{"count":5,"href":"https:\/\/old.oin.at\/index.php?rest_route=\/wp\/v2\/pages\/2590\/revisions"}],"predecessor-version":[{"id":2725,"href":"https:\/\/old.oin.at\/index.php?rest_route=\/wp\/v2\/pages\/2590\/revisions\/2725"}],"up":[{"embeddable":true,"href":"https:\/\/old.oin.at\/index.php?rest_route=\/wp\/v2\/pages\/21"}],"wp:attachment":[{"href":"https:\/\/old.oin.at\/index.php?rest_route=%2Fwp%2Fv2%2Fmedia&parent=2590"}],"curies":[{"name":"wp","href":"https:\/\/api.w.org\/{rel}","templated":true}]}}