{"id":2472,"date":"2015-03-12T11:43:13","date_gmt":"2015-03-12T11:43:13","guid":{"rendered":"http:\/\/oin.at\/?page_id=2472"},"modified":"2015-03-12T11:43:33","modified_gmt":"2015-03-12T11:43:33","slug":"projekte_energiearmut-com","status":"publish","type":"page","link":"https:\/\/old.oin.at\/?page_id=2472","title":{"rendered":"Projekte_energiearmut.com"},"content":{"rendered":"<p id=\"projekte-header-small\">energiearmut.com \u2013 Redaktionelle Leitung und Betreuung der Webseite zum Strategieprozess einer innovativen und sozialen Energiezukunft<\/p>\n<p>Im Auftrag des Klima- und Energiefonds;\u00a0<strong>Laufzeit:<\/strong> Mai 2014 \u2013 Mai 2015<\/p>\n<p><strong>Redaktionelle Leitung und Kommunikation:<\/strong> Dr. Anja Christanell (\u00d6IN)<\/p>\n<p>Die Webseite <a href=\"http:\/\/www.energiearmut.com\/\">energiearmut.com<\/a> wurde im Herbst 2013 im Rahmen des KLI.EN-gef\u00f6rderten <a href=\"http:\/\/oin.at\/?page_id=855\">Pilotprojekts gegen Energiearmut<\/a> als Plattform zum Thema Energiearmut ins Leben gerufen. Die Informationsplattform stellt umfassend alle Forschungs- und Praxisprojekte sowie Initiativen gegen Energiearmut in \u00d6sterreich vor, die sowohl klimaschutzrelevante als auch soziale Ziele verfolgen. Des Weiteren umfasst sie s\u00e4mtliche wissenschaftlichen Publikationen zum Thema Energiearmut, die in \u00d6sterreich in den letzten Jahren publiziert wurden.<\/p>\n<p>Ziel ist es die bestehende Webseite \u00fcber das bereits abgeschlossene Projekt hinaus weiterhin zu betreuen sowie inhaltlich \u00fcber das Problemfeld der Energiearmut hinauszugehen und Projekte und Initiativen, die dahinter stehenden Personen sowie Publikationen vorzustellen, die dazu beitragen Energiezukunft und -gegenwart in \u00d6sterreich innovativ und sozial zu gestalten.<\/p>\n","protected":false},"excerpt":{"rendered":"<p>energiearmut.com \u2013 Redaktionelle Leitung und Betreuung der Webseite zum Strategieprozess einer innovativen und sozialen Energiezukunft Im Auftrag des Klima- und Energiefonds;\u00a0Laufzeit: Mai 2014 \u2013 Mai &hellip; <br \/><a class=\"read-more\" href=\"https:\/\/old.oin.at\/?page_id=2472\">Weiterlesen <span class=\"meta-nav\">&rarr;<\/span><\/a><\/p>\n","protected":false},"author":1,"featured_media":0,"parent":21,"menu_order":0,"comment_status":"closed","ping_status":"closed","template":"","meta":[],"_links":{"self":[{"href":"https:\/\/old.oin.at\/index.php?rest_route=\/wp\/v2\/pages\/2472"}],"collection":[{"href":"https:\/\/old.oin.at\/index.php?rest_route=\/wp\/v2\/pages"}],"about":[{"href":"https:\/\/old.oin.at\/index.php?rest_route=\/wp\/v2\/types\/page"}],"author":[{"embeddable":true,"href":"https:\/\/old.oin.at\/index.php?rest_route=\/wp\/v2\/users\/1"}],"replies":[{"embeddable":true,"href":"https:\/\/old.oin.at\/index.php?rest_route=%2Fwp%2Fv2%2Fcomments&post=2472"}],"version-history":[{"count":4,"href":"https:\/\/old.oin.at\/index.php?rest_route=\/wp\/v2\/pages\/2472\/revisions"}],"predecessor-version":[{"id":2476,"href":"https:\/\/old.oin.at\/index.php?rest_route=\/wp\/v2\/pages\/2472\/revisions\/2476"}],"up":[{"embeddable":true,"href":"https:\/\/old.oin.at\/index.php?rest_route=\/wp\/v2\/pages\/21"}],"wp:attachment":[{"href":"https:\/\/old.oin.at\/index.php?rest_route=%2Fwp%2Fv2%2Fmedia&parent=2472"}],"curies":[{"name":"wp","href":"https:\/\/api.w.org\/{rel}","templated":true}]}}