{"id":2467,"date":"2015-03-12T11:36:39","date_gmt":"2015-03-12T11:36:39","guid":{"rendered":"http:\/\/oin.at\/?page_id=2467"},"modified":"2015-04-07T11:04:21","modified_gmt":"2015-04-07T11:04:21","slug":"projekte_ausbau-der-gesellschaftsbezogenen-nachhaltigkeitsforschung","status":"publish","type":"page","link":"https:\/\/old.oin.at\/?page_id=2467","title":{"rendered":"Projekte_Ausbau der gesellschaftsbezogenen Nachhaltigkeitsforschung"},"content":{"rendered":"<p id=\"projekte-header-small\">Ausbau der gesellschaftsbezogenen Nachhaltigkeitsforschung<\/p>\n<p>Im Auftrag des Bundesministeriums f\u00fcr Wissenschaft, Forschung und Wirtschaft (BMWFW);\u00a0<strong>Laufzeit:<\/strong> Mai 2011 \u2013 Dez 2015<\/p>\n<p><strong>Projektleitung und -bearbeitung:<\/strong> Dr. Anja Christanell (\u00d6IN)<\/p>\n<p>Das Projekt \u201eAusbau der gesellschaftsbezogenen Nachhaltigkeitsforschung\u201c wurde an der Universit\u00e4t f\u00fcr Bodenkultur Wien f\u00fcr den Zeitraum Mai 2011 bis Dezember 2015 etabliert. Im Zuge der vom BMWFW (ehemals BMWF) gef\u00f6rderten Leistungsvereinbarung wurde das \u00d6sterreichische Institut f\u00fcr Nachhaltige Entwicklung (\u00d6IN) mit dem Projekt beauftragt und der \u00d6IN-Schwerpunkt der gesellschaftsbezogenen Nachhaltigkeitsforschung am Zentrum f\u00fcr Globalen Wandel und Nachhaltigkeit (GWN) an der Universit\u00e4t f\u00fcr Bodenkultur Wien eingerichtet. In kontinuierlicher Absprache mit dem GWN hat das \u00d6IN dazu beigetragen, die gesellschaftsbezogene Nachhaltigkeitsforschung im universit\u00e4ren Bereich insgesamt und an der Universit\u00e4t f\u00fcr Bodenkultur Wien im Speziellen weiterzuentwickeln und auszubauen.<\/p>\n<p>Durch die BMWFW-gef\u00f6rderte Leistungsvereinbarung zwischen der Universit\u00e4t f\u00fcr Bodenkultur Wien und dem \u00d6sterreichischen Institut f\u00fcr Nachhaltige Entwicklung wurden der Aufbau von Forschungsschwerpunkten erm\u00f6glicht, die Internationalisierung der wissenschaftlichen Arbeit konsolidiert, neue Projekte beantragt, die \u00d6ffentlichkeitsarbeit und Publikationst\u00e4tigkeiten verst\u00e4rkt sowie AkademikerInnen zu Beginn ihrer beruflichen Laufbahn qualifiziert.<\/p>\n","protected":false},"excerpt":{"rendered":"<p>Ausbau der gesellschaftsbezogenen Nachhaltigkeitsforschung Im Auftrag des Bundesministeriums f\u00fcr Wissenschaft, Forschung und Wirtschaft (BMWFW);\u00a0Laufzeit: Mai 2011 \u2013 Dez 2015 Projektleitung und -bearbeitung: Dr. Anja Christanell &hellip; <br \/><a class=\"read-more\" href=\"https:\/\/old.oin.at\/?page_id=2467\">Weiterlesen <span class=\"meta-nav\">&rarr;<\/span><\/a><\/p>\n","protected":false},"author":1,"featured_media":0,"parent":21,"menu_order":0,"comment_status":"closed","ping_status":"closed","template":"","meta":[],"_links":{"self":[{"href":"https:\/\/old.oin.at\/index.php?rest_route=\/wp\/v2\/pages\/2467"}],"collection":[{"href":"https:\/\/old.oin.at\/index.php?rest_route=\/wp\/v2\/pages"}],"about":[{"href":"https:\/\/old.oin.at\/index.php?rest_route=\/wp\/v2\/types\/page"}],"author":[{"embeddable":true,"href":"https:\/\/old.oin.at\/index.php?rest_route=\/wp\/v2\/users\/1"}],"replies":[{"embeddable":true,"href":"https:\/\/old.oin.at\/index.php?rest_route=%2Fwp%2Fv2%2Fcomments&post=2467"}],"version-history":[{"count":5,"href":"https:\/\/old.oin.at\/index.php?rest_route=\/wp\/v2\/pages\/2467\/revisions"}],"predecessor-version":[{"id":2471,"href":"https:\/\/old.oin.at\/index.php?rest_route=\/wp\/v2\/pages\/2467\/revisions\/2471"}],"up":[{"embeddable":true,"href":"https:\/\/old.oin.at\/index.php?rest_route=\/wp\/v2\/pages\/21"}],"wp:attachment":[{"href":"https:\/\/old.oin.at\/index.php?rest_route=%2Fwp%2Fv2%2Fmedia&parent=2467"}],"curies":[{"name":"wp","href":"https:\/\/api.w.org\/{rel}","templated":true}]}}