{"id":2448,"date":"2015-03-12T10:43:33","date_gmt":"2015-03-12T10:43:33","guid":{"rendered":"http:\/\/oin.at\/?page_id=2448"},"modified":"2016-01-19T10:39:27","modified_gmt":"2016-01-19T10:39:27","slug":"smart-4all-citizens-%e2%80%93-soziale-indikatoren-fur-smart-city-profiles","status":"publish","type":"page","link":"https:\/\/old.oin.at\/?page_id=2448","title":{"rendered":"Projekte_SMART 4all citizens"},"content":{"rendered":"<p id=\"projekte-header-small\">SMART 4all citizens \u2013 Soziale Indikatoren f\u00fcr Smart City Profiles<\/p>\n<p>Im Auftrag des \u00d6sterreichischen St\u00e4dtebunds; <strong>Laufzeit:<\/strong> Jan 2015 \u2013 Mrz 2015<\/p>\n<p><strong>Projektleitung:<\/strong> Univ.-Doz. Dr. Dietmar Kanatschnig (\u00d6IN)<\/p>\n<p><strong>Projektbearbeitung:<\/strong> Univ.-Doz. Dr. Dietmar Kanatschnig, Dr. Anja Christanell (\u00d6IN)<\/p>\n<p><strong>Projektpartner:<\/strong> Stadt Linz<\/p>\n<p>Das \u00d6sterreichische Institut f\u00fcr Nachhaltige Entwicklung (\u00d6IN) wurde von Seiten des \u00d6sterreichischen St\u00e4dtebunds mit der Analyse sozialer Indikatoren f\u00fcr Smart Cities beauftragt, anhand derer sowohl erw\u00fcnschte als auch unerw\u00fcnschte gesellschaftliche Auswirkungen erfasst werden k\u00f6nnen.<\/p>\n<p>Durch das \u00d6IN-Projekt \u201eSMART 4all citizens\u201c sollen die gesellschaftlichen Indikatoren, die sowohl erw\u00fcnschte (z.B. in Hinblick auf Lebensqualit\u00e4t) als auch unerw\u00fcnschte soziale Auswirkungen (z.B. Energiearmut) erfassen, umfassender in das bereits bestehende Projekt \u201eSmart City Profiles\u201c integriert werden \u2013 unter Ber\u00fccksichtigung der Datenverf\u00fcgbarkeit f\u00fcr die betreffenden \u00f6sterreichischen St\u00e4dte.<br \/>\nDie Erg\u00e4nzung um soziale Indikatoren erfolgt in enger Zusammenarbeit mit der Stadt Linz.<\/p>\n<p class=\"projekt-div-header\"><img id=\"teamImages_publikationen\" title=\"Publikationen\" src=\"images_seiten\/InnerHeader_Publikationen.png\" alt=\"\" \/><\/p>\n<p>Kanatschnig, Dietmar (2015): SMART4all citizens \u2013 Soziale Indikatoren f\u00fcr Smart City Profiles. Vortrag im Rahmen des Workshops \u201eWeiterentwicklung von Stadtprofilen zur Smart City\u201c, 25.02.2015, Linz.<br \/>\n<a id=\"artikeldownload\" href=\"http:\/\/oin.at\/_publikationen\/PublikationenNEU\/Vortraege\/Smart4all_Praesentation_20150225_FINAL.pdf\" target=\"_blank\"><img class=\"headerImagesForPages\" title=\"download\" src=\"images\/download_arrow.png\" alt=\"\" \/>download<\/a><\/p>\n","protected":false},"excerpt":{"rendered":"<p>SMART 4all citizens \u2013 Soziale Indikatoren f\u00fcr Smart City Profiles Im Auftrag des \u00d6sterreichischen St\u00e4dtebunds; Laufzeit: Jan 2015 \u2013 Mrz 2015 Projektleitung: Univ.-Doz. Dr. Dietmar &hellip; <br \/><a class=\"read-more\" href=\"https:\/\/old.oin.at\/?page_id=2448\">Weiterlesen <span class=\"meta-nav\">&rarr;<\/span><\/a><\/p>\n","protected":false},"author":1,"featured_media":0,"parent":21,"menu_order":0,"comment_status":"closed","ping_status":"closed","template":"","meta":[],"_links":{"self":[{"href":"https:\/\/old.oin.at\/index.php?rest_route=\/wp\/v2\/pages\/2448"}],"collection":[{"href":"https:\/\/old.oin.at\/index.php?rest_route=\/wp\/v2\/pages"}],"about":[{"href":"https:\/\/old.oin.at\/index.php?rest_route=\/wp\/v2\/types\/page"}],"author":[{"embeddable":true,"href":"https:\/\/old.oin.at\/index.php?rest_route=\/wp\/v2\/users\/1"}],"replies":[{"embeddable":true,"href":"https:\/\/old.oin.at\/index.php?rest_route=%2Fwp%2Fv2%2Fcomments&post=2448"}],"version-history":[{"count":19,"href":"https:\/\/old.oin.at\/index.php?rest_route=\/wp\/v2\/pages\/2448\/revisions"}],"predecessor-version":[{"id":2765,"href":"https:\/\/old.oin.at\/index.php?rest_route=\/wp\/v2\/pages\/2448\/revisions\/2765"}],"up":[{"embeddable":true,"href":"https:\/\/old.oin.at\/index.php?rest_route=\/wp\/v2\/pages\/21"}],"wp:attachment":[{"href":"https:\/\/old.oin.at\/index.php?rest_route=%2Fwp%2Fv2%2Fmedia&parent=2448"}],"curies":[{"name":"wp","href":"https:\/\/api.w.org\/{rel}","templated":true}]}}