{"id":244,"date":"2011-07-21T09:19:34","date_gmt":"2011-07-21T09:19:34","guid":{"rendered":"http:\/\/localhost\/wordpress\/?page_id=244"},"modified":"2015-02-23T14:51:55","modified_gmt":"2015-02-23T14:51:55","slug":"projekte_zarchiv_institutionelle-innovationsstrategien","status":"publish","type":"page","link":"https:\/\/old.oin.at\/?page_id=244","title":{"rendered":"Projekte_InstitutionelleInnovationsstrategien"},"content":{"rendered":"<p id=\"projekte-header-small\">Institutionelle Innovationsstrategien: Strategien zur Initiierung und Umsetzung institutioneller Innovationen f\u00fcr eine nachhaltige Entwicklung<\/p>\n<p><strong>Projektleitung und -bearbeitung:<\/strong> Dietmar Kanatschnig, Petra Schmutz (\u00d6IN)<\/p>\n<p>Aufgabe und Ziel der vorliegenden Studie war es, ad\u00e4quate L\u00f6sungsstrategien zu erarbeiten, welche die Umsetzung des Konzepts der Nachhaltigkeit forcieren. F\u00fcr die zentralen Akteure der \u00f6sterreichischen Institutionenlandschaft \u2013 Politik, Verwaltung, Wirtschaft, B\u00fcrgerInnen, NGOs und Wissenschaft &#8211; wurden im Rahmen dieses Projektes 60 institutionelle Innovationen entwickelt und beschrieben sowie die speziell technologiepolitisch relevanten Auswirkungen und Handlungsm\u00f6glichkeiten aufgezeigt.<\/p>\n","protected":false},"excerpt":{"rendered":"<p>Institutionelle Innovationsstrategien: Strategien zur Initiierung und Umsetzung institutioneller Innovationen f\u00fcr eine nachhaltige Entwicklung Projektleitung und -bearbeitung: Dietmar Kanatschnig, Petra Schmutz (\u00d6IN) Aufgabe und Ziel der &hellip; <br \/><a class=\"read-more\" href=\"https:\/\/old.oin.at\/?page_id=244\">Weiterlesen <span class=\"meta-nav\">&rarr;<\/span><\/a><\/p>\n","protected":false},"author":1,"featured_media":0,"parent":21,"menu_order":0,"comment_status":"closed","ping_status":"open","template":"","meta":[],"_links":{"self":[{"href":"https:\/\/old.oin.at\/index.php?rest_route=\/wp\/v2\/pages\/244"}],"collection":[{"href":"https:\/\/old.oin.at\/index.php?rest_route=\/wp\/v2\/pages"}],"about":[{"href":"https:\/\/old.oin.at\/index.php?rest_route=\/wp\/v2\/types\/page"}],"author":[{"embeddable":true,"href":"https:\/\/old.oin.at\/index.php?rest_route=\/wp\/v2\/users\/1"}],"replies":[{"embeddable":true,"href":"https:\/\/old.oin.at\/index.php?rest_route=%2Fwp%2Fv2%2Fcomments&post=244"}],"version-history":[{"count":14,"href":"https:\/\/old.oin.at\/index.php?rest_route=\/wp\/v2\/pages\/244\/revisions"}],"predecessor-version":[{"id":2404,"href":"https:\/\/old.oin.at\/index.php?rest_route=\/wp\/v2\/pages\/244\/revisions\/2404"}],"up":[{"embeddable":true,"href":"https:\/\/old.oin.at\/index.php?rest_route=\/wp\/v2\/pages\/21"}],"wp:attachment":[{"href":"https:\/\/old.oin.at\/index.php?rest_route=%2Fwp%2Fv2%2Fmedia&parent=244"}],"curies":[{"name":"wp","href":"https:\/\/api.w.org\/{rel}","templated":true}]}}