{"id":230,"date":"2011-07-21T09:15:52","date_gmt":"2011-07-21T09:15:52","guid":{"rendered":"http:\/\/localhost\/wordpress\/?page_id=230"},"modified":"2015-02-23T14:48:28","modified_gmt":"2015-02-23T14:48:28","slug":"projekte_zarchiv_sustainable-lifestyles","status":"publish","type":"page","link":"https:\/\/old.oin.at\/?page_id=230","title":{"rendered":"Projekte_SustainableLifestyles"},"content":{"rendered":"<p id=\"projekte-header-small\">Sustainable Lifestyles<\/p>\n<p>Diese Studie wurde im Rahmen der Programmlinie \u201eFabrik der Zukunft&#8220;, in Zusammenarbeit mit dem Bundesministerium f\u00fcr Verkehr, Innovation und Technologie (BMVIT), durchgef\u00fchrt.<\/p>\n<p><strong>Projektleitung und -bearbeitung:<\/strong> Mag. Sylvia Brenzel (ASD), Mag. Martina Schmalnauer (\u00d6IN), DI Dr. Alfred Strigl (plenum), Univ.-Doz. Dr. Dietmar Kanatschnig, DI Dr. Florian Heiler (\u00d6IN)<\/p>\n<p>Ziel des Projekts ist es, durch transdisziplin\u00e4re Zusammenarbeit, Anforderungsprofile f\u00fcr eine nachhaltige Produktentwicklung und Vermarktung zu definieren sowie die Ableitung von Gestaltungsm\u00f6glichkeiten nachhaltiger Innovationen bei Produkten, Prozessen und Dienstleistungen.<\/p>\n<p>Als Arbeitsschwerpunkte wurden hierf\u00fcr die ressourcenintensivsten Bed\u00fcrfnisfelder ausgesucht, die die gr\u00f6\u00dften Potenziale f\u00fcr eine nachhaltige Entwicklung bieten: Ern\u00e4hrung und Freizeit.<\/p>\n<p>Das Projekt zeichnet sich durch eine ganzheitliche Herangehensweise aus, die auch die Einbindung von KonsumentInnen und Unternehmen aus den jeweiligen Branchen beinhaltet. Dadurch wird dem Projekt die notwendige \u201eBodenhaftung\u201c verliehen und der Bezug zur \u201eLebenswirklichkeit\u201c vermittelt.<\/p>\n<p>Das Projekt wird im Rahmen der Programmlinie &#8222;Fabrik der Zukunft&#8220; &#8211; einer Kooperation des Bundesministeriums f\u00fcr Verkehr, Innovation und Technologie mit der Forschungsf\u00f6rderungsgesellschaft &#8211; durchgef\u00fchrt.<\/p>\n<p class=\"projekt-div-header\"><img id=\"teamImages_publikationen\" title=\"Publikationen\" src=\"images_seiten\/InnerHeader_Publikationen.png\" alt=\"\" \/><\/p>\n<p>Heiler, Florian; Brunner, Karl-Michael; Strigl, Alfred; Leuthold, Margit; R\u00fctzler, Hanni; Keul, Alexander; Kanatschnig, Dietmar; Brenzel, Sylvia (2009): Sustainable Lifestyles. Nachhaltige Produkte, Dienstleistungen und Lebensstile hervorbringen: Analyse von Lebensstiltypologien, Gestaltungsm\u00f6glichkeiten f\u00fcr Unternehmen, Einbindung von KonsumentInnen und Stakeholders. BMVIT-Berichte aus Energie- und Umweltforschung 01\/2009. Wien: BMVIT.<br \/>\n<a id=\"artikeldownload\" href=\"http:\/\/www.nachhaltigwirtschaften.at\/fdz_pdf\/endbericht_0901_sustainable_lifestyles.pdf\" target=\"_blank\"><img class=\"headerImagesForPages\" title=\"link\" src=\"images\/download_arrow.png\" alt=\"\" \/>link<\/a><\/p>\n","protected":false},"excerpt":{"rendered":"<p>Sustainable Lifestyles Diese Studie wurde im Rahmen der Programmlinie \u201eFabrik der Zukunft&#8220;, in Zusammenarbeit mit dem Bundesministerium f\u00fcr Verkehr, Innovation und Technologie (BMVIT), durchgef\u00fchrt. Projektleitung &hellip; <br \/><a class=\"read-more\" href=\"https:\/\/old.oin.at\/?page_id=230\">Weiterlesen <span class=\"meta-nav\">&rarr;<\/span><\/a><\/p>\n","protected":false},"author":1,"featured_media":0,"parent":21,"menu_order":0,"comment_status":"closed","ping_status":"open","template":"","meta":[],"_links":{"self":[{"href":"https:\/\/old.oin.at\/index.php?rest_route=\/wp\/v2\/pages\/230"}],"collection":[{"href":"https:\/\/old.oin.at\/index.php?rest_route=\/wp\/v2\/pages"}],"about":[{"href":"https:\/\/old.oin.at\/index.php?rest_route=\/wp\/v2\/types\/page"}],"author":[{"embeddable":true,"href":"https:\/\/old.oin.at\/index.php?rest_route=\/wp\/v2\/users\/1"}],"replies":[{"embeddable":true,"href":"https:\/\/old.oin.at\/index.php?rest_route=%2Fwp%2Fv2%2Fcomments&post=230"}],"version-history":[{"count":18,"href":"https:\/\/old.oin.at\/index.php?rest_route=\/wp\/v2\/pages\/230\/revisions"}],"predecessor-version":[{"id":2400,"href":"https:\/\/old.oin.at\/index.php?rest_route=\/wp\/v2\/pages\/230\/revisions\/2400"}],"up":[{"embeddable":true,"href":"https:\/\/old.oin.at\/index.php?rest_route=\/wp\/v2\/pages\/21"}],"wp:attachment":[{"href":"https:\/\/old.oin.at\/index.php?rest_route=%2Fwp%2Fv2%2Fmedia&parent=230"}],"curies":[{"name":"wp","href":"https:\/\/api.w.org\/{rel}","templated":true}]}}