{"id":229,"date":"2011-07-21T09:15:31","date_gmt":"2011-07-21T09:15:31","guid":{"rendered":"http:\/\/localhost\/wordpress\/?page_id=229"},"modified":"2015-02-23T14:50:19","modified_gmt":"2015-02-23T14:50:19","slug":"projekte_zarchiv_werte-induzierte-innovationen","status":"publish","type":"page","link":"https:\/\/old.oin.at\/?page_id=229","title":{"rendered":"Projekte_WerteinduzierteInnovationen"},"content":{"rendered":"<p id=\"projekte-header-small\">Werte-induzierte Innovationen<\/p>\n<p>Eine Studie im Auftrag des Bundesministeriums f\u00fcr Verkehr, Innovation und Technologie (BMVIT)<\/p>\n<p><strong>Projektbearbeitung:<\/strong> DI Gisela Bosch, Mag. Monika Cerny, Univ.-Doz. Dr. Dietmar Kanatschnig, DI Dr. Alfred Strigl, Clemens Huber (\u00d6IN)<\/p>\n<p>\u00d6sterreich, zusammen mit allen anderen L\u00e4ndern der Erde, steht vor einer gro\u00dfen Herausforderung: Wie gestalten wir eine Gesellschaft, die auf nachhaltigen Prinzipien basiert, um den nachfolgenden Generationen ein Leben zu erm\u00f6glichen, in dem auch sie ihre Bed\u00fcrfnisse nach Frieden und hoher Lebensqualit\u00e4t erf\u00fcllen k\u00f6nnen?<\/p>\n<p>Im Rahmen des Projekts Wert-induzierte Innovationen befasst sich das \u00d6IN mit der Frage, wie ein Transitionsprozess in \u00d6sterreich in Gang gesetzt werden kann, um auf diese Herausforderungen zu reagieren und eine fundamentale Ver\u00e4nderung in Strukturen, Denken und Handeln auf gesamtgesellschaftlicher Ebene herbeizuf\u00fchren. Hierbei wird besonderes Gewicht auf die Erfahrungen verschiedener Menschen gelegt, die sich bereits \u00f6fter in den unterschiedlichsten Bereichen f\u00fcr Nachhaltigkeit eingesetzt haben, um deren Ansichten miteinflie\u00dfen zu lassen und in konkrete Handlungsvorschl\u00e4ge und Ma\u00dfnahmen, die zu einem gesamtgesellschaftliche Wandel f\u00fchren, umzusetzen. <\/p>\n<p class=\"projekt-div-header\"><img id=\"teamImages_publikationen\" title=\"Publikationen\" src=\"images_seiten\/InnerHeader_Publikationen.png\" alt=\"\" \/><\/p>\n<p>Bosch, Gisela; Cerny, Monika; Kanatschnig, Dietmar; Strigl, Alfred (2007): Werteinduzierte Innovationen. Analyse sowie Empfehlungen zur Einf\u00fchrung unkonventioneller Instrumente der Politikgestaltung zur F\u00f6rderung nachhaltiger Innovationen. BMVIT-Berichte aus Energie- und Umweltforschung 17\/2007. Wien: BMVIT.<br \/>\n<a id=\"artikeldownload\" href=\"http:\/\/www.nachhaltigwirtschaften.at\/nw_pdf\/0717_werteind_innovationen.pdf\" target=\"_blank\"><img class=\"headerImagesForPages\" title=\"link\" src=\"images\/download_arrow.png\" alt=\"\" \/>link<\/a><\/p>\n","protected":false},"excerpt":{"rendered":"<p>Werte-induzierte Innovationen Eine Studie im Auftrag des Bundesministeriums f\u00fcr Verkehr, Innovation und Technologie (BMVIT) Projektbearbeitung: DI Gisela Bosch, Mag. Monika Cerny, Univ.-Doz. Dr. Dietmar Kanatschnig, &hellip; <br \/><a class=\"read-more\" href=\"https:\/\/old.oin.at\/?page_id=229\">Weiterlesen <span class=\"meta-nav\">&rarr;<\/span><\/a><\/p>\n","protected":false},"author":1,"featured_media":0,"parent":21,"menu_order":0,"comment_status":"closed","ping_status":"open","template":"","meta":[],"_links":{"self":[{"href":"https:\/\/old.oin.at\/index.php?rest_route=\/wp\/v2\/pages\/229"}],"collection":[{"href":"https:\/\/old.oin.at\/index.php?rest_route=\/wp\/v2\/pages"}],"about":[{"href":"https:\/\/old.oin.at\/index.php?rest_route=\/wp\/v2\/types\/page"}],"author":[{"embeddable":true,"href":"https:\/\/old.oin.at\/index.php?rest_route=\/wp\/v2\/users\/1"}],"replies":[{"embeddable":true,"href":"https:\/\/old.oin.at\/index.php?rest_route=%2Fwp%2Fv2%2Fcomments&post=229"}],"version-history":[{"count":17,"href":"https:\/\/old.oin.at\/index.php?rest_route=\/wp\/v2\/pages\/229\/revisions"}],"predecessor-version":[{"id":2403,"href":"https:\/\/old.oin.at\/index.php?rest_route=\/wp\/v2\/pages\/229\/revisions\/2403"}],"up":[{"embeddable":true,"href":"https:\/\/old.oin.at\/index.php?rest_route=\/wp\/v2\/pages\/21"}],"wp:attachment":[{"href":"https:\/\/old.oin.at\/index.php?rest_route=%2Fwp%2Fv2%2Fmedia&parent=229"}],"curies":[{"name":"wp","href":"https:\/\/api.w.org\/{rel}","templated":true}]}}