{"id":226,"date":"2011-07-21T08:54:17","date_gmt":"2011-07-21T08:54:17","guid":{"rendered":"http:\/\/localhost\/wordpress\/?page_id=226"},"modified":"2015-02-23T14:21:35","modified_gmt":"2015-02-23T14:21:35","slug":"projektezarchiv-sms","status":"publish","type":"page","link":"https:\/\/old.oin.at\/?page_id=226","title":{"rendered":"Projekte_Sms"},"content":{"rendered":"<p id=\"projekte-header-small\">SMS-Sustainable Management System<\/p>\n<p>Eine Studie im Auftrag des Bundesministeriums f\u00fcr Verkehr, Innovation und Technologie (BMVIT)<\/p>\n<p><strong>Projektleitung und -bearbeitung:<\/strong> Univ.-Doz. Dr. Dietmar Kanatschnig (\u00d6IN), Georg Greutter, MBA (PE-International), DI Harald Reisinger, DI Dr. Alfred Strigl (plenum)<\/p>\n<p>Ziel des Projekts ist die Etablierung betrieblicher Managementsysteme samt dazugeh\u00f6renden Kontrollsystemen, die auf die Anforderungen \u201eNachhaltigen Wirtschaftens\u201c zielen (unter besonderer Ber\u00fccksichtigung der sozialen und \u00f6kologischen Dimension). Hierzu werden die zentralen Managementkonzepte wie Nachhaltigkeitsprogramm, Kennzahlensystem und Nachhaltigkeitsbericht zu einem konsistenten \u201eSustainable Management System\u201c (SMS) weiterentwickelt.<br \/>\nDie Umsetzung des SMS-Modells in die betriebliche Praxis wird mit verschiedenen Unternehmenspartnern realisiert. Erstmalig wird dabei in \u00d6sterreich eine webbasierte Software (SoFi) f\u00fcr Nachhaltigkeitsmanagement und \u2013berichte angepasst und erprobt.<\/p>\n<p class=\"projekt-div-header\"><img id=\"teamImages_publikationen\" title=\"Publikationen\" src=\"images_seiten\/InnerHeader_Publikationen.png\" alt=\"\" \/><\/p>\n<p>Kanatschnig, Dietmar; Greutter, Georg; Reisinger, Harald; Strigl, Alfred (2010): SMS \u2013 Sustainability Management System. Ein Handbuch zur Umsetzung von Nachhaltigkeit und CSR f\u00fcr F\u00fchrungskr\u00e4fte. BMVIT-Berichte aus Energie- und Umweltforschung 27\/2010. Wien: BMVIT.<br \/>\n<a id=\"artikeldownload\" href=\"http:\/\/www.nachhaltigwirtschaften.at\/fdz_pdf\/endbericht_1027_sms.pdf\" target=\"_blank\"><img class=\"headerImagesForPages\" title=\"link\" src=\"images\/download_arrow.png\" alt=\"\" \/>link<\/a><\/p>\n","protected":false},"excerpt":{"rendered":"<p>SMS-Sustainable Management System Eine Studie im Auftrag des Bundesministeriums f\u00fcr Verkehr, Innovation und Technologie (BMVIT) Projektleitung und -bearbeitung: Univ.-Doz. Dr. Dietmar Kanatschnig (\u00d6IN), Georg Greutter, &hellip; <br \/><a class=\"read-more\" href=\"https:\/\/old.oin.at\/?page_id=226\">Weiterlesen <span class=\"meta-nav\">&rarr;<\/span><\/a><\/p>\n","protected":false},"author":1,"featured_media":0,"parent":21,"menu_order":0,"comment_status":"closed","ping_status":"open","template":"","meta":[],"_links":{"self":[{"href":"https:\/\/old.oin.at\/index.php?rest_route=\/wp\/v2\/pages\/226"}],"collection":[{"href":"https:\/\/old.oin.at\/index.php?rest_route=\/wp\/v2\/pages"}],"about":[{"href":"https:\/\/old.oin.at\/index.php?rest_route=\/wp\/v2\/types\/page"}],"author":[{"embeddable":true,"href":"https:\/\/old.oin.at\/index.php?rest_route=\/wp\/v2\/users\/1"}],"replies":[{"embeddable":true,"href":"https:\/\/old.oin.at\/index.php?rest_route=%2Fwp%2Fv2%2Fcomments&post=226"}],"version-history":[{"count":25,"href":"https:\/\/old.oin.at\/index.php?rest_route=\/wp\/v2\/pages\/226\/revisions"}],"predecessor-version":[{"id":2396,"href":"https:\/\/old.oin.at\/index.php?rest_route=\/wp\/v2\/pages\/226\/revisions\/2396"}],"up":[{"embeddable":true,"href":"https:\/\/old.oin.at\/index.php?rest_route=\/wp\/v2\/pages\/21"}],"wp:attachment":[{"href":"https:\/\/old.oin.at\/index.php?rest_route=%2Fwp%2Fv2%2Fmedia&parent=226"}],"curies":[{"name":"wp","href":"https:\/\/api.w.org\/{rel}","templated":true}]}}