{"id":223,"date":"2011-07-20T11:29:34","date_gmt":"2011-07-20T11:29:34","guid":{"rendered":"http:\/\/localhost\/wordpress\/?page_id=223"},"modified":"2015-02-23T14:18:40","modified_gmt":"2015-02-23T14:18:40","slug":"projekte_marketpush","status":"publish","type":"page","link":"https:\/\/old.oin.at\/?page_id=223","title":{"rendered":"Projekte_MarketPush"},"content":{"rendered":"<p id=\"projekte-header-small\">Sustainable Market Push<\/p>\n<p>Eine Studie im Auftrag des Bundesministeriums f\u00fcr Verkehr, Innovation und Technologie (BMVIT); <strong>Laufzeit:<\/strong> Nov 2008 \u2013 Dez 2008<\/p>\n<p><strong>Projektleitung:<\/strong> Mag. Irma Pelikan (\u00d6IN)<\/p>\n<p><strong>Projektbearbeitung:<\/strong> Mag. Irma Pelikan, Dr. Anja Christanell (\u00d6IN)<\/p>\n<p>Neben den KonsumentInnen erkennen auch immer mehr Unternehmen die M\u00f6glichkeiten der Kommunikation \u00fcber Online-Plattformen und -Foren und nutzen sie f\u00fcr Sondierung von Marktnachfrage, Marketing ihrer Produkte sowie zum Hervorbringen von Innovationen. Ziel der Studie ist eine Bestandsaufnahme der Frage, wie durch neue Online-Medien und -Plattformen M\u00e4rkte und Nachfrage f\u00fcr nachhaltige Produkte und Technologien geschaffen werden k\u00f6nnen.<\/p>\n<p>Die Studie dient als sondierende Informations- und Kommunikationsgrundlage f\u00fcr das BMVIT mit dem Ziel, m\u00f6gliche weitere strategische Vorgehensweisen zu diesem Trend z.B. in Form von Projekten, Forschungsprogrammen, Veranstaltungen, neuen Kooperations- und Kommunikationsformen etc. zu analysieren und zu ber\u00fccksichtigen.<\/p>\n<p class=\"projekt-div-header\"><img id=\"teamImages_publikationen\" title=\"Publikationen\" src=\"images_seiten\/InnerHeader_Publikationen.png\" alt=\"\" \/><\/p>\n<p class=\"projekt-div-text\">Pelikan, Irma; Christanell, Anja (2008): Sustainable Market Push. Web 2.0 schafft nachhaltige M\u00e4rkte. Endbericht. Wien: \u00d6sterreichisches Institut f\u00fcr Nachhaltige Entwicklung.<br \/>\n<a id=\"artikeldownload\" href=\"_publikationen\/PublikationenNEU\/Forschungsberichte\/Pelikan Christanell 2008 SUSTAINABLE MARKET PUSH Endbericht.pdf\" target=\"_blank\"><img class=\"headerImagesForPages\" title=\"download\" src=\"images\/download_arrow.png\" alt=\"\" \/>download<\/a><\/p>\n","protected":false},"excerpt":{"rendered":"<p>Sustainable Market Push Eine Studie im Auftrag des Bundesministeriums f\u00fcr Verkehr, Innovation und Technologie (BMVIT); Laufzeit: Nov 2008 \u2013 Dez 2008 Projektleitung: Mag. Irma Pelikan &hellip; <br \/><a class=\"read-more\" href=\"https:\/\/old.oin.at\/?page_id=223\">Weiterlesen <span class=\"meta-nav\">&rarr;<\/span><\/a><\/p>\n","protected":false},"author":1,"featured_media":0,"parent":21,"menu_order":0,"comment_status":"closed","ping_status":"open","template":"","meta":[],"_links":{"self":[{"href":"https:\/\/old.oin.at\/index.php?rest_route=\/wp\/v2\/pages\/223"}],"collection":[{"href":"https:\/\/old.oin.at\/index.php?rest_route=\/wp\/v2\/pages"}],"about":[{"href":"https:\/\/old.oin.at\/index.php?rest_route=\/wp\/v2\/types\/page"}],"author":[{"embeddable":true,"href":"https:\/\/old.oin.at\/index.php?rest_route=\/wp\/v2\/users\/1"}],"replies":[{"embeddable":true,"href":"https:\/\/old.oin.at\/index.php?rest_route=%2Fwp%2Fv2%2Fcomments&post=223"}],"version-history":[{"count":13,"href":"https:\/\/old.oin.at\/index.php?rest_route=\/wp\/v2\/pages\/223\/revisions"}],"predecessor-version":[{"id":2393,"href":"https:\/\/old.oin.at\/index.php?rest_route=\/wp\/v2\/pages\/223\/revisions\/2393"}],"up":[{"embeddable":true,"href":"https:\/\/old.oin.at\/index.php?rest_route=\/wp\/v2\/pages\/21"}],"wp:attachment":[{"href":"https:\/\/old.oin.at\/index.php?rest_route=%2Fwp%2Fv2%2Fmedia&parent=223"}],"curies":[{"name":"wp","href":"https:\/\/api.w.org\/{rel}","templated":true}]}}