{"id":214,"date":"2011-07-20T11:27:41","date_gmt":"2011-07-20T11:27:41","guid":{"rendered":"http:\/\/localhost\/wordpress\/?page_id=214"},"modified":"2015-02-23T15:09:49","modified_gmt":"2015-02-23T15:09:49","slug":"projekte_workshopstpoelten","status":"publish","type":"page","link":"https:\/\/old.oin.at\/?page_id=214","title":{"rendered":"Projekte_WorkshopStPoelten"},"content":{"rendered":"<p id=\"projekte-header-small\">Nachhaltigkeitsworkshop Magistrat St. P\u00f6lten<\/p>\n<p>Im Auftrag des Magistrats St. P\u00f6lten; <strong>Laufzeit:<\/strong> 29. &#8211; 30. Okt 2008<\/p>\n<p><strong>Workshopleitung und -dokumentation:<\/strong> Univ.-Doz. Dr. Dietmar Kanatschnig, Dr. Anja Christanell (\u00d6IN)<\/p>\n<p>Das \u00d6IN hat vom 29.10 bis 30.10.2008 einen Nachhaltigkeitsworkshop f\u00fcr den Magistrat St. P\u00f6lten im Seminarzentrum des Rogner Bad Blumau abgehalten.<br \/>\nDer Magistrat St. P\u00f6lten hat als erster Magistrat \u00d6sterreichs einen Nachhaltigkeitsbericht erstellt und ist darin bestrebt im Sinne einer nachhaltigen Entwicklung erste Wege in Richtung Nachhaltigkeit weiter zu verfolgen, auszubauen und durch neue Schwerpunkte zu erg\u00e4nzen.<\/p>\n<p>In diesem Sinne stand die zuk\u00fcnftige Implementierung von Nachhaltigkeit im Magistrat im Zentrum des Workshops. Im Workshop wurden vier Policies von Mitarbeitern des Magistrats erarbeitet, die als Basis f\u00fcr eine weiterf\u00fchrende Ausrichtung des Magistrats auf Nachhaltigkeit und f\u00fcr die zuk\u00fcnftige Nachhaltigkeitsberichterstattung dienen. Weiters wurde zu gemeinsamen Werten gearbeitet, die die Umsetzung von Nachhaltigkeit in den n\u00e4chsten Jahren begleiten sollen sowie die Bedeutung einer erfolgreichen, internen und externen Kommunikation (neue Kommunikationsstrategien) ausf\u00fchrlich diskutiert.<\/p>\n","protected":false},"excerpt":{"rendered":"<p>Nachhaltigkeitsworkshop Magistrat St. P\u00f6lten Im Auftrag des Magistrats St. P\u00f6lten; Laufzeit: 29. &#8211; 30. Okt 2008 Workshopleitung und -dokumentation: Univ.-Doz. Dr. Dietmar Kanatschnig, Dr. Anja &hellip; <br \/><a class=\"read-more\" href=\"https:\/\/old.oin.at\/?page_id=214\">Weiterlesen <span class=\"meta-nav\">&rarr;<\/span><\/a><\/p>\n","protected":false},"author":1,"featured_media":0,"parent":21,"menu_order":0,"comment_status":"closed","ping_status":"open","template":"","meta":[],"_links":{"self":[{"href":"https:\/\/old.oin.at\/index.php?rest_route=\/wp\/v2\/pages\/214"}],"collection":[{"href":"https:\/\/old.oin.at\/index.php?rest_route=\/wp\/v2\/pages"}],"about":[{"href":"https:\/\/old.oin.at\/index.php?rest_route=\/wp\/v2\/types\/page"}],"author":[{"embeddable":true,"href":"https:\/\/old.oin.at\/index.php?rest_route=\/wp\/v2\/users\/1"}],"replies":[{"embeddable":true,"href":"https:\/\/old.oin.at\/index.php?rest_route=%2Fwp%2Fv2%2Fcomments&post=214"}],"version-history":[{"count":8,"href":"https:\/\/old.oin.at\/index.php?rest_route=\/wp\/v2\/pages\/214\/revisions"}],"predecessor-version":[{"id":2418,"href":"https:\/\/old.oin.at\/index.php?rest_route=\/wp\/v2\/pages\/214\/revisions\/2418"}],"up":[{"embeddable":true,"href":"https:\/\/old.oin.at\/index.php?rest_route=\/wp\/v2\/pages\/21"}],"wp:attachment":[{"href":"https:\/\/old.oin.at\/index.php?rest_route=%2Fwp%2Fv2%2Fmedia&parent=214"}],"curies":[{"name":"wp","href":"https:\/\/api.w.org\/{rel}","templated":true}]}}