{"id":2124,"date":"2014-06-10T11:54:39","date_gmt":"2014-06-10T11:54:39","guid":{"rendered":"http:\/\/oin.at\/?page_id=2124"},"modified":"2015-09-14T07:23:01","modified_gmt":"2015-09-14T07:23:01","slug":"projekte_autreach","status":"publish","type":"page","link":"https:\/\/old.oin.at\/?page_id=2124","title":{"rendered":"Projekte_AUTreach"},"content":{"rendered":"<p id=\"projekte-header-small\">AUTreach \u2013 Communicating climate aware behaviour to young people in Austria<\/p>\n<p>Unterst\u00fctzt durch F\u00f6rdergelder des Austrian Climate Research Program (ACRP, 6. Ausschreibung); <strong>Laufzeit:<\/strong> Mai 2014 \u2013 Apr 2016<\/p>\n<p><strong>Projektleitung:<\/strong><br \/>\nZentrum f\u00fcr Globalen Wandel und Nachhaltigkeit, Universit\u00e4t f\u00fcr Bodenkultur, Wien; Dr. Sybille Chiari<\/p>\n<p><strong>ProjektpartnerInnen:<\/strong><br \/>\n\u00d6sterreichisches Institut f\u00fcr Nachhaltige Entwicklung (\u00d6IN); Sylvia Mandl, MSc, Dr. Anja Christanell, Mag. Michaela Leitner<br \/>\nAbteilung Umweltfolgenabsch\u00e4tzung und Klimawandel, Umweltbundesamt GmbH; Mag. Sonja V\u00f6ller, Dipl.-Ing. Andrea Prutsch, Mag. Ivo Offenthaler, Dr. Jochen B\u00fcrgel<br \/>\nClimate Outreach &amp; Information Network (COIN, UK); Dr. Adam Corner<\/p>\n<p>In seinem akteursbetonten Ansatz zielt das Projekt AUTreach darauf ab die Kommunikation von Klimaschutz- und Anpassungsma\u00dfnahmen an die Zielgruppe junger Leute in \u00d6sterreich zu verbessern.<\/p>\n<p>Der Fokus des Projekts liegt einerseits in der Analyse des Klimabewusstseins in der Zielgruppe, in der Sammlung und Evaluierung ansprechender und animierender Kommunikationsformate sowie deren Verbreitung in der Klima-Community. Besondere Ber\u00fccksichtigung finden dabei ein Impact-Vergleich von positiv stimulierenden und alarmierenden Informationsformaten sowie die Frage inwiefern sich Klimaschutzaspekte stimmig gemeinsam mit Klimawandelanpassungsaspekten kommunizieren lassen.<\/p>\n<p>Zus\u00e4tzlich wird in einer Ex-Post Analyse untersucht, welche Auswirkungen ausgew\u00e4hlte Kommunikationsformate (insbesondere einschl\u00e4gige Workshops, Veranstaltungen sowie Vorlesungen) konkret auf das Klimabewusstsein und Engagement von involvierten Jugendlichen hatten.<\/p>\n<p>Die Ergebnisse werden in einer \u201cKommunikations-Toolbox\u201d allgemein verst\u00e4ndlich und anschaulich aufbereitet und in einem Stakeholder-Workshop durch VertreterInnen aus der Zielgruppe der Jugendlichen im Sinne eines Peer-to-peer-Trainings an VertreterInnen aus der \u00f6sterreichischen Klima-Community (z.B. NGOs, WissenschaftlerInnen, Lehrende, politische Entscheidungstr\u00e4gerInnen) vermittelt.<\/p>\n<p>Das Projekt baut auf Ergebnissen des ACRP-Projekts CcTalK! (Projektleitung Umweltbundesamt) auf. Die umfangreiche Sammlung von Kommunikationsformaten f\u00fcr Klimawandelanpassung sowie die erarbeiteten Erfolgskriterien f\u00fcr Klimawandel-Kommunikation bieten eine gute Grundlage. In AUTreach werden nun weitere Kommunikationsformate, die sowohl Anpassung als auch Klimaschutz thematisieren &#8211; spezifisch f\u00fcr die Zielgruppe Jugendliche \u2013 gesammelt, evaluiert und zusammengestellt.<\/p>\n<p><a id=\"vorstand_link\" href=\"http:\/\/www.autreach.boku.ac.at\" target=\"_blank\">www.autreach.boku.ac.at<\/a><\/p>\n<p class=\"projekt-div-header\"><img id=\"teamImages_publikationen\" title=\"Publikationen\" src=\"images_seiten\/InnerHeader_Publikationen.png\" alt=\"\" \/><\/p>\n<p>Mandl, Sylvia; Lessky, Franziska; Chiari, Sybille; V\u00f6ller, Sonja (2015): Klimawandel und Kommunikation. Online-Befragung von Jugendlichen. Ergebnisse aus Arbeitspaket 3 des Projektes AUTreach. Wien: \u00d6sterreichisches Institut f\u00fcr Nachhaltige Entwicklung.<\/p>\n<p>Corner, Adam; Roberts, Olga; Chiari, Sybille; V\u00f6ller, Sonja; Mayrhuber, Elisabeth; Mandl, Sylvia; Monson, Kate (2015): How do young people engage with climate change? The role of knowledge, values, message framing, and trusted communicators. Wiley Interdisciplinary Reviews: Climate Change, 2015, 6. Jg., Nr. 5, 523-534.<\/p>\n","protected":false},"excerpt":{"rendered":"<p>AUTreach \u2013 Communicating climate aware behaviour to young people in Austria Unterst\u00fctzt durch F\u00f6rdergelder des Austrian Climate Research Program (ACRP, 6. Ausschreibung); Laufzeit: Mai 2014 &hellip; <br \/><a class=\"read-more\" href=\"https:\/\/old.oin.at\/?page_id=2124\">Weiterlesen <span class=\"meta-nav\">&rarr;<\/span><\/a><\/p>\n","protected":false},"author":1,"featured_media":0,"parent":21,"menu_order":0,"comment_status":"closed","ping_status":"closed","template":"","meta":[],"_links":{"self":[{"href":"https:\/\/old.oin.at\/index.php?rest_route=\/wp\/v2\/pages\/2124"}],"collection":[{"href":"https:\/\/old.oin.at\/index.php?rest_route=\/wp\/v2\/pages"}],"about":[{"href":"https:\/\/old.oin.at\/index.php?rest_route=\/wp\/v2\/types\/page"}],"author":[{"embeddable":true,"href":"https:\/\/old.oin.at\/index.php?rest_route=\/wp\/v2\/users\/1"}],"replies":[{"embeddable":true,"href":"https:\/\/old.oin.at\/index.php?rest_route=%2Fwp%2Fv2%2Fcomments&post=2124"}],"version-history":[{"count":25,"href":"https:\/\/old.oin.at\/index.php?rest_route=\/wp\/v2\/pages\/2124\/revisions"}],"predecessor-version":[{"id":2634,"href":"https:\/\/old.oin.at\/index.php?rest_route=\/wp\/v2\/pages\/2124\/revisions\/2634"}],"up":[{"embeddable":true,"href":"https:\/\/old.oin.at\/index.php?rest_route=\/wp\/v2\/pages\/21"}],"wp:attachment":[{"href":"https:\/\/old.oin.at\/index.php?rest_route=%2Fwp%2Fv2%2Fmedia&parent=2124"}],"curies":[{"name":"wp","href":"https:\/\/api.w.org\/{rel}","templated":true}]}}