{"id":208,"date":"2011-07-20T11:26:32","date_gmt":"2011-07-20T11:26:32","guid":{"rendered":"http:\/\/localhost\/wordpress\/?page_id=208"},"modified":"2015-03-18T12:48:55","modified_gmt":"2015-03-18T12:48:55","slug":"projekte_brix","status":"publish","type":"page","link":"https:\/\/old.oin.at\/?page_id=208","title":{"rendered":"Projekte_Brix"},"content":{"rendered":"<p id=\"projekte-header-small\">BRIX \u2013 Business Resource Intensity Index: Ressourcenverbrauch von Unternehmen<\/p>\n<p>Im Rahmen der Programmlinie \u201eBRIDGE\u201c der \u00f6sterreichischen Forschungsf\u00f6rderungsgesellschaft FFG; <strong>Laufzeit:<\/strong> Mrz 2009 \u2013 Aug 2010<\/p>\n<p><strong>Projektleitung:<\/strong> Dr. Stefan Giljum (SERI)<\/p>\n<p><strong>ProjektpartnerInnen:<\/strong> Mag. DI Eva Burger (SERI), Dipl. Ing. Christopher Manstein (Faktor 10 Institut Austria), DI Harald Reisinger (plenum), Univ.Doz. Dr. Dietmar Kanatschnig (\u00d6IN), Mag. Irma Pelikan (\u00d6IN), Dipl. Ing. Katrin Bienge (Wuppertal Institut f\u00fcr Klima, Umwelt, Energie)<\/p>\n<p><strong>Link zum Projekt:<\/strong> <a href=\"http:\/\/www.brix-index.net\/index.php\">Projekthomepage<\/a><\/p>\n<p>Die ressourcenschonende Entwicklung von Unternehmen, deren Standorte und Produkte, ist ein wesentliches Handlungsfeld, um zukunftsvertr\u00e4gliche Wirtschaftsweisen zu f\u00f6rdern. Damit Unternehmen ihren eigenen Ressourcenverbrauch sichtbar machen und steuern k\u00f6nnen, entwickeln wir in enger Zusammenarbeit mit drei \u00f6sterreichischen Unternehmen (Lenzing AG, Rhomberg Bau GmbH, Gr\u00fcne Erde GmbH) einen ressourcenbasierten Index \u2013 den Business Resource Intensity Index (BRIX). Dazu werden bestehende methodische Ans\u00e4tze zur Berechnung von Ressourcenintensit\u00e4t wie das MIPS Konzept und der \u00f6kologische Fu\u00dfabdruck harmonisiert und vor dem Hintergrund der Anforderung von Richtlinien der Nachhaltigkeitsberichterstattung sowie der praktischen Verwertung seitens der Unternehmen ein neues Indikatorenset erstellt. F\u00fcr die Unternehmen wird eine computergest\u00fctzte Anwendung zur selbst\u00e4ndigen Berechnung des BRIX programmiert. Mit diesem Programm soll den Unternehmen ein objektives Instrument in die Hand gegeben werden, um den Ressourcenverbrauch und die Ressourceneffizienz ihrer Standorte und ihrer Produkte genau absch\u00e4tzen und intern verbessern zu k\u00f6nnen sowie extern der \u00d6ffentlichkeit ihr Engagement vereinfacht zu kommunizieren.<\/p>\n<p class=\"projekt-div-header\"><img id=\"teamImages_publikationen\" title=\"Publikationen\" src=\"images_seiten\/InnerHeader_Publikationen.png\" alt=\"\" \/><\/p>\n<p class=\"projekt-div-text\">BRIX-Publikationen unter folgendem Link<br \/>\n<a id=\"artikeldownload\" href=\"http:\/\/www.brix-index.net\/publikationen-nachhaltigkeit.php\" target=\"_blank\"><img class=\"headerImagesForPages\" title=\"download\" src=\"images\/download_arrow.png\" alt=\"\" \/>link<\/a><\/p>\n","protected":false},"excerpt":{"rendered":"<p>BRIX \u2013 Business Resource Intensity Index: Ressourcenverbrauch von Unternehmen Im Rahmen der Programmlinie \u201eBRIDGE\u201c der \u00f6sterreichischen Forschungsf\u00f6rderungsgesellschaft FFG; Laufzeit: Mrz 2009 \u2013 Aug 2010 Projektleitung: &hellip; <br \/><a class=\"read-more\" href=\"https:\/\/old.oin.at\/?page_id=208\">Weiterlesen <span class=\"meta-nav\">&rarr;<\/span><\/a><\/p>\n","protected":false},"author":1,"featured_media":0,"parent":21,"menu_order":0,"comment_status":"closed","ping_status":"open","template":"","meta":[],"_links":{"self":[{"href":"https:\/\/old.oin.at\/index.php?rest_route=\/wp\/v2\/pages\/208"}],"collection":[{"href":"https:\/\/old.oin.at\/index.php?rest_route=\/wp\/v2\/pages"}],"about":[{"href":"https:\/\/old.oin.at\/index.php?rest_route=\/wp\/v2\/types\/page"}],"author":[{"embeddable":true,"href":"https:\/\/old.oin.at\/index.php?rest_route=\/wp\/v2\/users\/1"}],"replies":[{"embeddable":true,"href":"https:\/\/old.oin.at\/index.php?rest_route=%2Fwp%2Fv2%2Fcomments&post=208"}],"version-history":[{"count":27,"href":"https:\/\/old.oin.at\/index.php?rest_route=\/wp\/v2\/pages\/208\/revisions"}],"predecessor-version":[{"id":589,"href":"https:\/\/old.oin.at\/index.php?rest_route=\/wp\/v2\/pages\/208\/revisions\/589"}],"up":[{"embeddable":true,"href":"https:\/\/old.oin.at\/index.php?rest_route=\/wp\/v2\/pages\/21"}],"wp:attachment":[{"href":"https:\/\/old.oin.at\/index.php?rest_route=%2Fwp%2Fv2%2Fmedia&parent=208"}],"curies":[{"name":"wp","href":"https:\/\/api.w.org\/{rel}","templated":true}]}}