{"id":205,"date":"2011-07-20T11:25:57","date_gmt":"2011-07-20T11:25:57","guid":{"rendered":"http:\/\/localhost\/wordpress\/?page_id=205"},"modified":"2015-04-07T11:17:26","modified_gmt":"2015-04-07T11:17:26","slug":"projekte_transitionsusdev","status":"publish","type":"page","link":"https:\/\/old.oin.at\/?page_id=205","title":{"rendered":"Projekte_TransitionSusDev"},"content":{"rendered":"<p id=\"projekte-header-small\">Transition to Sustainable Development <\/p>\n<p>Eine Studie im Auftrag des Lebensministeriums; <strong>Laufzeit:<\/strong> Dez 2008 \u2013 Apr 2009<\/p>\n<p><strong>Projektleitung:<\/strong> Univ.-Doz. Dr. Dietmar Kanatschnig (\u00d6IN)<\/p>\n<p><strong>Projektbearbeitung:<\/strong> Mag. Irma Pelikan, Univ.-Doz. Dr. Dietmar Kanatschnig (\u00d6IN)<\/p>\n<p>Transition bezeichnet die fundamentale Ver\u00e4nderung unseres Denkens und Handelns auf gesamtgesellschaftlichem Niveau, die in der Struktur (gesamter institutioneller Rahmen), der Kultur (dominante Perspektive) und der Arbeitsweise (Routine, Regeln, Praktiken) des gesellschaftlichen Gesamtsystems und\/oder seiner Teile stattfindet. Bei der Beeinflussung von hartn\u00e4ckigen gesellschaftlichen Problemen geht es nicht um die vollkommene Kontrolle und Beherrschung des Transitionsprozesses, sondern vielmehr um einen gemeinsamen explorativ- und entwurforientierten Such- und Lernprozess f\u00fcr langfristige und nachhaltige L\u00f6sungen. Dieser gesellschaftliche Innovationsprozess mit seinen Systeminnovationen und gesellschaftlichen Transformationen bedarf geeigneter sozialer, \u00f6konomischer und kultureller Rahmenbedingungen, Anreiz- und Koordinationsmechanismen und gezielter politischer Impulse. Transition-Management ist ein politisches Steuerungsinstrument, das von Komplexit\u00e4t und Unsicherheit eines Systems ausgeht und als koevolution\u00e4res Steuern bezeichnet wird.<\/p>\n<p>Von der Grundintention her ist Transition-Management mit der neuen EU-Strategie durchaus vereinbar. Auch etliche der angef\u00fchrten &#8222;Leitprinzipien der Politik&#8220; sind Kernelemente des Transition-Managements, beispielsweise die offene und demokratische Gesellschaft, die Beteiligung der B\u00fcrgerinnen und B\u00fcrger sowie die Beteiligung der Unternehmen und Sozialpartner. Gleichzeitig ist das Politikinstrument des Transition-Managements in der erneuerten EU-Strategie aber nicht explizit erw\u00e4hnt. Anhand von Literaturauswertung, Internetrecherche und ExpertInneninterviews wird in einer Grundlagenrecherche \u00fcberpr\u00fcft, wie weit die erneuerte EU-Strategie f\u00fcr nachhaltige Entwicklung und das Instrument des TM kompatibel sind. Die Themenfelder i) \u00dcbergang in eine nachhaltige Gesellschaft als Transitionsprozess, ii) Stand des Transition-Managements in Forschung und Praxis sowie iii) Schnittstellen der erneuerten EU-Strategie f\u00fcr Nachhaltige Entwicklung zum Transition-Management werden analysiert und aufbereitet. Damit werden Ansatzpunkte und Empfehlungen zur Integration von Transition-Management in die erneuerte EU-Strategie erarbeitet.<\/p>\n<p class=\"projekt-div-header\"><img id=\"teamImages_publikationen\" title=\"Publikationen\" src=\"images_seiten\/InnerHeader_Publikationen.png\" alt=\"\" \/><\/p>\n<p class=\"projekt-div-text\">Kanatschnig, Dietmar; Pelikan, Irma (2009): Transition to Sustainable Development. Ist Transition-Management als neues Politikinstrument mit der erneuerten EU-Strategie f\u00fcr Nachhaltige Entwicklung vereinbar? Endbericht. Wien: \u00d6sterreichisches Institut f\u00fcr Nachhaltige Entwicklung.<br \/>\n<a id=\"artikeldownload\" href=\"_publikationen\/PublikationenNEU\/Forschungsberichte\/Kanatschnig Pelikan 2009 TRANSITION SUSTAINABLE DEVELOPMENT Endbericht.pdf\" target=\"_blank\"><img class=\"headerImagesForPages\" title=\"download\" src=\"images\/download_arrow.png\" alt=\"\" \/>download<\/a><\/p>\n<p>Kanatschnig, Dietmar; Pelikan, Irma (2010): Transitionmanagement in Theorie und Praxis. In: Steurer, Reinhard; Trattnigg, Rita (Hg.), Nachhaltigkeit regieren. Eine Bilanz zu Governance-Prinzipien und -Praktiken. M\u00fcnchen: oekom, 75-97.<br \/>\n<a id=\"artikeldownload\" href=\"http:\/\/www.oekom.de\/nc\/buecher\/gesamtprogramm\/buch\/nachhaltigkeit-regieren.html\" target=\"_blank\"><img class=\"headerImagesForPages\" title=\"download\" src=\"images\/download_arrow.png\" alt=\"\" \/>link<\/a><\/p><\/p>\n","protected":false},"excerpt":{"rendered":"<p>Transition to Sustainable Development Eine Studie im Auftrag des Lebensministeriums; Laufzeit: Dez 2008 \u2013 Apr 2009 Projektleitung: Univ.-Doz. Dr. Dietmar Kanatschnig (\u00d6IN) Projektbearbeitung: Mag. Irma &hellip; <br \/><a class=\"read-more\" href=\"https:\/\/old.oin.at\/?page_id=205\">Weiterlesen <span class=\"meta-nav\">&rarr;<\/span><\/a><\/p>\n","protected":false},"author":1,"featured_media":0,"parent":21,"menu_order":0,"comment_status":"closed","ping_status":"open","template":"","meta":[],"_links":{"self":[{"href":"https:\/\/old.oin.at\/index.php?rest_route=\/wp\/v2\/pages\/205"}],"collection":[{"href":"https:\/\/old.oin.at\/index.php?rest_route=\/wp\/v2\/pages"}],"about":[{"href":"https:\/\/old.oin.at\/index.php?rest_route=\/wp\/v2\/types\/page"}],"author":[{"embeddable":true,"href":"https:\/\/old.oin.at\/index.php?rest_route=\/wp\/v2\/users\/1"}],"replies":[{"embeddable":true,"href":"https:\/\/old.oin.at\/index.php?rest_route=%2Fwp%2Fv2%2Fcomments&post=205"}],"version-history":[{"count":17,"href":"https:\/\/old.oin.at\/index.php?rest_route=\/wp\/v2\/pages\/205\/revisions"}],"predecessor-version":[{"id":2548,"href":"https:\/\/old.oin.at\/index.php?rest_route=\/wp\/v2\/pages\/205\/revisions\/2548"}],"up":[{"embeddable":true,"href":"https:\/\/old.oin.at\/index.php?rest_route=\/wp\/v2\/pages\/21"}],"wp:attachment":[{"href":"https:\/\/old.oin.at\/index.php?rest_route=%2Fwp%2Fv2%2Fmedia&parent=205"}],"curies":[{"name":"wp","href":"https:\/\/api.w.org\/{rel}","templated":true}]}}