{"id":202,"date":"2011-07-20T11:25:07","date_gmt":"2011-07-20T11:25:07","guid":{"rendered":"http:\/\/localhost\/wordpress\/?page_id=202"},"modified":"2015-02-23T15:03:18","modified_gmt":"2015-02-23T15:03:18","slug":"projekte_nachhaltigerkonsum","status":"publish","type":"page","link":"https:\/\/old.oin.at\/?page_id=202","title":{"rendered":"Projekte_NachhaltigerKonsum"},"content":{"rendered":"<p id=\"projekte-header-small\">Nachhaltiger Konsum und gesellschaftliche Lebensrealit\u00e4ten<\/p>\n<p>Eine Studie im Auftrag des Lebensministeriums; <strong>Laufzeit:<\/strong> Dez 2008 \u2013 Dez 2009<\/p>\n<p><strong>Projektleitung und -bearbeitung:<\/strong> Dr. Anja Christanell (\u00d6IN)<\/p>\n<p>Es ist f\u00fcr die Nachhaltigkeitspolitik von entscheidender Bedeutung zu verstehen, wie Konsummuster in einer Gesellschaft gepr\u00e4gt und geformt werden und wie durch gesellschaftliche Ver\u00e4nderungen oder pers\u00f6nliche, individuelle Ver\u00e4nderungen tradierte Konsummuster aufgebrochen werden und R\u00e4ume f\u00fcr neue (nachhaltige) Konsumhandlungen geschaffen werden k\u00f6nnen.<\/p>\n<p>Eine gezielte F\u00f6rderung nachhaltiger Konsummuster ist vor allem dann erfolgreich, wenn sie gesellschaftliche Realit\u00e4ten und Entwicklungen anerkennt und an diese anschlie\u00dft. Die Heterogenit\u00e4t einer Gesellschaft anerkennend ist es wichtig nicht nur einen Weg zum nachhaltigen Konsum vorzuschreiben bzw. zu propagieren, sondern zielgruppenspezifische Kommunikationsstrategien und nachhaltige Konsumwege zu entwickeln, die den unterschiedlichen Lebenswelten, Lebensphasen und Handlungs-spielr\u00e4umen von KonsumentInnen gerecht werden.<\/p>\n<p>Die Studie analysiert bereits vorhandenes Wissen zu Konsummustern, Trends im Konsumverhalten und untersucht dar\u00fcber hinaus, wie und wann in einer Gesellschaft Ver\u00e4nderungen von Konsumgewohnheiten stattfinden. Auf Basis dieses Wissens werden Kommunikationsstrategien erarbeitet, die den Bed\u00fcrfnissen und Anspr\u00fcchen von KonsumentInnen entgegenkommen. Die Studie liefert somit einen wichtigen wissenschaftlichen Beitrag zum Politikfeld des Nachhaltigen Konsums. <\/p>\n<p class=\"projekt-div-header\"><img id=\"teamImages_publikationen\" title=\"Publikationen\" src=\"images_seiten\/InnerHeader_Publikationen.png\" alt=\"\" \/><\/p>\n<p class=\"projekt-div-text\">Christanell, Anja (2009): Nachhaltiger Konsum und gesellschaftliche Lebensrealit\u00e4ten. Ans\u00e4tze zur F\u00f6rderung nachhaltiger Konsummuster unter besonderer Ber\u00fccksichtigung soziokultureller Einfl\u00fcsse, gesellschaftlicher Trends und Kommunikationsstrategien. Endbericht. Wien: \u00d6sterreichisches Institut f\u00fcr Nachhaltige Entwicklung.<br \/>\n<a id=\"artikeldownload\" href=\"_publikationen\/PublikationenNEU\/Forschungsberichte\/Christanell 2009 NH KONSUM Endbericht.pdf\" target=\"_blank\"><img class=\"headerImagesForPages\" title=\"download\" src=\"images\/download_arrow.png\" alt=\"\" \/>download<\/a><\/p>\n","protected":false},"excerpt":{"rendered":"<p>Nachhaltiger Konsum und gesellschaftliche Lebensrealit\u00e4ten Eine Studie im Auftrag des Lebensministeriums; Laufzeit: Dez 2008 \u2013 Dez 2009 Projektleitung und -bearbeitung: Dr. Anja Christanell (\u00d6IN) Es &hellip; <br \/><a class=\"read-more\" href=\"https:\/\/old.oin.at\/?page_id=202\">Weiterlesen <span class=\"meta-nav\">&rarr;<\/span><\/a><\/p>\n","protected":false},"author":1,"featured_media":0,"parent":21,"menu_order":0,"comment_status":"closed","ping_status":"open","template":"","meta":[],"_links":{"self":[{"href":"https:\/\/old.oin.at\/index.php?rest_route=\/wp\/v2\/pages\/202"}],"collection":[{"href":"https:\/\/old.oin.at\/index.php?rest_route=\/wp\/v2\/pages"}],"about":[{"href":"https:\/\/old.oin.at\/index.php?rest_route=\/wp\/v2\/types\/page"}],"author":[{"embeddable":true,"href":"https:\/\/old.oin.at\/index.php?rest_route=\/wp\/v2\/users\/1"}],"replies":[{"embeddable":true,"href":"https:\/\/old.oin.at\/index.php?rest_route=%2Fwp%2Fv2%2Fcomments&post=202"}],"version-history":[{"count":16,"href":"https:\/\/old.oin.at\/index.php?rest_route=\/wp\/v2\/pages\/202\/revisions"}],"predecessor-version":[{"id":2414,"href":"https:\/\/old.oin.at\/index.php?rest_route=\/wp\/v2\/pages\/202\/revisions\/2414"}],"up":[{"embeddable":true,"href":"https:\/\/old.oin.at\/index.php?rest_route=\/wp\/v2\/pages\/21"}],"wp:attachment":[{"href":"https:\/\/old.oin.at\/index.php?rest_route=%2Fwp%2Fv2%2Fmedia&parent=202"}],"curies":[{"name":"wp","href":"https:\/\/api.w.org\/{rel}","templated":true}]}}