{"id":199,"date":"2011-07-20T11:24:27","date_gmt":"2011-07-20T11:24:27","guid":{"rendered":"http:\/\/localhost\/wordpress\/?page_id=199"},"modified":"2015-03-18T11:21:32","modified_gmt":"2015-03-18T11:21:32","slug":"projekte_mylife","status":"publish","type":"page","link":"https:\/\/old.oin.at\/?page_id=199","title":{"rendered":"Projekte_MyLife"},"content":{"rendered":"<p id=\"projekte-header-small\">MY LIFE \u2013 MY STYLE \u2013 MY FUTURE<br \/>Nachhaltige Lebensstile und jugendliche Lebenswirklichkeiten<\/p>\n<p>Im Rahmen der Programmlinie &#8222;Sparkling Science&#8220; (BMWF);<br \/>\n<strong>Laufzeit:<\/strong> Sep 2009 \u2013 Feb 2011 <\/p>\n<p><strong>Projektleitung:<\/strong> Dr. Anja Christanell (\u00d6IN)<\/p>\n<p><strong>Projektbearbeitung:<\/strong> Mag. Irma Pelikan, Mag. Michaela Leitner, Dr. Anja Christanell (\u00d6IN)<\/p>\n<p><strong>Wissenschaftliche Kooperationspartner:<\/strong> Wirtschaftsuniversit\u00e4t Wien, Institut f\u00fcr Soziologie und empirische Sozialforschung, Wien; Verein f\u00fcr Innovation-Bildung-Forschung IBF, Wien <\/p>\n<p><strong>Beteiligte Schulen:<\/strong> BRG Marchettigasse, Wien; AHS Rahlgasse, Wien<\/p>\n<p><strong>Links zum Projekt<\/strong>: <a href=\"http:\/\/www.sparklingscience.at\/de\/projekte\/277-my-life-my-style-my-future\/?&#038;lang=de&#038;page=projects&#038;sub=277-my-life-my-style-my-future&#038;detail=\" target=\"_blank\">Projektbeschreibung<\/a>, <a href=\"http:\/\/www.sparklingscience.at\/blog\/index.php\/277-my-life-my-style-my-future\/\" target=\"_blank\">Blog<\/a>, <a href=\"http:\/\/www.facebook.com\/album.php?aid=181814&#038;id=186020631831&#038;ref=mf\" target=\"_blank\">Facebook<\/a>, <a href=\"http:\/\/www.sparklingscience.at\/de\/projekte\/277-my-life-my-style-my-future\/news\" target=\"_blank\">Presse<\/a><\/p>\n<p>Im Projekt \u201eMY LIFE \u2013 MY STYLE \u2013 MY FUTURE\u201d untersuchen Sch\u00fclerInnen zweier 6. Klassen der Wiener Schulen AHS Rahlgasse und BRG Marchettigasse ihre eigenen Lebensstile und die Lebensstile anderer Jugendlicher an ihren Schulen. Sie erforschen, was im \u00f6ffentlichen Diskurs und in der Nachhaltigkeitsforschung unter nachhaltigen Lebensstilen verstanden wird und pr\u00fcfen ihre eigenen Lebensstile auf deren Zukunftsf\u00e4higkeit. Dar\u00fcber hinaus schaffen die Jugendlichen auf Basis der eigenen Forschungsergebnisse Handlungsfelder, in denen sie ihre Lebensstile nachhaltiger gestalten, und kommunizieren ihre Erkenntnisse mit ihren eigenen Ausdrucksmitteln an Sch\u00fclerInnen ihres Alters, an die wissenschaftliche Gemeinschaft und \u00fcber Web 2.0 Medien an die \u00d6ffentlichkeit. <\/p>\n<p>Die theoretischen Grundlagen f\u00fcr das Projekt bilden aktuelle sozialwissenschaftliche Forschungserkenntnisse zu nachhaltigen Lebensstilen und zielgruppenspezifischer Nachhaltigkeitskommunikation. Das Projekt basiert zum Gro\u00dfteil auf Methoden der empirischen Sozialforschung (Fragebogenentwicklung, Datenerhebung und -auswertung, Fokusgruppen, Gruppendiskussionen, Mind Mapping, Tagebuchf\u00fchrung, teilnehmende Beobachtung, Literatur- und Medienrecherchen, etc.) und zu einem kleineren Teil auf \u00f6kologischen Methoden (\u00d6kologischer Fu\u00dfabdruck, Carbon Footprint) in einem interdisziplin\u00e4ren thematischen Kontext. Die Methoden werden in Abstimmung mit den Sch\u00fclerInnen und LehrerInnen an den Unterricht angepasst und weiterentwickelt. Die jugendlichen ForscherInnen erheben empirische Daten und k\u00f6nnen zugleich praktische Ver\u00e4nderungen in ihrem sozialen Umfeld bewirken. Das Projekt liefert wichtige Erkenntnisse zu jugendlichen Lebensstilen und der Relevanz von Nachhaltigkeit f\u00fcr jugendliche Lebenswirklichkeiten. Es zeigt auf, in welchen Handlungsfeldern Jugendliche soziale und \u00f6kologische Verantwortung \u00fcbernehmen wollen und welche neuen Symbole, Bilder, Medien die Nachhaltigkeitskommunikation braucht, wenn sie Jugendliche erreichen will.<\/p>\n<p>Ziele des Projektes: <\/p>\n<p>\u2022 Das Erforschen des eigenen Lebensstils bzw. der Lebensstile anderer Jugendlicher und der Ausdruckmittel (Sprache, Musik, stilrelevante Produkte, Konsum von neuen Medien, Technologien etc.), \u00fcber die Jugendliche ihre Lebensstile kommunizieren.<br \/>\n\u2022 Das Aneignen von Wissen \u00fcber nachhaltige Lebensstile, die Bewusstseinsschaffung f\u00fcr die Relevanz von Nachhaltigkeit f\u00fcr die eigene Zukunft, sowie das Verkn\u00fcpfen von Nachhaltigkeitsanspr\u00fcchen mit der eigenen Lebenswirklichkeit.<br \/>\n\u2022 Das Schaffen von Handlungsfeldern durch die jugendlichen ForscherInnen, in denen Lebensstile von Jugendlichen nachhaltiger gestaltet werden sowie die Kommunikation dieser Handlungsfelder in eigenen, altersgerechten Ausdrucksformen und \u00fcber neue Medien.<\/p>\n<p class=\"projekt-div-header\"><img id=\"teamImages_publikationen\" title=\"Publikationen\" src=\"images_seiten\/InnerHeader_Publikationen.png\" alt=\"\" \/><\/p>\n<p class=\"projekt-div-text\">\nBertsch, Christian; Christanell, Anja; Leitner, Michaela (2012): Bridging the Gap between Research and Science Education \u2013 Potentials and Challenges of authentic inquiry in Research-Education-Collaborations. Proceedings der ESERA Conference 2011, 5.-9.09.2011, Lyon, Frankreich. <a id=\"artikeldownload\" href=\"http:\/\/oin.at\/_publikationen\/PublikationenNEU\/Fachartikel\/Bridging%20the%20Gap%20between%20Research%20and%20Science%20Education_ESERA%20Proceeding%20%283%29.pdf\" target=\"_blank\"><img class=\"headerImagesForPages\" title=\"download\" src=\"images\/download_arrow.png\" alt=\"\" \/>download<\/a><\/p>\n<p>Leitner, Michaela; Christanell, Anja; Bertsch, Christian; Brunner, Karl-Michael (2011): my life \u2013 my style \u2013 my future. Nachhaltige Lebensstile und jugendliche Lebenswirklichkeiten. Endbericht. Wien: \u00d6sterreichisches Institut f\u00fcr Nachhaltige Entwicklung.<br \/>\n<a id=\"artikeldownload\" href=\"_publikationen\/PublikationenNEU\/Forschungsberichte\/Leitner Christanell Bertsch Brunner 2011 MY LIFE Endbericht.pdf\" target=\"_blank\"><img class=\"headerImagesForPages\" title=\"download\" src=\"images\/download_arrow.png\" alt=\"\" \/>download<\/a><br \/>\n<br \/>\nLeitner, Michaela (2011): Jugendliche Lebensstile und Nachhaltigkeit. \u00d6sterreichische Zeitschrift f\u00fcr Soziologie, Heft 36, 2011, 109-119.<br \/>\n<a id=\"artikeldownload\" href=\"http:\/\/link.springer.com\/article\/10.1007\/s11614-011-0036-9\" target=\"_blank\"><img class=\"headerImagesForPages\" title=\"download\" src=\"images\/download_arrow.png\" alt=\"\" \/>link<\/a><\/p>\n","protected":false},"excerpt":{"rendered":"<p>MY LIFE \u2013 MY STYLE \u2013 MY FUTURENachhaltige Lebensstile und jugendliche Lebenswirklichkeiten Im Rahmen der Programmlinie &#8222;Sparkling Science&#8220; (BMWF); Laufzeit: Sep 2009 \u2013 Feb 2011 &hellip; <br \/><a class=\"read-more\" href=\"https:\/\/old.oin.at\/?page_id=199\">Weiterlesen <span class=\"meta-nav\">&rarr;<\/span><\/a><\/p>\n","protected":false},"author":1,"featured_media":0,"parent":21,"menu_order":0,"comment_status":"closed","ping_status":"open","template":"","meta":[],"_links":{"self":[{"href":"https:\/\/old.oin.at\/index.php?rest_route=\/wp\/v2\/pages\/199"}],"collection":[{"href":"https:\/\/old.oin.at\/index.php?rest_route=\/wp\/v2\/pages"}],"about":[{"href":"https:\/\/old.oin.at\/index.php?rest_route=\/wp\/v2\/types\/page"}],"author":[{"embeddable":true,"href":"https:\/\/old.oin.at\/index.php?rest_route=\/wp\/v2\/users\/1"}],"replies":[{"embeddable":true,"href":"https:\/\/old.oin.at\/index.php?rest_route=%2Fwp%2Fv2%2Fcomments&post=199"}],"version-history":[{"count":27,"href":"https:\/\/old.oin.at\/index.php?rest_route=\/wp\/v2\/pages\/199\/revisions"}],"predecessor-version":[{"id":2507,"href":"https:\/\/old.oin.at\/index.php?rest_route=\/wp\/v2\/pages\/199\/revisions\/2507"}],"up":[{"embeddable":true,"href":"https:\/\/old.oin.at\/index.php?rest_route=\/wp\/v2\/pages\/21"}],"wp:attachment":[{"href":"https:\/\/old.oin.at\/index.php?rest_route=%2Fwp%2Fv2%2Fmedia&parent=199"}],"curies":[{"name":"wp","href":"https:\/\/api.w.org\/{rel}","templated":true}]}}