{"id":196,"date":"2011-07-20T11:22:43","date_gmt":"2011-07-20T11:22:43","guid":{"rendered":"http:\/\/localhost\/wordpress\/?page_id=196"},"modified":"2015-04-07T11:16:05","modified_gmt":"2015-04-07T11:16:05","slug":"projekte_ableyouth","status":"publish","type":"page","link":"https:\/\/old.oin.at\/?page_id=196","title":{"rendered":"Projekte_AbleYouth"},"content":{"rendered":"<p id=\"projekte-header-small\">SustainABLE energy YOUTHers \u2013 Forschend aktiv werden f\u00fcr einen nachhaltigeren Energieverbrauch<\/p>\n<div id=\"projekt-div\">\n<img class=\"projekt_logo\" title=\"logo_ableyouth\" src=\"_publikationen\/projekt_logos\/UN Dekaden Logo.jpg\" alt=\"\" \/>\n<\/div>\n<p>Eine Studie im Rahmen der Programmlinie &#8222;Sparkling Science&#8220; (BMWF); <strong>Laufzeit:<\/strong> Sep 2010 &#8211; Sep 2012<\/p>\n<p>Ausgezeichnet als offizielles UN-Dekadenprojekt (durch die \u00d6sterreichische UNESCO-Kommission)<\/p>\n<p><strong>Projektleitung:<\/strong> Dr. Anja Christanell (\u00d6IN)<\/p>\n<p><strong>Projektbearbeitung:<\/strong> Mag. Michaela Leitner, Dr. Anja Christanell, Mag. Markus Spitzer (\u00d6IN)<\/p>\n<p><strong>ProjektpartnerInnen:<\/strong><br \/>\n<a href=\"http:\/\/www.phwien.ac.at\/index.php?id=822\" target=\"_blank\">P\u00e4dagogische Hochschule Wien, Institut f\u00fcr Forschung, Innovation und Schulentwicklung IFIS<\/a>;<br \/>\n<a href=\"http:\/\/www.wu.ac.at\/sozio\/institut\" target=\"_blank\">Wirtschaftsuniversit\u00e4t Wien, Institut f\u00fcr Soziologie und empirische Sozialforschung<\/a><\/p>\n<p><strong>Beteiligte Schulen:<\/strong> <a href=\"http:\/\/www.ahs-rahlgasse.at\/\" target=\"_blank\">BG\/BRG Rahlgasse, Wien<\/a>; <a href=\"http:\/\/www.szu.at\/\" target=\"_blank\">HAK Schulzentrum Ungargasse, Wien<\/a><\/p>\n<p>Links zum Projekt auf der Sparkling Science Website: <a href=\"http:\/\/www.sparklingscience.at\/de\/projekte\/412-able-youth\/\" target=\"_blank\">Projektbeschreibung<\/a>;  <a href=\"http:\/\/www.sparklingscience.at\/blog\/index.php\/412-able-youth\/\" target=\"_blank\">Blog<\/a><\/p>\n<p>Im Projekt werden der Energieverbrauch, das Energiewissen und die Energieverbrauchsgewohnheiten im Haushaltssektor untersucht und M\u00f6glichkeiten zur Energieverbrauchsreduktion durch Verhaltens\u00e4nderungen unter Aussch\u00f6pfung von vorhandenen technischen M\u00f6glichkeiten in den Familien der Sch\u00fclerInnen erarbeitet. Sch\u00fclerInnen erforschen die Energieverbrauchsgewohnheiten in den eigenen Familien, machen Energieverbrauch sichtbar, erarbeiten Energieberatungskonzepte, generieren Energiesparwissen und kontrollieren die Einsparerfolge ihrer Energieberatungen.<\/p>\n<p class=\"projekt-div-header\"><img id=\"teamImages_publikationen\" title=\"Publikationen\" src=\"images_seiten\/InnerHeader_Publikationen.png\" alt=\"\" \/><\/p>\n<p class=\"projekt-div-text\">\n<p>Leitner, Michaela; Bertsch, Christian; Brunner, Karl-Michael; Zuccato-Doutlik, Marlies (2012): Energiearmut in \u00d6sterreich: Sch\u00fclerInnen erforschen und ver\u00e4ndern den Energiekonsum ihrer Familien. GW Unterricht 128, 2012, 10-17.<br \/>\n<a id=\"artikeldownload\" href=\"http:\/\/www.gw-unterricht.at\/index.php\/onlineausgaben\/category\/19-gwu-128\" target=\"_blank\"><img class=\"headerImagesForPages\" title=\"link\" src=\"images\/download_arrow.png\" alt=\"\" \/>link<\/a><\/p>\n<p>Leitner, Michaela; Christanell, Anja; Bertsch, Christian; Wojczewski, Silvia; Brunner, Karl-Michael (2012): able youth. Forschend aktiv werden f\u00fcr einen nachhaltigeren Energieverbrauch. Endbericht. Wien: \u00d6sterreichisches Institut f\u00fcr Nachhaltige Entwicklung.<br \/>\n<a id=\"artikeldownload\" href=\"_publikationen\/PublikationenNEU\/Forschungsberichte\/Leitner Christanell Bertsch Wojczewski Brunner 2012 ABLE YOUTH Endbericht.pdf\" target=\"_blank\"><img class=\"headerImagesForPages\" title=\"download\" src=\"images\/download_arrow.png\" alt=\"\" \/>download<\/a><\/p>\n<p>Bertsch, Christian; Leitner, Michaela; Christanell, Anja (2012): Inquiry in Education for Sustainable Development \u2013 Research on energy consumption including students as research partners. Proceedings der Fibonacci Project 2nd European Conference, 26.-27.04.2012, Leicester, UK.<br \/>\n<a id=\"artikeldownload\" href=\"http:\/\/fibonacci.uni-bayreuth.de\/resources\/events\/leicester-conference-2012\/informal-proceedings.html\" target=\"_blank\"><img class=\"headerImagesForPages\" title=\"link\" src=\"images\/download_arrow.png\" alt=\"\" \/>link<\/a><\/p>\n<p>Bertsch, Christian; Christanell, Anja (2012): Wissenschaft ruft Schule. Potentiale, Faktoren und Hindernisse erfolgreicher Forschungs-Bildungs-Kooperationen. In: Fridrich, Christian; Gr\u00f6ssing, Helga; Heissenberger, Margit (Hg.), Forschungsperspektiven 4. Reihe der P\u00e4dagogischen Hochschule Wien. Wien: LIT Verlag. <a id=\"artikeldownload\" href=\"http:\/\/oin.at\/_publikationen\/PublikationenNEU\/Fachartikel\/BertschChristanell_WissenschaftRuftSchule_endversion.pdf\" target=\"_blank\"><img class=\"headerImagesForPages\" title=\"download\" src=\"images\/download_arrow.png\" alt=\"\" \/>download<\/a><\/p>\n<p>Bertsch, Christian; Christanell, Anja; Leitner, Michaela (2012): Bridging the Gap between Research and Science Education \u2013 Potentials and Challenges of authentic inquiry in Research-Education-Collaborations. Proceedings der ESERA Conference 2011, 5.-9.09.2011, Lyon, Frankreich. <a id=\"artikeldownload\" href=\"http:\/\/oin.at\/_publikationen\/PublikationenNEU\/Fachartikel\/Bridging%20the%20Gap%20between%20Research%20and%20Science%20Education_ESERA%20Proceeding%20%283%29.pdf\" target=\"_blank\"><img class=\"headerImagesForPages\" title=\"download\" src=\"images\/download_arrow.png\" alt=\"\" \/>download<\/a><\/p>\n<p>Christanell, Anja (2011): able youth. Forschend aktiv werden f\u00fcr einen nachhaltigeren Energieverbrauch. Zwischenbericht. Wien: \u00d6sterreichisches Institut f\u00fcr Nachhaltige Entwicklung.<br \/>\n<a id=\"artikeldownload\" href=\"_publikationen\/PublikationenNEU\/Forschungsberichte\/Christanell 2011 ABLE YOUTH Zwischenbericht.pdf\" target=\"_blank\"><img class=\"headerImagesForPages\" title=\"download\" src=\"images\/download_arrow.png\" alt=\"\" \/>download<\/a><\/p>\n","protected":false},"excerpt":{"rendered":"<p>SustainABLE energy YOUTHers \u2013 Forschend aktiv werden f\u00fcr einen nachhaltigeren Energieverbrauch Eine Studie im Rahmen der Programmlinie &#8222;Sparkling Science&#8220; (BMWF); Laufzeit: Sep 2010 &#8211; Sep &hellip; <br \/><a class=\"read-more\" href=\"https:\/\/old.oin.at\/?page_id=196\">Weiterlesen <span class=\"meta-nav\">&rarr;<\/span><\/a><\/p>\n","protected":false},"author":1,"featured_media":0,"parent":21,"menu_order":0,"comment_status":"closed","ping_status":"open","template":"","meta":[],"_links":{"self":[{"href":"https:\/\/old.oin.at\/index.php?rest_route=\/wp\/v2\/pages\/196"}],"collection":[{"href":"https:\/\/old.oin.at\/index.php?rest_route=\/wp\/v2\/pages"}],"about":[{"href":"https:\/\/old.oin.at\/index.php?rest_route=\/wp\/v2\/types\/page"}],"author":[{"embeddable":true,"href":"https:\/\/old.oin.at\/index.php?rest_route=\/wp\/v2\/users\/1"}],"replies":[{"embeddable":true,"href":"https:\/\/old.oin.at\/index.php?rest_route=%2Fwp%2Fv2%2Fcomments&post=196"}],"version-history":[{"count":59,"href":"https:\/\/old.oin.at\/index.php?rest_route=\/wp\/v2\/pages\/196\/revisions"}],"predecessor-version":[{"id":2547,"href":"https:\/\/old.oin.at\/index.php?rest_route=\/wp\/v2\/pages\/196\/revisions\/2547"}],"up":[{"embeddable":true,"href":"https:\/\/old.oin.at\/index.php?rest_route=\/wp\/v2\/pages\/21"}],"wp:attachment":[{"href":"https:\/\/old.oin.at\/index.php?rest_route=%2Fwp%2Fv2%2Fmedia&parent=196"}],"curies":[{"name":"wp","href":"https:\/\/api.w.org\/{rel}","templated":true}]}}