{"id":177,"date":"2011-07-20T10:57:25","date_gmt":"2011-07-20T10:57:25","guid":{"rendered":"http:\/\/localhost\/wordpress\/?page_id=177"},"modified":"2016-10-10T12:35:29","modified_gmt":"2016-10-10T12:35:29","slug":"markus-spitzer","status":"publish","type":"page","link":"https:\/\/old.oin.at\/?page_id=177","title":{"rendered":"Sylvia Mandl"},"content":{"rendered":"<p>&nbsp;<\/p>\n<table id=\"team-table\">\n<tbody>\n<tr>\n<td class=\"first\"><img loading=\"lazy\" class=\"teamImages\" title=\"Sylvia Mandl\" src=\"images_seiten\/team_mandl.jpg\" alt=\"\" width=\"150\" height=\"175\" \/><\/td>\n<td class=\"second\"><img class=\"teamImages_Schriftzug2\" title=\"Sylvia Mandl\" src=\"images_seiten\/team_mandl_2.png\" alt=\"\" \/><\/p>\n<div id=\"teamContact\">in Bildungskarenz\n<\/div>\n<\/td>\n<\/tr>\n<\/tbody>\n<\/table>\n<div id=\"team-vitae2\">Masterstudium der Sozio\u00f6konomie an der Wirtschaftsuniversit\u00e4t Wien bis 2012, MSc; Bachelorstudium der Volkswirtschaft &amp; Sozio\u00f6konomie an der Wirtschaftsuniversit\u00e4t Wien sowie an der J\u00f6nk\u00f6ping Business University\/Schweden; seit 2014 Projektleiterin am \u00d6IN, seit 2012 wissenschaftliche Mitarbeiterin am \u00d6IN. Schwerpunkte am \u00d6IN: Forschung zu Energiearmut, Nachhaltiges Wohnen, Leben und Arbeiten, Klimawandelkommunikation. Spezialisierung in qualitativer und quantitativer Sozialforschung, komplexe Verfahren, Kommunikation und Medien; Lehrt\u00e4tigkeit an der Wirtschaftsuniversit\u00e4t Wien seit 2013. Bis Oktober 2017 in Bildungskarenz.<\/p>\n<\/div>\n","protected":false},"excerpt":{"rendered":"<p>&nbsp; in Bildungskarenz Masterstudium der Sozio\u00f6konomie an der Wirtschaftsuniversit\u00e4t Wien bis 2012, MSc; Bachelorstudium der Volkswirtschaft &amp; Sozio\u00f6konomie an der Wirtschaftsuniversit\u00e4t Wien sowie an der &hellip; <br \/><a class=\"read-more\" href=\"https:\/\/old.oin.at\/?page_id=177\">Weiterlesen <span class=\"meta-nav\">&rarr;<\/span><\/a><\/p>\n","protected":false},"author":1,"featured_media":0,"parent":15,"menu_order":0,"comment_status":"closed","ping_status":"open","template":"","meta":[],"_links":{"self":[{"href":"https:\/\/old.oin.at\/index.php?rest_route=\/wp\/v2\/pages\/177"}],"collection":[{"href":"https:\/\/old.oin.at\/index.php?rest_route=\/wp\/v2\/pages"}],"about":[{"href":"https:\/\/old.oin.at\/index.php?rest_route=\/wp\/v2\/types\/page"}],"author":[{"embeddable":true,"href":"https:\/\/old.oin.at\/index.php?rest_route=\/wp\/v2\/users\/1"}],"replies":[{"embeddable":true,"href":"https:\/\/old.oin.at\/index.php?rest_route=%2Fwp%2Fv2%2Fcomments&post=177"}],"version-history":[{"count":64,"href":"https:\/\/old.oin.at\/index.php?rest_route=\/wp\/v2\/pages\/177\/revisions"}],"predecessor-version":[{"id":2900,"href":"https:\/\/old.oin.at\/index.php?rest_route=\/wp\/v2\/pages\/177\/revisions\/2900"}],"up":[{"embeddable":true,"href":"https:\/\/old.oin.at\/index.php?rest_route=\/wp\/v2\/pages\/15"}],"wp:attachment":[{"href":"https:\/\/old.oin.at\/index.php?rest_route=%2Fwp%2Fv2%2Fmedia&parent=177"}],"curies":[{"name":"wp","href":"https:\/\/api.w.org\/{rel}","templated":true}]}}