{"id":17,"date":"2011-07-11T09:30:29","date_gmt":"2011-07-11T09:30:29","guid":{"rendered":"http:\/\/localhost\/wordpress\/?page_id=17"},"modified":"2020-04-09T12:42:04","modified_gmt":"2020-04-09T10:42:04","slug":"vorstand","status":"publish","type":"page","link":"https:\/\/old.oin.at\/?page_id=17","title":{"rendered":"Vorstand"},"content":{"rendered":"<p><img class=\"headerImagesForPages\" title=\"Wir \u00fcber uns\" src=\"images_seiten\/SeitenHeader_strategisch.motivieren.png\" alt=\"\" width=\"400\" \/><br \/>\nDas \u00d6IN wurde im Jahre 1995 als gemeinn\u00fctziger Wissenschaftsverein mit Sitz an der Universit\u00e4t f\u00fcr Bodenkultur Wien gegr\u00fcndet. Eine Gruppe engagierter Wissenschafter*innen verschiedener \u00f6sterreichischer Universit\u00e4ten und mehrerer au\u00dferuniversit\u00e4rer Forschungseinrichtungen hat sich zusammengeschlossen, um in enger Kooperation mit der Praxis jene Voraussetzungen zu schaffen, die f\u00fcr eine Umsetzung des Konzeptes der Nachhaltigen Entwicklung erforderlich sind. Dementsprechend ist die Arbeit am \u00d6IN praxisorientiert, transdisziplin\u00e4r sowie international.<\/p>\n<p>Das \u00d6IN ist als Forschungsinstitut mit wissenschaftlichen Mitarbeiter*innen in eines der\u00a0 gr\u00f6\u00dften Nachhaltigkeitsforscher*innen-Netzwerke im deutschsprachigen Raum eingebettet. Kern dieses Netzwerks stellen die im \u00d6IN-Vorstand vertretenen Wissenschaftler*innen dar.<\/p>\n<div id=\"vorstand-header-big\">Vorstand des \u00d6IN<\/div>\n<p>(Stand: M\u00e4rz 2020)<\/p>\n<p id=\"vorstand-header\">Direktor:<\/p>\n<p>Univ.-Lektor DI Dr. Alfred Strigl<br \/>\nFachdisziplin: Biotechnologie<br \/>\n<a id=\"vorstand_link\" href=\"http:\/\/www.plenum.at\" target=\"_blank\" rel=\"noopener noreferrer\">plenum gesellschaft f\u00fcr ganzheitlich nachhaltige entwicklung gmbH, Wien<\/a><br \/>\n<a id=\"vorstand_link\" href=\"http:\/\/www.oin.at\" target=\"_blank\" rel=\"noopener noreferrer\">\u00d6sterreichisches Institut f\u00fcr Nachhaltige Entwicklung, Wien<\/a><\/p>\n<p id=\"vorstand-header\">Direktor-Stellverteterin:<\/p>\n<p>Dr. Iris Kunze<br \/>\nFachdisziplin: Geographie und Soziologie<br \/>\n<span style=\"color: #33cccc;\"><a id=\"vorstand_link\" href=\"https:\/\/www.ifis-freiburg.de\/de\/home\" target=\"_blank\" rel=\"noopener noreferrer\">Institut f\u00fcr Integrative Studien (IFIS), Freiburg i.B.<\/a><\/span><\/p>\n<p id=\"vorstand-header\">Schriftf\u00fchrer:<\/p>\n<p>Mag.art Emmerich Weissenberger<br \/>\nFachdisziplin: Malerie, Aktionskunst und Entwicklungsforschung<br \/>\n<a id=\"vorstand_link\" href=\"http:\/\/emmerichweissenberger.blogspot.com\/\" target=\"_blank\" rel=\"noopener noreferrer\">Emmerich Weissenberger Blogspot<\/a><\/p>\n<p id=\"vorstand-header\">Kassier:<\/p>\n<p>Heinz Sares<br \/>\nFachdisziplin: Wirtschaftswissenschaften<br \/>\n<a id=\"vorstand_link\" href=\"http:\/\/sares.at\/\" target=\"_blank\" rel=\"noopener noreferrer\">Der PROFESSIR<\/a><\/p>\n<p id=\"vorstand-header\">Beisitzer*innen:<\/p>\n<p>Univ.-Prof. DI Dr. Marianne Penker<br \/>\nFachdisziplin: Land- und Forstwirtschaft, Regionalentwicklung<br \/>\n<a id=\"vorstand_link\" href=\"https:\/\/forschung.boku.ac.at\/fis\/suchen.person_uebersicht?sprache_in=de&amp;menue_id_in=101&amp;id_in=3726\" target=\"_blank\" rel=\"noopener noreferrer\">Institut f\u00fcr Nachhaltige Wirtschaftsentwicklung, Universit\u00e4t f\u00fcr Bodenkultur Wien<\/a><\/p>\n<p>DI Erwin Schwarzm\u00fcller<br \/>\nFachdisziplin: Architektur<br \/>\n<a id=\"vorstand_link\" href=\"https:\/\/www.holzbauaustria.at\/news\/2019\/05\/strohgescheit_.html\" target=\"_blank\" rel=\"noopener noreferrer\">Erwin Schwarm\u00fcller, Holzbau Austria<\/a><\/p>\n<p id=\"vorstand-header\">Rechnungspr\u00fcfer*innen:<\/p>\n<p>Prof. Dr. Gerald Dick<\/p>\n<p>Dr. Fritz Hinterberger<\/p>\n","protected":false},"excerpt":{"rendered":"<p>Das \u00d6IN wurde im Jahre 1995 als gemeinn\u00fctziger Wissenschaftsverein mit Sitz an der Universit\u00e4t f\u00fcr Bodenkultur Wien gegr\u00fcndet. Eine Gruppe engagierter Wissenschafter*innen verschiedener \u00f6sterreichischer Universit\u00e4ten &hellip; <br \/><a class=\"read-more\" href=\"https:\/\/old.oin.at\/?page_id=17\">Weiterlesen <span class=\"meta-nav\">&rarr;<\/span><\/a><\/p>\n","protected":false},"author":1,"featured_media":1670,"parent":8,"menu_order":0,"comment_status":"open","ping_status":"open","template":"","meta":[],"_links":{"self":[{"href":"https:\/\/old.oin.at\/index.php?rest_route=\/wp\/v2\/pages\/17"}],"collection":[{"href":"https:\/\/old.oin.at\/index.php?rest_route=\/wp\/v2\/pages"}],"about":[{"href":"https:\/\/old.oin.at\/index.php?rest_route=\/wp\/v2\/types\/page"}],"author":[{"embeddable":true,"href":"https:\/\/old.oin.at\/index.php?rest_route=\/wp\/v2\/users\/1"}],"replies":[{"embeddable":true,"href":"https:\/\/old.oin.at\/index.php?rest_route=%2Fwp%2Fv2%2Fcomments&post=17"}],"version-history":[{"count":105,"href":"https:\/\/old.oin.at\/index.php?rest_route=\/wp\/v2\/pages\/17\/revisions"}],"predecessor-version":[{"id":3248,"href":"https:\/\/old.oin.at\/index.php?rest_route=\/wp\/v2\/pages\/17\/revisions\/3248"}],"up":[{"embeddable":true,"href":"https:\/\/old.oin.at\/index.php?rest_route=\/wp\/v2\/pages\/8"}],"wp:featuredmedia":[{"embeddable":true,"href":"https:\/\/old.oin.at\/index.php?rest_route=\/wp\/v2\/media\/1670"}],"wp:attachment":[{"href":"https:\/\/old.oin.at\/index.php?rest_route=%2Fwp%2Fv2%2Fmedia&parent=17"}],"curies":[{"name":"wp","href":"https:\/\/api.w.org\/{rel}","templated":true}]}}