{"id":1434,"date":"2012-10-11T09:31:34","date_gmt":"2012-10-11T09:31:34","guid":{"rendered":"http:\/\/oin.at\/?page_id=1434"},"modified":"2015-12-21T11:03:16","modified_gmt":"2015-12-21T11:03:16","slug":"projekte_nh-wohnen","status":"publish","type":"page","link":"https:\/\/old.oin.at\/?page_id=1434","title":{"rendered":"Projekte_nachhaltiges Wohnen"},"content":{"rendered":"<p id=\"projekte-header-small\">Nachhaltiges Wohnen und Arbeiten in einem Wohnprojekt: eine komparative praxistheoretische Analyse<\/p>\n<p>Unterst\u00fctzt durch F\u00f6rdergelder des Jubil\u00e4umsfonds der \u00d6sterreichischen Nationalbank; <strong>Laufzeit:<\/strong> Okt 2012 \u2013 Okt 2015<\/p>\n<p><strong>Projektleitung:<\/strong> Univ. Doz. Dr. Beate Littig (IHS)<\/p>\n<p><strong>Projektbearbeitung:<\/strong> Mag. Michaela Leitner, Sylvia Mandl, MSc (\u00d6IN)<\/p>\n<p>In dieser Studie eines gemeinschaftlichen Wohnprojekts in Wien wird die Nachhaltigkeit verschiedener Praktiken im Wohnbereich im Rahmen einer Vorher-Nachher-Erhebung anhand quantitativer und qualitativer Methoden untersucht.<\/p>\n<p>Wie ver\u00e4ndern sich Praktiken des Wohnens und (unbezahlten) Arbeitens generell und in Bezug auf ihre \u00f6kologische und soziale Nachhaltigkeit mit dem Einzug in ein Wohnprojekt?<\/p>\n<p>Welche Kontexte, Prozesse und Ressourcen sind f\u00fcr die Aufrechterhaltung der neuen Praktiken notwendig oder auch hinderlich?<\/p>\n<p>Die Studie betrachtet die individuellen und gemeinschaftlichen Arrangements nachhaltigkeitsrelevanter Praktiken der (zuk\u00fcnftigen) BewohnerInnen, wobei insbesondere Praktiken der unbezahlten Versorgungs- und Gemeinschaftsarbeit betrachtet werden.<\/p>\n<p>Am Beispiel eines Wohnprojekts soll eine m\u00f6gliche Antwort auf die Frage gefunden werden, wie Praktiken (nachhaltig) ver\u00e4ndert werden k\u00f6nnen \u2013 und zwar im Rahmen eines bewusst gestalteten und voraussetzungsreichen Settings.<\/p>\n<p class=\"projekt-div-header\"><img id=\"teamImages_publikationen\" title=\"Publikationen\" src=\"images_seiten\/InnerHeader_Publikationen.png\" alt=\"\" \/><\/p>\n<p>Littig, Beate; Leitner, Michaela (2015): Combining methods in practice oriented research. A multi-method case study on sustainable cohousing. In: Jonas, Michael; Lassnigg, Lorenz; Littig, Beate; Wroblewski, Angela (Hg.), Practice Oriented Theories and Their Methodologies. Dordrecht: Springer. (im Erscheinen)<\/p>\n<p>Leitner, Michaela; Littig, Beate (2015): Doing sustainability in a Viennese Cohousing project. A praxeological case study. In: Lorek, Sylvia; Backhaus, Julia (Hg.), \u2018Beyond\u2019 Transition? Understanding and Achieving Sustainable Consumption through Social Innovation. Proceedings des SCORAI Europe Workshop, 17.11.2015, Wien. Sustainable Consumption Transitions Series, Heft 5, 58-76.<\/p>\n<p>Leitner, Michaela; Markut, Theresia; Mandl, Sylvia; Beate, Littig (2015): Nachhaltiges Wohnen und Arbeiten in einem Wohnprojekt. Eine komparative praxistheoretische Analyse. Endbericht. Wien: \u00d6sterreichisches Institut f\u00fcr Nachhaltige Entwicklung.<br \/>\n<a id=\"artikeldownload\" href=\"http:\/\/oin.at\/_publikationen\/PublikationenNEU\/Forschungsberichte\/Endbericht_NachhaltigesWohnenUndArbeiten.pdf\" target=\"_blank\"><img class=\"headerImagesForPages\" title=\"download\" src=\"images\/download_arrow.png\" alt=\"\" \/>Download<\/a><\/p>\n<p>Leitner, Michaela; Markut, Theresia; Mandl, Sylvia (2013): Nachhaltiges Wohnen und Arbeiten in einem Wohnprojekt: eine komparative praxistheoretische Analyse. Zwischenbericht. Wien: \u00d6sterreichisches Institut f\u00fcr Nachhaltige Entwicklung.<\/p>\n","protected":false},"excerpt":{"rendered":"<p>Nachhaltiges Wohnen und Arbeiten in einem Wohnprojekt: eine komparative praxistheoretische Analyse Unterst\u00fctzt durch F\u00f6rdergelder des Jubil\u00e4umsfonds der \u00d6sterreichischen Nationalbank; Laufzeit: Okt 2012 \u2013 Okt 2015 &hellip; <br \/><a class=\"read-more\" href=\"https:\/\/old.oin.at\/?page_id=1434\">Weiterlesen <span class=\"meta-nav\">&rarr;<\/span><\/a><\/p>\n","protected":false},"author":1,"featured_media":0,"parent":21,"menu_order":0,"comment_status":"closed","ping_status":"open","template":"","meta":[],"_links":{"self":[{"href":"https:\/\/old.oin.at\/index.php?rest_route=\/wp\/v2\/pages\/1434"}],"collection":[{"href":"https:\/\/old.oin.at\/index.php?rest_route=\/wp\/v2\/pages"}],"about":[{"href":"https:\/\/old.oin.at\/index.php?rest_route=\/wp\/v2\/types\/page"}],"author":[{"embeddable":true,"href":"https:\/\/old.oin.at\/index.php?rest_route=\/wp\/v2\/users\/1"}],"replies":[{"embeddable":true,"href":"https:\/\/old.oin.at\/index.php?rest_route=%2Fwp%2Fv2%2Fcomments&post=1434"}],"version-history":[{"count":48,"href":"https:\/\/old.oin.at\/index.php?rest_route=\/wp\/v2\/pages\/1434\/revisions"}],"predecessor-version":[{"id":1556,"href":"https:\/\/old.oin.at\/index.php?rest_route=\/wp\/v2\/pages\/1434\/revisions\/1556"}],"up":[{"embeddable":true,"href":"https:\/\/old.oin.at\/index.php?rest_route=\/wp\/v2\/pages\/21"}],"wp:attachment":[{"href":"https:\/\/old.oin.at\/index.php?rest_route=%2Fwp%2Fv2%2Fmedia&parent=1434"}],"curies":[{"name":"wp","href":"https:\/\/api.w.org\/{rel}","templated":true}]}}