{"id":1316,"date":"2012-07-29T11:31:57","date_gmt":"2012-07-29T11:31:57","guid":{"rendered":"http:\/\/oin.at\/?page_id=1316"},"modified":"2015-03-18T10:02:18","modified_gmt":"2015-03-18T10:02:18","slug":"boku-kooperation","status":"publish","type":"page","link":"https:\/\/old.oin.at\/?page_id=1316","title":{"rendered":"Boku Kooperation"},"content":{"rendered":"<p><img class=\"headerImagesForPages\" title=\"Wir \u00fcber uns\" src=\"images_seiten\/SeitenHeader_impulse_geben.png\" alt=\"\" width=\"400\" \/><\/p>\n<p><strong>Kooperation BOKU &#8211; \u00d6IN<\/strong><\/p>\n<p>Auf der Basis eines Kooperationsvertrages arbeiten das \u00d6sterreichische Institut f\u00fcr Nachhaltige Entwicklung (\u00d6IN) und die Universit\u00e4t f\u00fcr Bodenkultur \u2013 koordiniert durch das Zentrum f\u00fcr Globalen Wandel und Nachhaltigkeit (gW\/N) \u2013 zusammen mit dem Ziel, die gesellschaftsbezogene Nachhaltigkeitsforschung im universit\u00e4ren Bereich insgesamt und auf der Universit\u00e4t f\u00fcr Bodenkultur im speziellen weiterzuentwickeln und auszubauen.<\/p>\n<p>Mehr Informationen \u00fcber das Zentrum f\u00fcr Globalen Wandel und Nachhaltigkeit: <a class=\"vitae\" href=\"http:\/\/www.boku.ac.at\/gwn.html\" target=\"_blank\">http:\/\/www.boku.ac.at\/gwn.html<\/a><\/p>\n","protected":false},"excerpt":{"rendered":"<p>Kooperation BOKU &#8211; \u00d6IN Auf der Basis eines Kooperationsvertrages arbeiten das \u00d6sterreichische Institut f\u00fcr Nachhaltige Entwicklung (\u00d6IN) und die Universit\u00e4t f\u00fcr Bodenkultur \u2013 koordiniert durch &hellip; <br \/><a class=\"read-more\" href=\"https:\/\/old.oin.at\/?page_id=1316\">Weiterlesen <span class=\"meta-nav\">&rarr;<\/span><\/a><\/p>\n","protected":false},"author":1,"featured_media":0,"parent":8,"menu_order":0,"comment_status":"closed","ping_status":"open","template":"","meta":[],"_links":{"self":[{"href":"https:\/\/old.oin.at\/index.php?rest_route=\/wp\/v2\/pages\/1316"}],"collection":[{"href":"https:\/\/old.oin.at\/index.php?rest_route=\/wp\/v2\/pages"}],"about":[{"href":"https:\/\/old.oin.at\/index.php?rest_route=\/wp\/v2\/types\/page"}],"author":[{"embeddable":true,"href":"https:\/\/old.oin.at\/index.php?rest_route=\/wp\/v2\/users\/1"}],"replies":[{"embeddable":true,"href":"https:\/\/old.oin.at\/index.php?rest_route=%2Fwp%2Fv2%2Fcomments&post=1316"}],"version-history":[{"count":16,"href":"https:\/\/old.oin.at\/index.php?rest_route=\/wp\/v2\/pages\/1316\/revisions"}],"predecessor-version":[{"id":2484,"href":"https:\/\/old.oin.at\/index.php?rest_route=\/wp\/v2\/pages\/1316\/revisions\/2484"}],"up":[{"embeddable":true,"href":"https:\/\/old.oin.at\/index.php?rest_route=\/wp\/v2\/pages\/8"}],"wp:attachment":[{"href":"https:\/\/old.oin.at\/index.php?rest_route=%2Fwp%2Fv2%2Fmedia&parent=1316"}],"curies":[{"name":"wp","href":"https:\/\/api.w.org\/{rel}","templated":true}]}}