{"id":13,"date":"2011-07-11T09:28:43","date_gmt":"2011-07-11T09:28:43","guid":{"rendered":"http:\/\/localhost\/wordpress\/?page_id=13"},"modified":"2018-11-30T10:48:01","modified_gmt":"2018-11-30T09:48:01","slug":"forschung","status":"publish","type":"page","link":"https:\/\/old.oin.at\/?page_id=13","title":{"rendered":"Forschung"},"content":{"rendered":"<p><img class=\"headerImagesForPages\" title=\"Wir \u00fcber uns\" src=\"images_seiten\/SeitenHeader_Zus.querdenken.png\" alt=\"\" width=\"400\" \/><\/p>\n<p>&nbsp;<\/p>\n<p><strong>Wir forschen um zu ver\u00e4ndern<\/strong> \u2013 transdisziplin\u00e4r und methodisch vielf\u00e4ltig. Als ForscherInnen verfolgen wir das Ziel Praktiken in Alltag, Zivilgesellschaft, Politik und Wirtschaft zu verstehen und nachhaltiger zu gestalten. Dabei stellen wir den Menschen in den Mittelpunkt und betrachten das Gesamtbild aus unterschiedlichen Perspektiven. Wir zeigen Handlungsbedarf auf und erf\u00fcllen Visionen mit Leben. Gemeinsam mit unseren ProjektpartnerInnen setzen wir dadurch Impulse f\u00fcr mehr soziale und \u00f6kologische Gerechtigkeit. Das bereitet uns Freude: <strong>wirksam forschen<\/strong>.<\/p>\n<p><strong>Wir verbinden<\/strong> in unseren Forschungsprojekten Wissenschaft mit gesellschaftlicher Verantwortung, Menschen aus unterschiedlichen Lebens- und Arbeitsfeldern sowie Theorie mit Praxis und Handeln mit Visionen.<\/p>\n","protected":false},"excerpt":{"rendered":"<p>&nbsp; Wir forschen um zu ver\u00e4ndern \u2013 transdisziplin\u00e4r und methodisch vielf\u00e4ltig. Als ForscherInnen verfolgen wir das Ziel Praktiken in Alltag, Zivilgesellschaft, Politik und Wirtschaft zu &hellip; <br \/><a class=\"read-more\" href=\"https:\/\/old.oin.at\/?page_id=13\">Weiterlesen <span class=\"meta-nav\">&rarr;<\/span><\/a><\/p>\n","protected":false},"author":1,"featured_media":0,"parent":8,"menu_order":0,"comment_status":"open","ping_status":"open","template":"","meta":[],"_links":{"self":[{"href":"https:\/\/old.oin.at\/index.php?rest_route=\/wp\/v2\/pages\/13"}],"collection":[{"href":"https:\/\/old.oin.at\/index.php?rest_route=\/wp\/v2\/pages"}],"about":[{"href":"https:\/\/old.oin.at\/index.php?rest_route=\/wp\/v2\/types\/page"}],"author":[{"embeddable":true,"href":"https:\/\/old.oin.at\/index.php?rest_route=\/wp\/v2\/users\/1"}],"replies":[{"embeddable":true,"href":"https:\/\/old.oin.at\/index.php?rest_route=%2Fwp%2Fv2%2Fcomments&post=13"}],"version-history":[{"count":25,"href":"https:\/\/old.oin.at\/index.php?rest_route=\/wp\/v2\/pages\/13\/revisions"}],"predecessor-version":[{"id":3218,"href":"https:\/\/old.oin.at\/index.php?rest_route=\/wp\/v2\/pages\/13\/revisions\/3218"}],"up":[{"embeddable":true,"href":"https:\/\/old.oin.at\/index.php?rest_route=\/wp\/v2\/pages\/8"}],"wp:attachment":[{"href":"https:\/\/old.oin.at\/index.php?rest_route=%2Fwp%2Fv2%2Fmedia&parent=13"}],"curies":[{"name":"wp","href":"https:\/\/api.w.org\/{rel}","templated":true}]}}