{"id":11,"date":"2011-07-11T09:28:02","date_gmt":"2011-07-11T09:28:02","guid":{"rendered":"http:\/\/localhost\/wordpress\/?page_id=11"},"modified":"2012-11-27T13:59:03","modified_gmt":"2012-11-27T13:59:03","slug":"vision","status":"publish","type":"page","link":"https:\/\/old.oin.at\/?page_id=11","title":{"rendered":"Vision"},"content":{"rendered":"<p><img class=\"headerImagesForPages\" title=\"Wir \u00fcber uns\" src=\"images_seiten\/SeitenHeader_nachhaltigveraendern.png\" alt=\"\" width=\"400\" \/><br \/>\nWir forschen und leisten Pionierarbeit in der Umsetzung von Nachhaltigkeit. Dabei verbinden wir Wissenschaft und Praxis. Das \u00d6sterreichische Institut f\u00fcr Nachhaltige Entwicklung (\u00d6IN) setzt sich f\u00fcr eine Gesellschaft ein, in der Menschen so leben und wirtschaften, dass die Lebensqualit\u00e4t dauerhaft und weltweit gerecht f\u00fcr diese und die n\u00e4chsten Generationen erhalten wird. Wir gehen davon aus, dass die Lebensqualit\u00e4t der Menschen im Wesentlichen auf drei ineinander verschr\u00e4nkten Systemen beruht:<br \/>\n<img loading=\"lazy\" class=\"size-full wp-image-408 aligncenter\" style=\"margin-top: 5px; margin-bottom: 5px;\" title=\"wirueberuns_vision\" src=\"images_seiten\/wirueberuns_vision.jpg\" alt=\"\" width=\"239\" height=\"131\" \/>Zukunftsf\u00e4higkeit muss in allen drei Bereichen gew\u00e4hrleistet sein &#8211; eines ist durch das andere nicht substituierbar. <\/p>\n<p>Die Vision des \u00d6IN beschreibt eine Gesellschaft, in der die Wechselwirkungen zwischen Umwelt, Wirtschaft und sozialen Aspekten ganzheitlich anerkannt und ber\u00fccksichtigt werden. Ein harmonischer Ausgleich zwischen den drei Systemebenen der Nachhaltigkeit wird daher nicht Aufgabe von SpezialistInnen sein, sondern wir alle werden daf\u00fcr Verantwortung tragen &#8211; und zwar genau dort, wo wir leben und wirken. Nachhaltigkeit ist f\u00fcr uns ein gleicherma\u00dfen lokales, regionales, nationales und globales Konzept.<\/p>\n","protected":false},"excerpt":{"rendered":"<p>Wir forschen und leisten Pionierarbeit in der Umsetzung von Nachhaltigkeit. Dabei verbinden wir Wissenschaft und Praxis. Das \u00d6sterreichische Institut f\u00fcr Nachhaltige Entwicklung (\u00d6IN) setzt sich &hellip; <br \/><a class=\"read-more\" href=\"https:\/\/old.oin.at\/?page_id=11\">Weiterlesen <span class=\"meta-nav\">&rarr;<\/span><\/a><\/p>\n","protected":false},"author":1,"featured_media":0,"parent":8,"menu_order":0,"comment_status":"open","ping_status":"open","template":"","meta":[],"_links":{"self":[{"href":"https:\/\/old.oin.at\/index.php?rest_route=\/wp\/v2\/pages\/11"}],"collection":[{"href":"https:\/\/old.oin.at\/index.php?rest_route=\/wp\/v2\/pages"}],"about":[{"href":"https:\/\/old.oin.at\/index.php?rest_route=\/wp\/v2\/types\/page"}],"author":[{"embeddable":true,"href":"https:\/\/old.oin.at\/index.php?rest_route=\/wp\/v2\/users\/1"}],"replies":[{"embeddable":true,"href":"https:\/\/old.oin.at\/index.php?rest_route=%2Fwp%2Fv2%2Fcomments&post=11"}],"version-history":[{"count":28,"href":"https:\/\/old.oin.at\/index.php?rest_route=\/wp\/v2\/pages\/11\/revisions"}],"predecessor-version":[{"id":410,"href":"https:\/\/old.oin.at\/index.php?rest_route=\/wp\/v2\/pages\/11\/revisions\/410"}],"up":[{"embeddable":true,"href":"https:\/\/old.oin.at\/index.php?rest_route=\/wp\/v2\/pages\/8"}],"wp:attachment":[{"href":"https:\/\/old.oin.at\/index.php?rest_route=%2Fwp%2Fv2%2Fmedia&parent=11"}],"curies":[{"name":"wp","href":"https:\/\/api.w.org\/{rel}","templated":true}]}}